{"id":993,"date":"2024-05-29T08:05:36","date_gmt":"2024-05-29T08:05:36","guid":{"rendered":"https:\/\/www.mousegluetraps.top\/shop\/hotel-eletronico-assassino-de-insetos-bug-zapper-fly-trap-anti-mosquito-lampada-eletrica-assassina-de-mosquitos\/"},"modified":"2024-05-29T08:05:36","modified_gmt":"2024-05-29T08:05:36","slug":"hotel-eletronico-matador-de-insetos-bug-zapper-fly-trap-anti-mosquito-eletrico-matador-de-mosquitos-lampada","status":"publish","type":"product","link":"https:\/\/www.mousegluetraps.top\/pt-pt\/shop\/hotel-eletronico-matador-de-insetos-bug-zapper-fly-trap-anti-mosquito-eletrico-matador-de-mosquitos-lampada\/","title":{"rendered":"Hotel Eletr\u00f4nico Assassino de Insetos Bug Zapper Fly Trap Anti-mosquito L\u00e2mpada El\u00e9trica Assassina de Mosquitos"},"content":{"rendered":"<p><strong>Ultrass\u00f4nico repelente de insetos luz noturna plugin repelente de pragas \u00e1caros rejeitar anti-mosquito l\u00e2mpada el\u00e9trica assassino do mosquito para o beb\u00ea<\/strong><\/p>\n<p>Caracter\u00edstica: Descart\u00e1vel, Sustent\u00e1vel, Estocado<br \/>\nTipo de praga: p\u00e1ssaros, ratos, cobras, carrapatos<br \/>\n\u00c1rea Aplic\u00e1vel: 400-600 \u33a1, 600-800 \u33a1, &gt;800 \u33a1<br \/>\nTempo utilizado: 300 horas, 480 horas<br \/>\nProduto: repelente de insetos<br \/>\nUso: Controle de animais, limpeza, controle de insetos, casa e per\u00edmetro<br \/>\nEmbalagem: 14*9cm<br \/>\nFragr\u00e2ncia: Nenhuma<br \/>\nFonte de alimenta\u00e7\u00e3o: TIPO-C<br \/>\nUso: repelir animais selvagens<br \/>\nTipo inteligente: eletr\u00f4nico<br \/>\nAplica\u00e7\u00e3o: Escrit\u00f3rio, Sala de Estar, Interior<br \/>\nTemporada: Ver\u00e3o<br \/>\nNome do produto: l\u00e2mpada el\u00e9trica para matar mosquitos<br \/>\nFun\u00e7\u00e3o: repelente de mosquitos<br \/>\nMaterial: ABS<br \/>\nCor: branco cinza rosa<br \/>\nTamanho: 14*9cm<br \/>\nPot\u00eancia nominal: 5w<br \/>\nMOQ: 100pcs<br \/>\nFonte de luz: l\u00e2mpada uv<br \/>\nExiste uma bateria embutida: Bateria<br \/>\nPagamento: T\/T, Western Union, Paypal, etc.<br \/>\nRemessa: Por mar, por via a\u00e9rea, por FEDEX, UPS, DHL, etc.<\/p>\n","protected":false},"excerpt":{"rendered":"<p><a href=\"https:\/\/api.whatsapp.com\/send?phone=008613976116176\" rel=\"nofollow\"><img loading=\"lazy\" decoding=\"async\" class=\"aligncenter size-full wp-image-318\" src=\"https:\/\/www.mousegluetraps.top\/wp-content\/uploads\/2022\/05\/whatsapp-tous-300x93.png\" alt=\"Entre em contato direto conosco pelo Whatsapp\" width=\"300\" height=\"93\"><\/a><br \/>\n[ninja_form id=\"1\"]<\/p>\n","protected":false},"featured_media":981,"template":"","meta":{"_seopress_robots_primary_cat":"","_seopress_titles_title":"","_seopress_titles_desc":"","_seopress_robots_index":""},"product_brand":[],"product_cat":[129],"product_tag":[133],"class_list":{"0":"post-993","1":"product","2":"type-product","3":"status-publish","4":"has-post-thumbnail","6":"product_cat-controle-de-pragas","7":"product_tag-armadilha-para-mosca","9":"first","10":"instock","11":"shipping-taxable","12":"product-type-simple"},"_links":{"self":[{"href":"https:\/\/www.mousegluetraps.top\/pt-pt\/wp-json\/wp\/v2\/product\/993","targetHints":{"allow":["GET"]}}],"collection":[{"href":"https:\/\/www.mousegluetraps.top\/pt-pt\/wp-json\/wp\/v2\/product"}],"about":[{"href":"https:\/\/www.mousegluetraps.top\/pt-pt\/wp-json\/wp\/v2\/types\/product"}],"wp:featuredmedia":[{"embeddable":true,"href":"https:\/\/www.mousegluetraps.top\/pt-pt\/wp-json\/wp\/v2\/media\/981"}],"wp:attachment":[{"href":"https:\/\/www.mousegluetraps.top\/pt-pt\/wp-json\/wp\/v2\/media?parent=993"}],"wp:term":[{"taxonomy":"product_brand","embeddable":true,"href":"https:\/\/www.mousegluetraps.top\/pt-pt\/wp-json\/wp\/v2\/product_brand?post=993"},{"taxonomy":"product_cat","embeddable":true,"href":"https:\/\/www.mousegluetraps.top\/pt-pt\/wp-json\/wp\/v2\/product_cat?post=993"},{"taxonomy":"product_tag","embeddable":true,"href":"https:\/\/www.mousegluetraps.top\/pt-pt\/wp-json\/wp\/v2\/product_tag?post=993"}],"curies":[{"name":"wp","href":"https:\/\/api.w.org\/{rel}","templated":true}]}}