{"id":978,"date":"2024-05-24T02:34:51","date_gmt":"2024-05-24T02:34:51","guid":{"rendered":"https:\/\/www.mousegluetraps.top\/shop\/anti-ratos-rato-mosquito-pragas-controle-de-insetos-repelente-ultrassonico-de-ratos\/"},"modified":"2024-05-24T02:34:51","modified_gmt":"2024-05-24T02:34:51","slug":"anti-ratos-ratos-mosquitos-pragas-controle-de-insetos-repelente-ultrassonico-de-ratos","status":"publish","type":"product","link":"https:\/\/www.mousegluetraps.top\/pt-pt\/shop\/anti-ratos-ratos-mosquitos-pragas-controle-de-insetos-repelente-ultrassonico-de-ratos\/","title":{"rendered":"Anti ratos Rato Mosquito Pragas Controle de insetos Repelente ultrass\u00f4nico de ratos"},"content":{"rendered":"<p><strong>Novidade tomada el\u00e9trica interna em m\u00faltiplos anti-ratos rato mosquito controle de pragas repelente ultrass\u00f4nico de mouse atacado<\/strong><\/p>\n<p>Nome do produto: Repelente ultrass\u00f4nico de mouse ZS-QS013<br \/>\nEfeito: luz noturna de onda ultrass\u00f4nica dupla<br \/>\nAlcance efetivo: 150m\u00b2<br \/>\nTamanho do produto: 8*5.6*3cm<br \/>\nTens\u00e3o: 90-240V, AC50\/60HZ<br \/>\nConsumo de energia: \u22641W<br \/>\nFrequ\u00eancia da onda eletromagn\u00e9tica: 20KHZ-120KHZ<br \/>\nMaterial: ABS \u00e0 prova de fogo<br \/>\nFun\u00e7\u00e3o: repelir pragas (mosquitos, percevejos, pulgas, moscas, baratas, etc) e animais roedores maiores, como ratos.<br \/>\nInclu\u00eddo no Pacote: 1 * assassino de mosquitos<br \/>\nEmbalagem<br \/>\n1pc\/box, 9.3*6.1*6.8cm(VDE)\/9.4*5.9*5.8cm(UL\/BS), 62g, 140pcs\/CTN; 49*31*35.5cm, 11kg; 2pcs\/box, 12.5*6.5*5.9cm, 110g, 240pcs\/CTN;<br \/>\n53.5*30*39cm, 14.4kg; 4pcs\/box, 12.6*11.1*6.2cm, 210g, 240pcs\/CTN; 53.5*30*39cm, 14.3kg; 6pcs\/box, 9.4*5.6*5.8cm, 330g,<br \/>\n252pcs\/CTN; 53.5*30*39cm, 15kg<br \/>\nRecurso:<br \/>\nRepele mosquitos, n\u00e3o t\u00f3xico, n\u00e3o radioativo, silencioso e inodoro. N\u00e3o mata as pragas, apenas as afasta,<br \/>\nambientalmente amig\u00e1vel. N\u00e3o faz mal a adultos, beb\u00eas, animais de estima\u00e7\u00e3o. F\u00e1cil de transportar, simples e seguro de operar, conecte.<\/p>\n<div id=\"attachment_973\" style=\"width: 810px\" class=\"wp-caption alignleft\"><a href=\"https:\/\/www.mousegluetraps.top\/pt-pt\/shop\/anti-ratos-ratos-mosquitos-pragas-controle-de-insetos-repelente-ultrassonico-de-ratos\/\"><img loading=\"lazy\" decoding=\"async\" aria-describedby=\"caption-attachment-973\" class=\"size-full wp-image-973\" src=\"https:\/\/www.mousegluetraps.top\/wp-content\/uploads\/2024\/05\/Anti-mice-Rat-Mosquito-Pest-Insect-Control-Ultrasonic-Mouse-Repeller-4.jpg\" alt=\"Novidade tomada el\u00e9trica interna em m\u00faltiplos anti-ratos rato mosquito controle de pragas repelente ultrass\u00f4nico de mouse atacado\" width=\"800\" height=\"800\" srcset=\"https:\/\/www.mousegluetraps.top\/wp-content\/uploads\/2024\/05\/Anti-mice-Rat-Mosquito-Pest-Insect-Control-Ultrasonic-Mouse-Repeller-4.jpg 800w, https:\/\/www.mousegluetraps.top\/wp-content\/uploads\/2024\/05\/Anti-mice-Rat-Mosquito-Pest-Insect-Control-Ultrasonic-Mouse-Repeller-4-350x350.jpg 350w, https:\/\/www.mousegluetraps.top\/wp-content\/uploads\/2024\/05\/Anti-mice-Rat-Mosquito-Pest-Insect-Control-Ultrasonic-Mouse-Repeller-4-100x100.jpg 100w, https:\/\/www.mousegluetraps.top\/wp-content\/uploads\/2024\/05\/Anti-mice-Rat-Mosquito-Pest-Insect-Control-Ultrasonic-Mouse-Repeller-4-680x680.jpg 680w, https:\/\/www.mousegluetraps.top\/wp-content\/uploads\/2024\/05\/Anti-mice-Rat-Mosquito-Pest-Insect-Control-Ultrasonic-Mouse-Repeller-4-300x300.jpg 300w, https:\/\/www.mousegluetraps.top\/wp-content\/uploads\/2024\/05\/Anti-mice-Rat-Mosquito-Pest-Insect-Control-Ultrasonic-Mouse-Repeller-4-150x150.jpg 150w, https:\/\/www.mousegluetraps.top\/wp-content\/uploads\/2024\/05\/Anti-mice-Rat-Mosquito-Pest-Insect-Control-Ultrasonic-Mouse-Repeller-4-768x768.jpg 768w\" sizes=\"auto, (max-width: 800px) 100vw, 800px\" \/><\/a><p id=\"caption-attachment-973\" class=\"wp-caption-text\">Novidade tomada el\u00e9trica interna em m\u00faltiplos anti-ratos rato mosquito controle de pragas repelente ultrass\u00f4nico de mouse atacado<\/p><\/div>\n","protected":false},"excerpt":{"rendered":"<p><a href=\"https:\/\/api.whatsapp.com\/send?phone=008613976116176\" rel=\"nofollow\"><img loading=\"lazy\" decoding=\"async\" class=\"aligncenter size-full wp-image-318\" src=\"https:\/\/www.mousegluetraps.top\/wp-content\/uploads\/2022\/05\/whatsapp-tous-300x93.png\" alt=\"Entre em contato direto conosco pelo Whatsapp\" width=\"300\" height=\"93\"><\/a><br \/>\n[ninja_form id=\"1\"]<\/p>\n","protected":false},"featured_media":962,"template":"","meta":{"_seopress_robots_primary_cat":"","_seopress_titles_title":"","_seopress_titles_desc":"","_seopress_robots_index":""},"product_brand":[],"product_cat":[129],"product_tag":[130],"class_list":{"0":"post-978","1":"product","2":"type-product","3":"status-publish","4":"has-post-thumbnail","6":"product_cat-controle-de-pragas","7":"product_tag-controle-de-pragas-pt-pt-2","9":"first","10":"instock","11":"shipping-taxable","12":"product-type-simple"},"_links":{"self":[{"href":"https:\/\/www.mousegluetraps.top\/pt-pt\/wp-json\/wp\/v2\/product\/978","targetHints":{"allow":["GET"]}}],"collection":[{"href":"https:\/\/www.mousegluetraps.top\/pt-pt\/wp-json\/wp\/v2\/product"}],"about":[{"href":"https:\/\/www.mousegluetraps.top\/pt-pt\/wp-json\/wp\/v2\/types\/product"}],"wp:featuredmedia":[{"embeddable":true,"href":"https:\/\/www.mousegluetraps.top\/pt-pt\/wp-json\/wp\/v2\/media\/962"}],"wp:attachment":[{"href":"https:\/\/www.mousegluetraps.top\/pt-pt\/wp-json\/wp\/v2\/media?parent=978"}],"wp:term":[{"taxonomy":"product_brand","embeddable":true,"href":"https:\/\/www.mousegluetraps.top\/pt-pt\/wp-json\/wp\/v2\/product_brand?post=978"},{"taxonomy":"product_cat","embeddable":true,"href":"https:\/\/www.mousegluetraps.top\/pt-pt\/wp-json\/wp\/v2\/product_cat?post=978"},{"taxonomy":"product_tag","embeddable":true,"href":"https:\/\/www.mousegluetraps.top\/pt-pt\/wp-json\/wp\/v2\/product_tag?post=978"}],"curies":[{"name":"wp","href":"https:\/\/api.w.org\/{rel}","templated":true}]}}