{"id":959,"date":"2024-05-23T02:28:36","date_gmt":"2024-05-23T02:28:36","guid":{"rendered":"https:\/\/www.mousegluetraps.top\/shop\/repelente-ultrassonico-rejeita-mosquito-eletronico-armadilha-luminosa-lampada-repelente-controle-de-pragas\/"},"modified":"2024-05-23T02:28:36","modified_gmt":"2024-05-23T02:28:36","slug":"repelente-ultrassonico-rejeita-eletronico-matador-de-mosquitos-armadilha-luminosa-lampada-repelente-controle-de-pragas","status":"publish","type":"product","link":"https:\/\/www.mousegluetraps.top\/pt-pt\/shop\/repelente-ultrassonico-rejeita-eletronico-matador-de-mosquitos-armadilha-luminosa-lampada-repelente-controle-de-pragas\/","title":{"rendered":"Repelente ultrass\u00f4nico rejeita mosquito eletr\u00f4nico armadilha luminosa l\u00e2mpada repelente controle de pragas"},"content":{"rendered":"<p><strong>Atacado ver\u00e3o dom\u00e9stico repelente ultrass\u00f4nico rejeitar eletr\u00f4nico mosquito assassino luz armadilha l\u00e2mpada repelente controle de pragas com plug<\/strong><\/p>\n<p>Nome do produto: repelente ultrass\u00f4nico de mouse<br \/>\nEfeito: luz noturna de onda ultrass\u00f4nica dupla<br \/>\nAlcance efetivo: 40-80m\u00b2<br \/>\nTamanho do produto: 9*5.6*5cm<br \/>\nTens\u00e3o: AC90-250V(V)\/60HZ<br \/>\nConsumo de energia: 5W<br \/>\nFrequ\u00eancia da onda eletromagn\u00e9tica: 20KHZ-65KHZ<br \/>\nMaterial: ABS \u00e0 prova de fogo<br \/>\nFun\u00e7\u00e3o: repelir pragas (mosquitos, percevejos, pulgas, moscas, baratas, etc) e animais roedores maiores, como ratos.<br \/>\nInclu\u00eddo no Pacote: 1 * assassino de mosquitos<br \/>\nEmbalagem<br \/>\n1pc\/box, 9.4*5.9*5.8cm, 82g, 200pcs\/CTN; 58*35*41cm, 14kg;<br \/>\n2pcs\/box, 12.5*5.9*6.2cm, g, 200pcs\/CTN; 53.5*33.5*33.5cm, 13.2kg;<br \/>\n4pcs\/box, 12.5*10.8*6.2cm, g, 240pcs\/CTN; 53.5*30*39cm, 15kg;<br \/>\n6pcs\/box, 15.9*12.5*6.2, g, 270pcs\/CTN; 15.9*12.5*6.2cm, 16.2kg<br \/>\nRecurso<br \/>\nRepele mosquitos, n\u00e3o t\u00f3xico, n\u00e3o radioativo, silencioso e inodoro. N\u00e3o mata pragas, apenas as afasta, ecologicamente correto. N\u00e3o faz mal a adultos, beb\u00eas, animais de estima\u00e7\u00e3o. F\u00e1cil de transportar, simples e seguro de operar, conecte.<\/p>\n<p><a href=\"https:\/\/www.mousegluetraps.top\/pt-pt\/shop\/repelente-ultrassonico-rejeita-eletronico-matador-de-mosquitos-armadilha-luminosa-lampada-repelente-controle-de-pragas\/\"><img loading=\"lazy\" decoding=\"async\" class=\"alignleft wp-image-951 size-full\" src=\"https:\/\/www.mousegluetraps.top\/wp-content\/uploads\/2024\/05\/Ultrasonic-Repeller-Reject-Electronic-Mosquito-Killer-Light-Trap-Lamp-Repellant-Pest-Control-4.jpg\" alt=\"Repelente ultrass\u00f4nico rejeita mosquito eletr\u00f4nico armadilha luminosa l\u00e2mpada repelente controle de pragas\" width=\"800\" height=\"800\" srcset=\"https:\/\/www.mousegluetraps.top\/wp-content\/uploads\/2024\/05\/Ultrasonic-Repeller-Reject-Electronic-Mosquito-Killer-Light-Trap-Lamp-Repellant-Pest-Control-4.jpg 800w, https:\/\/www.mousegluetraps.top\/wp-content\/uploads\/2024\/05\/Ultrasonic-Repeller-Reject-Electronic-Mosquito-Killer-Light-Trap-Lamp-Repellant-Pest-Control-4-350x350.jpg 350w, https:\/\/www.mousegluetraps.top\/wp-content\/uploads\/2024\/05\/Ultrasonic-Repeller-Reject-Electronic-Mosquito-Killer-Light-Trap-Lamp-Repellant-Pest-Control-4-100x100.jpg 100w, https:\/\/www.mousegluetraps.top\/wp-content\/uploads\/2024\/05\/Ultrasonic-Repeller-Reject-Electronic-Mosquito-Killer-Light-Trap-Lamp-Repellant-Pest-Control-4-680x680.jpg 680w, https:\/\/www.mousegluetraps.top\/wp-content\/uploads\/2024\/05\/Ultrasonic-Repeller-Reject-Electronic-Mosquito-Killer-Light-Trap-Lamp-Repellant-Pest-Control-4-300x300.jpg 300w, https:\/\/www.mousegluetraps.top\/wp-content\/uploads\/2024\/05\/Ultrasonic-Repeller-Reject-Electronic-Mosquito-Killer-Light-Trap-Lamp-Repellant-Pest-Control-4-150x150.jpg 150w, https:\/\/www.mousegluetraps.top\/wp-content\/uploads\/2024\/05\/Ultrasonic-Repeller-Reject-Electronic-Mosquito-Killer-Light-Trap-Lamp-Repellant-Pest-Control-4-768x768.jpg 768w\" sizes=\"auto, (max-width: 800px) 100vw, 800px\" \/><\/a> <a href=\"https:\/\/www.mousegluetraps.top\/pt-pt\/shop\/repelente-ultrassonico-rejeita-eletronico-matador-de-mosquitos-armadilha-luminosa-lampada-repelente-controle-de-pragas\/\"><img loading=\"lazy\" decoding=\"async\" class=\"alignleft wp-image-954 size-full\" src=\"https:\/\/www.mousegluetraps.top\/wp-content\/uploads\/2024\/05\/Ultrasonic-Repeller-Reject-Electronic-Mosquito-Killer-Light-Trap-Lamp-Repellant-Pest-Control-5.jpg\" alt=\"Repelente ultrass\u00f4nico rejeita mosquito eletr\u00f4nico armadilha luminosa l\u00e2mpada repelente controle de pragas\" width=\"800\" height=\"800\" srcset=\"https:\/\/www.mousegluetraps.top\/wp-content\/uploads\/2024\/05\/Ultrasonic-Repeller-Reject-Electronic-Mosquito-Killer-Light-Trap-Lamp-Repellant-Pest-Control-5.jpg 800w, https:\/\/www.mousegluetraps.top\/wp-content\/uploads\/2024\/05\/Ultrasonic-Repeller-Reject-Electronic-Mosquito-Killer-Light-Trap-Lamp-Repellant-Pest-Control-5-350x350.jpg 350w, https:\/\/www.mousegluetraps.top\/wp-content\/uploads\/2024\/05\/Ultrasonic-Repeller-Reject-Electronic-Mosquito-Killer-Light-Trap-Lamp-Repellant-Pest-Control-5-100x100.jpg 100w, https:\/\/www.mousegluetraps.top\/wp-content\/uploads\/2024\/05\/Ultrasonic-Repeller-Reject-Electronic-Mosquito-Killer-Light-Trap-Lamp-Repellant-Pest-Control-5-680x680.jpg 680w, https:\/\/www.mousegluetraps.top\/wp-content\/uploads\/2024\/05\/Ultrasonic-Repeller-Reject-Electronic-Mosquito-Killer-Light-Trap-Lamp-Repellant-Pest-Control-5-300x300.jpg 300w, https:\/\/www.mousegluetraps.top\/wp-content\/uploads\/2024\/05\/Ultrasonic-Repeller-Reject-Electronic-Mosquito-Killer-Light-Trap-Lamp-Repellant-Pest-Control-5-150x150.jpg 150w, https:\/\/www.mousegluetraps.top\/wp-content\/uploads\/2024\/05\/Ultrasonic-Repeller-Reject-Electronic-Mosquito-Killer-Light-Trap-Lamp-Repellant-Pest-Control-5-768x768.jpg 768w\" sizes=\"auto, (max-width: 800px) 100vw, 800px\" \/><\/a><\/p>\n","protected":false},"excerpt":{"rendered":"<p><a href=\"https:\/\/api.whatsapp.com\/send?phone=008613976116176\" rel=\"nofollow\"><img loading=\"lazy\" decoding=\"async\" class=\"aligncenter size-full wp-image-318\" src=\"https:\/\/www.mousegluetraps.top\/wp-content\/uploads\/2022\/05\/whatsapp-tous-300x93.png\" alt=\"Entre em contato direto conosco pelo Whatsapp\" width=\"300\" height=\"93\"><\/a><br \/>\n[ninja_form id=\"1\"]<\/p>\n","protected":false},"featured_media":940,"template":"","meta":{"_seopress_robots_primary_cat":"","_seopress_titles_title":"","_seopress_titles_desc":"","_seopress_robots_index":""},"product_brand":[],"product_cat":[129],"product_tag":[130,91],"class_list":{"0":"post-959","1":"product","2":"type-product","3":"status-publish","4":"has-post-thumbnail","6":"product_cat-controle-de-pragas","7":"product_tag-controle-de-pragas-pt-pt-2","8":"product_tag-ratoeiras","10":"first","11":"instock","12":"shipping-taxable","13":"product-type-simple"},"_links":{"self":[{"href":"https:\/\/www.mousegluetraps.top\/pt-pt\/wp-json\/wp\/v2\/product\/959","targetHints":{"allow":["GET"]}}],"collection":[{"href":"https:\/\/www.mousegluetraps.top\/pt-pt\/wp-json\/wp\/v2\/product"}],"about":[{"href":"https:\/\/www.mousegluetraps.top\/pt-pt\/wp-json\/wp\/v2\/types\/product"}],"wp:featuredmedia":[{"embeddable":true,"href":"https:\/\/www.mousegluetraps.top\/pt-pt\/wp-json\/wp\/v2\/media\/940"}],"wp:attachment":[{"href":"https:\/\/www.mousegluetraps.top\/pt-pt\/wp-json\/wp\/v2\/media?parent=959"}],"wp:term":[{"taxonomy":"product_brand","embeddable":true,"href":"https:\/\/www.mousegluetraps.top\/pt-pt\/wp-json\/wp\/v2\/product_brand?post=959"},{"taxonomy":"product_cat","embeddable":true,"href":"https:\/\/www.mousegluetraps.top\/pt-pt\/wp-json\/wp\/v2\/product_cat?post=959"},{"taxonomy":"product_tag","embeddable":true,"href":"https:\/\/www.mousegluetraps.top\/pt-pt\/wp-json\/wp\/v2\/product_tag?post=959"}],"curies":[{"name":"wp","href":"https:\/\/api.w.org\/{rel}","templated":true}]}}