{"id":916,"date":"2022-05-13T02:18:40","date_gmt":"2022-05-13T02:18:40","guid":{"rendered":"https:\/\/www.mousegluetraps.top\/shop\/china-edge-leaf-fly-catcher-ribbon-75cm-long-glue-trap-placa-de-controle-de-pragas-armadilha-de-cola\/"},"modified":"2022-05-13T02:18:40","modified_gmt":"2022-05-13T02:18:40","slug":"china-edge-leaf-fly-catcher-ribbon-75cm-long-glue-trap-placa-de-controle-de-pragas-armadilha-de-cola","status":"publish","type":"product","link":"https:\/\/www.mousegluetraps.top\/pt-pt\/shop\/china-edge-leaf-fly-catcher-ribbon-75cm-long-glue-trap-placa-de-controle-de-pragas-armadilha-de-cola\/","title":{"rendered":"China Edge Leaf Fly Catcher Ribbon 75cm Long Glue Trap placa de controle de pragas armadilha de cola"},"content":{"rendered":"<p>Green Card Edge Leaf Fly Catcher Ribbon placa de controle de pragas armadilha de cola \u00e9 um dos produtos mais vendidos. Nossa Fita Fly Catcher tem sua pr\u00f3pria caracter\u00edstica de Anti-Radia\u00e7\u00e3o Ultravioleta. Como resultado de nossa f\u00f3rmula especial, Fly Catcher Ribbon pode durar mais de dois meses, mesmo sob sol forte. A fita do apanhador de moscas tem forte atra\u00e7\u00e3o para insetos voadores.<\/p>\n<p>Relat\u00f3rios de teste como MSDS, REACH (fornecidos pela PONY) est\u00e3o dispon\u00edveis.<\/p>\n<p>Nome da marca: Edge Leaf<br \/>\nOrigem:China<br \/>\nGrau de qualidade: Alto<\/p>\n<p>Embalagem:<br \/>\n4 rolos\/cart\u00e3o;<br \/>\n24 cart\u00f5es\/caixa colorida;<br \/>\n288 cart\u00f5es\/caixa;<\/p>\n<p>Especifica\u00e7\u00e3o<br \/>\nMaterial: Cola ecol\u00f3gica<br \/>\nComprimento da fita: 75 ou 65 cm<br \/>\nLargura da fita: 4 cm<br \/>\nTamanho da caixa: 47*30*41cm<br \/>\nPragas-alvo Moscas, mosquitos, mariposas, etc.<br \/>\n\u00c2mbito de aplica\u00e7\u00e3o: Plantas de alimentos, cozinhas, restaurantes, plantas de processamento de alimentos, hospitais, banheiros, etc.<\/p>\n<p>Instru\u00e7\u00f5es de uso da fita Fly catcher:<\/p>\n<p>1. Puxe a fita lentamente com um movimento girat\u00f3rio.<br \/>\n2.Aque\u00e7a o tubo se estiver muito frio.<br \/>\n3.Use uma tachinha para pendurar fixando-a na viga ou no teto em \u00e1reas onde as moscas s\u00e3o vistas.<\/p>\n<p>Instru\u00e7\u00f5es de uso do Fly Ribbon:<br \/>\n1. Puxe cuidadosamente a aba na seta e descole a tampa lentamente nas setas.<br \/>\n2. Quando a tampa estiver completamente livre, segure a bandeja com uma m\u00e3o e puxe lentamente para cima at\u00e9 que toda a fita fique exposta. Com tachinha, prenda na viga ou no teto nas \u00e1reas onde as moscas s\u00e3o vistas. As moscas ser\u00e3o atra\u00eddas pela cor clara e ficar\u00e3o presas nela.<\/p>\n<p>Cuidado: Evite pendurar ao sol ou extremamente quente.<\/p>\n","protected":false},"excerpt":{"rendered":"<p><a href=\"https:\/\/api.whatsapp.com\/send?phone=008613976116176\" rel=\"nofollow\"><img loading=\"lazy\" decoding=\"async\" class=\"aligncenter size-full wp-image-318\" src=\"https:\/\/www.mousegluetraps.top\/wp-content\/uploads\/2022\/05\/whatsapp-tous-300x93.png\" alt=\"Entre em contato direto conosco pelo Whatsapp\" width=\"300\" height=\"93\"><\/a><br \/>[ninja_form id=\"1\"]<\/p>\n","protected":false},"featured_media":664,"template":"","meta":{"_seopress_robots_primary_cat":"","_seopress_titles_title":"","_seopress_titles_desc":"","_seopress_robots_index":""},"product_brand":[],"product_cat":[65],"product_tag":[103,123,124],"class_list":{"0":"post-916","1":"product","2":"type-product","3":"status-publish","4":"has-post-thumbnail","6":"product_cat-armadilha-de-cola-para-mosca","7":"product_tag-armadilha-de-cola-para-mosca","8":"product_tag-controle-de-pragas-pt-pt","9":"product_tag-placa-de-cola-de-mosca-pt-pt-2","11":"first","12":"instock","13":"shipping-taxable","14":"product-type-simple"},"_links":{"self":[{"href":"https:\/\/www.mousegluetraps.top\/pt-pt\/wp-json\/wp\/v2\/product\/916","targetHints":{"allow":["GET"]}}],"collection":[{"href":"https:\/\/www.mousegluetraps.top\/pt-pt\/wp-json\/wp\/v2\/product"}],"about":[{"href":"https:\/\/www.mousegluetraps.top\/pt-pt\/wp-json\/wp\/v2\/types\/product"}],"wp:featuredmedia":[{"embeddable":true,"href":"https:\/\/www.mousegluetraps.top\/pt-pt\/wp-json\/wp\/v2\/media\/664"}],"wp:attachment":[{"href":"https:\/\/www.mousegluetraps.top\/pt-pt\/wp-json\/wp\/v2\/media?parent=916"}],"wp:term":[{"taxonomy":"product_brand","embeddable":true,"href":"https:\/\/www.mousegluetraps.top\/pt-pt\/wp-json\/wp\/v2\/product_brand?post=916"},{"taxonomy":"product_cat","embeddable":true,"href":"https:\/\/www.mousegluetraps.top\/pt-pt\/wp-json\/wp\/v2\/product_cat?post=916"},{"taxonomy":"product_tag","embeddable":true,"href":"https:\/\/www.mousegluetraps.top\/pt-pt\/wp-json\/wp\/v2\/product_tag?post=916"}],"curies":[{"name":"wp","href":"https:\/\/api.w.org\/{rel}","templated":true}]}}