{"id":913,"date":"2022-05-13T02:33:28","date_gmt":"2022-05-13T02:33:28","guid":{"rendered":"https:\/\/www.mousegluetraps.top\/shop\/cola-yello-fly-fita-armadilha-4-pcs-blister-apanhador-nao-toxico-controle-de-pragas-placa-de-cola-de-mosca\/"},"modified":"2023-07-21T03:14:47","modified_gmt":"2023-07-21T03:14:47","slug":"amarelo-fly-cola-ribbon-trap-4-pcs-blister-non-toxic-catcher-controle-de-pragas-placa-de-cola-de-mosca","status":"publish","type":"product","link":"https:\/\/www.mousegluetraps.top\/pt-pt\/shop\/amarelo-fly-cola-ribbon-trap-4-pcs-blister-non-toxic-catcher-controle-de-pragas-placa-de-cola-de-mosca\/","title":{"rendered":"Cola Yello Fly Fita Armadilha 4 Pcs Blister Apanhador N\u00e3o T\u00f3xico controle de pragas placa de cola de mosca"},"content":{"rendered":"<p>A embalagem de cart\u00e3o amarelo fly catcher cola armadilha controle de pragas placa de cola de mosca fita de cola \u00e9 agora uma venda muito quente. Ele cont\u00e9m super atrativo que atrai moscas de forma muito eficaz.<\/p>\n<p>Embalagem:<br \/>\n4 rolos\/cart\u00e3o blister<br \/>\n24 cart\u00f5es\/caixa colorida<br \/>\n288 cart\u00f5es\/caixa<\/p>\n<table width=\"546\">\n<tbody>\n<tr>\n<td width=\"176\">Cor do Cart\u00e3o Blister<\/td>\n<td width=\"370\">Amarelo<\/td>\n<\/tr>\n<tr>\n<td rowspan=\"4\" width=\"176\">Especifica\u00e7\u00e3o<\/td>\n<td width=\"370\">Material: Cola ecol\u00f3gica<\/td>\n<\/tr>\n<tr>\n<td width=\"370\">Comprimento da fita: 75 ou 65 cm<\/td>\n<\/tr>\n<tr>\n<td width=\"370\">Largura da fita: 4 cm<\/td>\n<\/tr>\n<tr>\n<td width=\"370\">Tamanho da caixa: 47*30*41cm<\/td>\n<\/tr>\n<tr>\n<td width=\"176\">Pragas-alvo<\/td>\n<td width=\"370\">Moscas, mosquitos, mariposas, etc.<\/td>\n<\/tr>\n<tr>\n<td width=\"176\">Escopo do aplicativo<\/td>\n<td width=\"370\">Plantas de alimentos, cozinhas, restaurantes, plantas de processamento de alimentos, hospitais, banheiros, etc.<\/td>\n<\/tr>\n<tr>\n<td rowspan=\"3\">Caracter\u00edsticos:<\/td>\n<td width=\"370\">Super atrativo contido<\/td>\n<\/tr>\n<tr>\n<td width=\"370\">Alta performance<\/td>\n<\/tr>\n<tr>\n<td>Duradouro<\/td>\n<\/tr>\n<\/tbody>\n<\/table>\n<p>Caracter\u00edsticos:<br \/>\n1. Adotando a cola importada da Alemanha, a for\u00e7a adesiva do nosso gue trap \u00e9 muito poderosa, o mouse preso dificilmente escapar\u00e1.<br \/>\n2. Ecologicamente correto, saud\u00e1vel e n\u00e3o t\u00f3xico, especialmente adequado para f\u00e1bricas de alimentos, restaurantes, armaz\u00e9ns de alimentos, resid\u00eancias, etc.<br \/>\n3. Este produto n\u00e3o \u00e9 influenciado pelo clima, \u00e9 adequado para todos os pa\u00edses do mundo.<br \/>\n4. \u00e9 reutiliz\u00e1vel, n\u00e3o t\u00f3xico e inofensivo, sem polui\u00e7\u00e3o. \u00c9 uma nova gera\u00e7\u00e3o de prote\u00e7\u00e3o ambiental verde.<\/p>\n<p>Vantagem:<br \/>\n1. A armadilha de cola para ratos pode eliminar o cheiro de manteiga de amendoim, que \u00e9 uma das comidas favoritas dos ratos, pode atrair o rato para vir.<br \/>\n2. Somos f\u00e1brica, controlamos rigorosamente a qualidade das mat\u00e9rias-primas, bem como todos os processos de produ\u00e7\u00e3o.<br \/>\n3. oem \u00e9 aceito, mesmo pedidos em pequenas quantidades s\u00e3o aceit\u00e1veis, podemos fazer design para o cliente sem custo extra.<\/p>\n","protected":false},"excerpt":{"rendered":"<p><a href=\"https:\/\/api.whatsapp.com\/send?phone=008613976116176\" rel=\"nofollow\"><img loading=\"lazy\" decoding=\"async\" class=\"aligncenter size-full wp-image-318\" src=\"https:\/\/www.mousegluetraps.top\/wp-content\/uploads\/2022\/05\/whatsapp-tous-300x93.png\" alt=\"Entre em contato direto conosco pelo Whatsapp\" width=\"300\" height=\"93\"><\/a><br \/>[ninja_form id=1]<\/p>\n","protected":false},"featured_media":672,"template":"","meta":{"_seopress_robots_primary_cat":"","_seopress_titles_title":"","_seopress_titles_desc":"","_seopress_robots_index":""},"product_brand":[],"product_cat":[65],"product_tag":[117,118,104],"class_list":{"0":"post-913","1":"product","2":"type-product","3":"status-publish","4":"has-post-thumbnail","6":"product_cat-armadilha-de-cola-para-mosca","7":"product_tag-armadilha-de-cola-pt-pt","8":"product_tag-armadilha-de-pragas-pt-pt","9":"product_tag-placa-de-cola-de-mosca-pt-pt","11":"first","12":"instock","13":"shipping-taxable","14":"product-type-simple"},"_links":{"self":[{"href":"https:\/\/www.mousegluetraps.top\/pt-pt\/wp-json\/wp\/v2\/product\/913","targetHints":{"allow":["GET"]}}],"collection":[{"href":"https:\/\/www.mousegluetraps.top\/pt-pt\/wp-json\/wp\/v2\/product"}],"about":[{"href":"https:\/\/www.mousegluetraps.top\/pt-pt\/wp-json\/wp\/v2\/types\/product"}],"wp:featuredmedia":[{"embeddable":true,"href":"https:\/\/www.mousegluetraps.top\/pt-pt\/wp-json\/wp\/v2\/media\/672"}],"wp:attachment":[{"href":"https:\/\/www.mousegluetraps.top\/pt-pt\/wp-json\/wp\/v2\/media?parent=913"}],"wp:term":[{"taxonomy":"product_brand","embeddable":true,"href":"https:\/\/www.mousegluetraps.top\/pt-pt\/wp-json\/wp\/v2\/product_brand?post=913"},{"taxonomy":"product_cat","embeddable":true,"href":"https:\/\/www.mousegluetraps.top\/pt-pt\/wp-json\/wp\/v2\/product_cat?post=913"},{"taxonomy":"product_tag","embeddable":true,"href":"https:\/\/www.mousegluetraps.top\/pt-pt\/wp-json\/wp\/v2\/product_tag?post=913"}],"curies":[{"name":"wp","href":"https:\/\/api.w.org\/{rel}","templated":true}]}}