{"id":909,"date":"2022-05-13T08:11:05","date_gmt":"2022-05-13T08:11:05","guid":{"rendered":"https:\/\/www.mousegluetraps.top\/shop\/fly-catcher-ribbon-8-rolls-glue-trap-tabla-de-pegamento-para-moscas-armadilha-para-moscas\/"},"modified":"2023-07-21T03:12:45","modified_gmt":"2023-07-21T03:12:45","slug":"fly-catcher-ribbon-8-rolls-glue-trap-tabla-de-pegamento-para-moscas-armadilha-para-moscas","status":"publish","type":"product","link":"https:\/\/www.mousegluetraps.top\/pt-pt\/shop\/fly-catcher-ribbon-8-rolls-glue-trap-tabla-de-pegamento-para-moscas-armadilha-para-moscas\/","title":{"rendered":"Fly Catcher Ribbon 8 Rolls Glue Trap tabla de pegamento para moscas armadilha para moscas"},"content":{"rendered":"<p>Este estilo de Fly Catcher Ribbon 75cm Roll Trap armadilha para moscas com isca \u00e9 seguro, eficaz e econ\u00f4mico. Sem iscas; Sem venenos; Armadilha de cola sem vapores; Sem bagun\u00e7a. Simplesmente pendure a fita em qualquer local conveniente onde haja moscas. Pode ser utilizado em ambientes fechados ou externos. Ideal para varandas, celeiros, cozinhas, etc.<\/p>\n<p>Nome da marca: Edge Leaf<\/p>\n<p>Embalagem:<br \/>\n8 rolos\/cart\u00e3o;<br \/>\n24 cart\u00f5es\/caixa colorida;<br \/>\n288 cart\u00f5es\/caixa;<\/p>\n<table width=\"543\">\n<tbody>\n<tr>\n<td width=\"173\">Cor do Cart\u00e3o<\/td>\n<td width=\"370\">Amarelo<\/td>\n<\/tr>\n<tr>\n<td rowspan=\"4\" width=\"173\">Especifica\u00e7\u00e3o<\/td>\n<td width=\"370\">Material: Cola ecol\u00f3gica<\/td>\n<\/tr>\n<tr>\n<td width=\"370\">Comprimento da fita: 75 ou 65 cm<\/td>\n<\/tr>\n<tr>\n<td width=\"370\">Largura da fita: 4 cm<\/td>\n<\/tr>\n<tr>\n<td width=\"370\">Tamanho da caixa: 60*40*50 cm<\/td>\n<\/tr>\n<tr>\n<td width=\"173\">Pragas-alvo<\/td>\n<td width=\"370\">Moscas, mosquitos, mariposas, etc.<\/td>\n<\/tr>\n<tr>\n<td width=\"173\">Escopo do aplicativo<\/td>\n<td width=\"370\">Plantas de alimentos, cozinhas, restaurantes, plantas de processamento de alimentos, hospitais, banheiros, etc.<\/td>\n<\/tr>\n<tr>\n<td rowspan=\"3\">Caracter\u00edsticos:<\/td>\n<td width=\"370\">Alta performance<\/td>\n<\/tr>\n<tr>\n<td width=\"370\">Duradouro<\/td>\n<\/tr>\n<tr>\n<td>Com atrativo<\/td>\n<\/tr>\n<\/tbody>\n<\/table>\n<p>Instru\u00e7\u00f5es de uso da fita Fly catcher:<\/p>\n<p>1. Puxe a fita de cola voadora lentamente com um movimento girat\u00f3rio.<br \/>\n2.Aque\u00e7a o tubo se estiver muito frio.<br \/>\n3.Use uma tachinha para pendurar fixando-a na viga ou no teto em \u00e1reas onde as moscas s\u00e3o vistas.<br \/>\n4. Puxe cuidadosamente a aba na seta e retire a tampa lentamente nas setas.<br \/>\n5. Quando a tampa estiver completamente livre, segure a bandeja com uma m\u00e3o e puxe lentamente para cima at\u00e9 que toda a fita fique exposta. Com tachinha, prenda na viga ou no teto nas \u00e1reas onde as moscas s\u00e3o vistas. As moscas ser\u00e3o atra\u00eddas pela cor clara e ficar\u00e3o presas nela.<\/p>\n<p>Cuidado: Evite pendurar a fita da armadilha de cola \u00e0 luz do sol ou extremamente quente.<\/p>\n","protected":false},"excerpt":{"rendered":"<p><a href=\"https:\/\/api.whatsapp.com\/send?phone=008613976116176\" rel=\"nofollow\"><img loading=\"lazy\" decoding=\"async\" class=\"aligncenter size-full wp-image-318\" src=\"https:\/\/www.mousegluetraps.top\/wp-content\/uploads\/2022\/05\/whatsapp-tous-300x93.png\" alt=\"Entre em contato direto conosco pelo Whatsapp\" width=\"300\" height=\"93\"><\/a><br \/>[ninja_form id=1]<\/p>\n","protected":false},"featured_media":686,"template":"","meta":{"_seopress_robots_primary_cat":"","_seopress_titles_title":"","_seopress_titles_desc":"","_seopress_robots_index":""},"product_brand":[],"product_cat":[65],"product_tag":[111,104,112],"class_list":{"0":"post-909","1":"product","2":"type-product","3":"status-publish","4":"has-post-thumbnail","6":"product_cat-armadilha-de-cola-para-mosca","7":"product_tag-armadilha-para-moscas-pt-pt","8":"product_tag-placa-de-cola-de-mosca-pt-pt","9":"product_tag-trampa-para-moscas-pt-pt","11":"first","12":"instock","13":"shipping-taxable","14":"product-type-simple"},"_links":{"self":[{"href":"https:\/\/www.mousegluetraps.top\/pt-pt\/wp-json\/wp\/v2\/product\/909","targetHints":{"allow":["GET"]}}],"collection":[{"href":"https:\/\/www.mousegluetraps.top\/pt-pt\/wp-json\/wp\/v2\/product"}],"about":[{"href":"https:\/\/www.mousegluetraps.top\/pt-pt\/wp-json\/wp\/v2\/types\/product"}],"wp:featuredmedia":[{"embeddable":true,"href":"https:\/\/www.mousegluetraps.top\/pt-pt\/wp-json\/wp\/v2\/media\/686"}],"wp:attachment":[{"href":"https:\/\/www.mousegluetraps.top\/pt-pt\/wp-json\/wp\/v2\/media?parent=909"}],"wp:term":[{"taxonomy":"product_brand","embeddable":true,"href":"https:\/\/www.mousegluetraps.top\/pt-pt\/wp-json\/wp\/v2\/product_brand?post=909"},{"taxonomy":"product_cat","embeddable":true,"href":"https:\/\/www.mousegluetraps.top\/pt-pt\/wp-json\/wp\/v2\/product_cat?post=909"},{"taxonomy":"product_tag","embeddable":true,"href":"https:\/\/www.mousegluetraps.top\/pt-pt\/wp-json\/wp\/v2\/product_tag?post=909"}],"curies":[{"name":"wp","href":"https:\/\/api.w.org\/{rel}","templated":true}]}}