{"id":908,"date":"2022-05-25T03:14:36","date_gmt":"2022-05-25T03:14:36","guid":{"rendered":"https:\/\/www.mousegluetraps.top\/shop\/alta-qualidade-edge-leaf-fly-catcher-ribbon-in-red-card-placa-de-cola-armadilha-de-papel\/"},"modified":"2023-07-21T03:11:39","modified_gmt":"2023-07-21T03:11:39","slug":"borda-folha-flycatcher-fita-em-cartao-vermelho-placa-de-cola-armadilha-de-papel","status":"publish","type":"product","link":"https:\/\/www.mousegluetraps.top\/pt-pt\/shop\/borda-folha-flycatcher-fita-em-cartao-vermelho-placa-de-cola-armadilha-de-papel\/","title":{"rendered":"Alta qualidade Edge Leaf Fly Catcher Ribbon In Red Card placa de cola armadilha de papel"},"content":{"rendered":"<p>Este estilo de Fly Catcher Ribbon cinta adesiva para moscas com Lure \u00e9 uma venda muito quente por seu pre\u00e7o competitivo e qualidade confi\u00e1vel. Esta fita de apanhador de moscas \u00e9 segura, eficaz e econ\u00f4mica. Sem iscas; Sem venenos; Sem Vapores; Sem bagun\u00e7a. Simplesmente pendure a fita de mosca em qualquer local conveniente onde as moscas estejam presentes. Pode ser utilizado em ambientes fechados ou externos. Ideal para varandas, celeiros, cozinhas, etc.<\/p>\n<p>Embalagem:<br \/>\n4 rolos\/cart\u00e3o;<br \/>\n24 cart\u00f5es\/caixa colorida;<br \/>\n288 cart\u00f5es\/caixa;<\/p>\n<table width=\"543\">\n<tbody>\n<tr>\n<td width=\"173\">Cor do Cart\u00e3o<\/td>\n<td width=\"370\">Vermelho<\/td>\n<\/tr>\n<tr>\n<td rowspan=\"4\" width=\"173\">Especifica\u00e7\u00e3o<\/td>\n<td width=\"370\">Material: Cola ecol\u00f3gica<\/td>\n<\/tr>\n<tr>\n<td width=\"370\">Comprimento da fita: 75 ou 65 cm<\/td>\n<\/tr>\n<tr>\n<td width=\"370\">Largura da fita: 4 cm<\/td>\n<\/tr>\n<tr>\n<td width=\"370\">Tamanho da caixa: 47*30*41cm<\/td>\n<\/tr>\n<tr>\n<td width=\"173\">Pragas-alvo<\/td>\n<td width=\"370\">Moscas, mosquitos, mariposas, etc.<\/td>\n<\/tr>\n<tr>\n<td width=\"173\">Escopo do aplicativo<\/td>\n<td width=\"370\">Plantas de alimentos, cozinhas, restaurantes, plantas de processamento de alimentos, hospitais, banheiros, etc.<\/td>\n<\/tr>\n<\/tbody>\n<\/table>\n<p>Instru\u00e7\u00f5es de uso da fita Fly catcher:<\/p>\n<p>1. Puxe a fita lentamente com um movimento girat\u00f3rio.<br \/>\n2.Aque\u00e7a o tubo se estiver muito frio.<br \/>\n3.Use uma tachinha para pendurar fixando-a na viga ou no teto em \u00e1reas onde as moscas s\u00e3o vistas.<\/p>\n<p>Instru\u00e7\u00f5es de uso do Fly Ribbon:<br \/>\n1.Puxe a fita do coletor de moscas com cuidado na aba na seta e descole a tampa lentamente nas setas.<br \/>\n2. Quando a tampa estiver completamente livre, segure a bandeja com uma m\u00e3o e puxe lentamente para cima at\u00e9 que toda a fita fique exposta. Com tachinha, prenda na viga ou no teto nas \u00e1reas onde as moscas s\u00e3o vistas. As moscas ser\u00e3o atra\u00eddas pela cor clara e ficar\u00e3o presas nela.<\/p>\n<p>Cuidado: Evite pendurar ao sol ou extremamente quente.<\/p>\n","protected":false},"excerpt":{"rendered":"<p><a href=\"https:\/\/api.whatsapp.com\/send?phone=008613976116176\" rel=\"nofollow\"><img loading=\"lazy\" decoding=\"async\" class=\"aligncenter size-full wp-image-318\" src=\"https:\/\/www.mousegluetraps.top\/wp-content\/uploads\/2022\/05\/whatsapp-tous-300x93.png\" alt=\"Entre em contato direto conosco pelo Whatsapp\" width=\"300\" height=\"93\"><\/a><br \/>[ninja_form id=1]<\/p>\n","protected":false},"featured_media":692,"template":"","meta":{"_seopress_robots_primary_cat":"","_seopress_titles_title":"","_seopress_titles_desc":"","_seopress_robots_index":""},"product_brand":[],"product_cat":[65],"product_tag":[109,110],"class_list":{"0":"post-908","1":"product","2":"type-product","3":"status-publish","4":"has-post-thumbnail","6":"product_cat-armadilha-de-cola-para-mosca","7":"product_tag-placa-de-cola-pt-pt","8":"product_tag-voar-fita-pt-pt","10":"first","11":"instock","12":"shipping-taxable","13":"product-type-simple"},"_links":{"self":[{"href":"https:\/\/www.mousegluetraps.top\/pt-pt\/wp-json\/wp\/v2\/product\/908","targetHints":{"allow":["GET"]}}],"collection":[{"href":"https:\/\/www.mousegluetraps.top\/pt-pt\/wp-json\/wp\/v2\/product"}],"about":[{"href":"https:\/\/www.mousegluetraps.top\/pt-pt\/wp-json\/wp\/v2\/types\/product"}],"wp:featuredmedia":[{"embeddable":true,"href":"https:\/\/www.mousegluetraps.top\/pt-pt\/wp-json\/wp\/v2\/media\/692"}],"wp:attachment":[{"href":"https:\/\/www.mousegluetraps.top\/pt-pt\/wp-json\/wp\/v2\/media?parent=908"}],"wp:term":[{"taxonomy":"product_brand","embeddable":true,"href":"https:\/\/www.mousegluetraps.top\/pt-pt\/wp-json\/wp\/v2\/product_brand?post=908"},{"taxonomy":"product_cat","embeddable":true,"href":"https:\/\/www.mousegluetraps.top\/pt-pt\/wp-json\/wp\/v2\/product_cat?post=908"},{"taxonomy":"product_tag","embeddable":true,"href":"https:\/\/www.mousegluetraps.top\/pt-pt\/wp-json\/wp\/v2\/product_tag?post=908"}],"curies":[{"name":"wp","href":"https:\/\/api.w.org\/{rel}","templated":true}]}}