{"id":905,"date":"2022-10-19T03:06:08","date_gmt":"2022-10-19T03:06:08","guid":{"rendered":"https:\/\/www.mousegluetraps.top\/shop\/yiwu-cy-5-original-verde-ode-placa-de-cola-para-mosca-armadilhas-papel-pegajoso-para-insetos\/"},"modified":"2023-07-21T03:10:40","modified_gmt":"2023-07-21T03:10:40","slug":"yiwu-cy-5-original-green-ode-fly-cola-board-traps-sticky-insects-paper","status":"publish","type":"product","link":"https:\/\/www.mousegluetraps.top\/pt-pt\/shop\/yiwu-cy-5-original-green-ode-fly-cola-board-traps-sticky-insects-paper\/","title":{"rendered":"Yiwu CY-5 original verde ode placa de cola para mosca armadilhas papel pegajoso para insetos"},"content":{"rendered":"<p>Placa de cola para moscas Yiwu Jingong CY-5 O papel de insetos pegajosos tem um efeito significativo na captura de moscas, mariposas, mosquitos, etc. \u00c9 dur\u00e1vel; cola \u00e0 prova d&#8217;\u00e1gua de alta viscosidade, n\u00e3o flui sob alta temperatura, longa durabilidade e aplica\u00e7\u00e3o de n\u00e3o cola na m\u00e3o, f\u00e1cil de transportar, abra com ambos, seguran\u00e7a ambiental, livre de polui\u00e7\u00e3o. A armadilha de cola para moscas \u00e9 um produto realmente ecol\u00f3gico.<\/p>\n<p>&nbsp;<\/p>\n<table style=\"border-collapse: collapse; width: 1226px; height: 361px;\" border=\"0\" width=\"543\" cellspacing=\"0\" cellpadding=\"0\">\n<tbody>\n<tr style=\"height: 24.00pt;\">\n<td class=\"et2\" style=\"height: 24.00pt; width: 129.75pt;\" width=\"173\" height=\"32\">Tamanho do papel:<\/td>\n<td class=\"et2\" style=\"width: 277.50pt;\" width=\"370\">18.5*14cm<\/td>\n<\/tr>\n<tr style=\"height: 27.00pt;\">\n<td class=\"et3\" style=\"height: 105.00pt; width: 129.75pt;\" rowspan=\"5\" width=\"173\" height=\"140\">Especifica\u00e7\u00e3o<\/td>\n<td class=\"et3\" style=\"width: 277.50pt;\" width=\"370\">Material: Ecol\u00f3gico<\/td>\n<\/tr>\n<tr style=\"height: 21.00pt;\">\n<td class=\"et3\" style=\"width: 277.50pt;\" width=\"370\">Cola muito pegajosa<\/td>\n<\/tr>\n<tr style=\"height: 15.00pt;\">\n<td class=\"et3\" style=\"width: 277.50pt;\" width=\"370\">Cola peso l\u00edquido 3g<\/td>\n<\/tr>\n<tr style=\"height: 15.00pt;\">\n<td class=\"et3\" style=\"width: 277.50pt;\" width=\"370\">2000 pe\u00e7as\/caixa<\/td>\n<\/tr>\n<tr style=\"height: 27.00pt;\">\n<td class=\"et3\" style=\"width: 277.50pt;\" width=\"370\">Tamanho da caixa: 48*30*20 cm<\/td>\n<\/tr>\n<tr style=\"height: 35.00pt;\">\n<td class=\"et3\" style=\"height: 35.00pt; width: 129.75pt;\" width=\"173\" height=\"46\">Pragas-alvo<\/td>\n<td class=\"et3\" style=\"width: 277.50pt;\" width=\"370\">Insetos voadores incluem moscas, mosquitos, mariposas, etc.<\/td>\n<\/tr>\n<tr style=\"height: 38.00pt;\">\n<td class=\"et3\" style=\"height: 38.00pt; width: 129.75pt;\" width=\"173\" height=\"50\">Escopo do aplicativo<\/td>\n<td class=\"et3\" style=\"width: 277.50pt;\" width=\"370\">Plantas de alimentos, cozinhas, restaurantes, plantas de processamento de alimentos, hospitais, banheiros, etc.<\/td>\n<\/tr>\n<\/tbody>\n<\/table>\n<p>Mais Informa\u00e7\u00f5es:<\/p>\n<p>1. Mantenha a superf\u00edcie pegajosa longe de poeira, animais de estima\u00e7\u00e3o e crian\u00e7as.<br \/>\n2. Cola muito forte fazendo pragas, as moscas n\u00e3o t\u00eam como escapar.<br \/>\n3. N\u00e3o t\u00f3xico, inodoro, inofensivo e ecol\u00f3gico.<br \/>\n4.Pode personalizar com sua arte de design.<\/p>\n<p>Como usar:<br \/>\n1. Abra o quadro e coloque-o onde as moscas costumam aparecer, descarte-o assim que pegar as moscas<br \/>\n2.Coloque mais armadilhas se o local estiver infestado de ratos. Fixe no ch\u00e3o se necess\u00e1rio.<br \/>\n3. A cola cont\u00e9m super atrativo, n\u00e3o h\u00e1 necessidade de colocar nenhuma isca.<\/p>\n","protected":false},"excerpt":{"rendered":"<p><a href=\"https:\/\/api.whatsapp.com\/send?phone=008613976116176\" rel=\"nofollow\"><img loading=\"lazy\" decoding=\"async\" class=\"aligncenter size-full wp-image-318\" src=\"https:\/\/www.mousegluetraps.top\/wp-content\/uploads\/2022\/05\/whatsapp-tous-300x93.png\" alt=\"Entre em contato direto conosco pelo Whatsapp\" width=\"300\" height=\"93\"><\/a><br \/>[ninja_form id=1]<\/p>\n","protected":false},"featured_media":700,"template":"","meta":{"_seopress_robots_primary_cat":"","_seopress_titles_title":"","_seopress_titles_desc":"","_seopress_robots_index":""},"product_brand":[],"product_cat":[65],"product_tag":[103,104],"class_list":{"0":"post-905","1":"product","2":"type-product","3":"status-publish","4":"has-post-thumbnail","6":"product_cat-armadilha-de-cola-para-mosca","7":"product_tag-armadilha-de-cola-para-mosca","8":"product_tag-placa-de-cola-de-mosca-pt-pt","10":"first","11":"instock","12":"shipping-taxable","13":"product-type-simple"},"_links":{"self":[{"href":"https:\/\/www.mousegluetraps.top\/pt-pt\/wp-json\/wp\/v2\/product\/905","targetHints":{"allow":["GET"]}}],"collection":[{"href":"https:\/\/www.mousegluetraps.top\/pt-pt\/wp-json\/wp\/v2\/product"}],"about":[{"href":"https:\/\/www.mousegluetraps.top\/pt-pt\/wp-json\/wp\/v2\/types\/product"}],"wp:featuredmedia":[{"embeddable":true,"href":"https:\/\/www.mousegluetraps.top\/pt-pt\/wp-json\/wp\/v2\/media\/700"}],"wp:attachment":[{"href":"https:\/\/www.mousegluetraps.top\/pt-pt\/wp-json\/wp\/v2\/media?parent=905"}],"wp:term":[{"taxonomy":"product_brand","embeddable":true,"href":"https:\/\/www.mousegluetraps.top\/pt-pt\/wp-json\/wp\/v2\/product_brand?post=905"},{"taxonomy":"product_cat","embeddable":true,"href":"https:\/\/www.mousegluetraps.top\/pt-pt\/wp-json\/wp\/v2\/product_cat?post=905"},{"taxonomy":"product_tag","embeddable":true,"href":"https:\/\/www.mousegluetraps.top\/pt-pt\/wp-json\/wp\/v2\/product_tag?post=905"}],"curies":[{"name":"wp","href":"https:\/\/api.w.org\/{rel}","templated":true}]}}