{"id":901,"date":"2022-10-19T03:22:43","date_gmt":"2022-10-19T03:22:43","guid":{"rendered":"https:\/\/www.mousegluetraps.top\/shop\/venda-imperdivel-no-mercado-russo-placa-de-cola-para-mosca-armadilhas-para-captura-de-insetos-papel-verde\/"},"modified":"2023-07-21T03:07:41","modified_gmt":"2023-07-21T03:07:41","slug":"mercado-russo-venda-quente-cola-mosca-placa-armadilhas-insetos-captura-papel-verde","status":"publish","type":"product","link":"https:\/\/www.mousegluetraps.top\/pt-pt\/shop\/mercado-russo-venda-quente-cola-mosca-placa-armadilhas-insetos-captura-papel-verde\/","title":{"rendered":"Venda imperd\u00edvel no mercado russo Placa de cola para mosca armadilhas para captura de insetos Papel verde"},"content":{"rendered":"<p>Mercado russo Hot Sale BH-608 Fly Glue Board Traps Insects Catch Green Paper s\u00e3o usados para captura e controle de pequenos insetos voadores. As placas de cola para mosca s\u00e3o geralmente usadas para insetos voadores. O revestimento de cola especial fornece uma superf\u00edcie de alta ader\u00eancia para capturar pequenos insetos e n\u00e3o \u00e9 afetado por sistemas de aspers\u00e3o ou temperaturas mais altas. Basta colocar a placa de cola no jardim ou estufa perto da \u00e1rea alvo. O atrativo na cola \u00e9 muito atraente para os insetos voadores.<\/p>\n<p>&nbsp;<\/p>\n<table style=\"border-collapse: collapse; width: 1051px; height: 350px;\" border=\"0\" width=\"543\" cellspacing=\"0\" cellpadding=\"0\">\n<tbody>\n<tr style=\"height: 20.00pt;\">\n<td style=\"height: 20.00pt; width: 129.75pt;\" width=\"173\" height=\"26\">N\u00ba do modelo<\/td>\n<td style=\"width: 277.50pt;\" width=\"370\">BH-608<\/td>\n<\/tr>\n<tr style=\"height: 24.00pt;\">\n<td class=\"et2\" style=\"height: 24.00pt;\" height=\"32\">Tamanho dobrado<\/td>\n<td class=\"et2\">18.5*12.5cm<\/td>\n<\/tr>\n<tr style=\"height: 21.00pt;\">\n<td class=\"et3\" style=\"height: 78.00pt; width: 129.75pt;\" rowspan=\"4\" width=\"173\" height=\"104\"><\/td>\n<td class=\"et3\" style=\"width: 277.50pt;\" width=\"370\">Cola muito pegajosa<\/td>\n<\/tr>\n<tr style=\"height: 15.00pt;\">\n<td class=\"et3\" style=\"width: 277.50pt;\" width=\"370\">Cola peso l\u00edquido 2g<\/td>\n<\/tr>\n<tr style=\"height: 15.00pt;\">\n<td class=\"et3\" style=\"width: 277.50pt;\" width=\"370\">1000 pe\u00e7as\/caixa<\/td>\n<\/tr>\n<tr style=\"height: 27.00pt;\">\n<td class=\"et3\" style=\"width: 277.50pt;\" width=\"370\">Tamanho da caixa: 40*30*20 cm<\/td>\n<\/tr>\n<tr style=\"height: 35.00pt;\">\n<td class=\"et3\" style=\"height: 35.00pt; width: 129.75pt;\" width=\"173\" height=\"46\">Pragas-alvo<\/td>\n<td class=\"et3\" style=\"width: 277.50pt;\" width=\"370\">Insetos voadores incluem moscas, mosquitos, mariposas, etc.<\/td>\n<\/tr>\n<tr style=\"height: 38.00pt;\">\n<td class=\"et3\" style=\"height: 38.00pt; width: 129.75pt;\" width=\"173\" height=\"50\">Escopo do aplicativo<\/td>\n<td class=\"et3\" style=\"width: 277.50pt;\" width=\"370\">Plantas de alimentos, cozinhas, restaurantes, plantas de processamento de alimentos, hospitais, banheiros, etc.<\/td>\n<\/tr>\n<\/tbody>\n<\/table>\n<p>Informa\u00e7\u00e3o b\u00e1sica:<\/p>\n<p>Cola adesiva pegajosa;<br \/>\nApanhar moscas;<br \/>\n10 pe\u00e7as\/saco opp;<br \/>\n1000 pe\u00e7as\/caixa;<\/p>\n<p>Descri\u00e7\u00e3o do produto:<\/p>\n<p>Estas armadilhas de placa de cola para mosca s\u00e3o usadas para capturar e controlar pequenos insetos voadores. As placas de cola para mosca s\u00e3o geralmente usadas para insetos voadores. O revestimento de cola especial fornece uma superf\u00edcie de alta ader\u00eancia para capturar pequenos insetos e n\u00e3o \u00e9 afetado por sistemas de aspers\u00e3o ou temperaturas mais altas. Basta colocar a placa de cola no jardim ou estufa perto da \u00e1rea alvo. O atrativo na cola \u00e9 muito atraente para os insetos voadores.<\/p>\n<p>FAQ:<\/p>\n<p>Q1: Quando Posso obter a cota\u00e7\u00e3o?<br \/>\nA1: geralmente citamos dentro de 24 horas ap\u00f3s recebermos sua consulta.<br \/>\nQ2: Qual \u00e9 o seu MOQ? Podemos misturar o cont\u00eainer de 20 p\u00e9s?<br \/>\nA2: Sim, pode misturar. Nosso MOQ \u00e9 decidido os diferentes tipos de itens.<br \/>\nQ3: Qual \u00e9 o tempo de entrega?<br \/>\nA3: depende da quantidade do pedido e da esta\u00e7\u00e3o em que voc\u00ea faz o pedido. o tempo de espera<br \/>\nDe cerca de 15-20 dias ap\u00f3s o recebimento do dep\u00f3sito.<br \/>\nP4: como posso obter uma amostra para verificar sua qualidade?<br \/>\nA4: ap\u00f3s a confirma\u00e7\u00e3o do pre\u00e7o, voc\u00ea pode solicitar amostras para verificar nossa qualidade. Se voc\u00ea precisar do<br \/>\namostras, voc\u00ea pagar\u00e1 o frete a\u00e9reo com anteced\u00eancia. mas pode ser reembolsado ap\u00f3s a confirma\u00e7\u00e3o do pedido.<br \/>\nP5: podemos usar nosso pr\u00f3prio logotipo ou fazer oem?<br \/>\nA5: Sim, o OEM \u00e9 aceit\u00e1vel. Por favor, envie um e-mail para n\u00f3s para mais detalhes.<br \/>\nQ6: Quais s\u00e3o os seus termos de entrega?<br \/>\nA6: Aceitamos EXW, FOB, CIF etc. Voc\u00ea pode escolher aquele que \u00e9 adequado para voc\u00ea.<br \/>\nQ7: Qual \u00e9 o prazo de pagamento?<br \/>\nA7: apenas T\/T.<br \/>\nQ8: voc\u00ea tem alguma certifica\u00e7\u00e3o na placa de cola para mosca? voc\u00ea pode passar o padr\u00e3o europeu?<br \/>\nA8: Sim, temos certifica\u00e7\u00e3o Reach,EMC,SGS,TUV.<\/p>\n","protected":false},"excerpt":{"rendered":"<p><a href=\"https:\/\/api.whatsapp.com\/send?phone=008613976116176\" rel=\"nofollow\"><img loading=\"lazy\" decoding=\"async\" class=\"aligncenter size-full wp-image-318\" src=\"https:\/\/www.mousegluetraps.top\/wp-content\/uploads\/2022\/05\/whatsapp-tous-300x93.png\" alt=\"Entre em contato direto conosco pelo Whatsapp\" width=\"300\" height=\"93\"><\/a><br \/>[ninja_form id=1]<\/p>\n","protected":false},"featured_media":708,"template":"","meta":{"_seopress_robots_primary_cat":"","_seopress_titles_title":"","_seopress_titles_desc":"","_seopress_robots_index":""},"product_brand":[],"product_cat":[65],"product_tag":[103,104],"class_list":{"0":"post-901","1":"product","2":"type-product","3":"status-publish","4":"has-post-thumbnail","6":"product_cat-armadilha-de-cola-para-mosca","7":"product_tag-armadilha-de-cola-para-mosca","8":"product_tag-placa-de-cola-de-mosca-pt-pt","10":"first","11":"instock","12":"shipping-taxable","13":"product-type-simple"},"_links":{"self":[{"href":"https:\/\/www.mousegluetraps.top\/pt-pt\/wp-json\/wp\/v2\/product\/901","targetHints":{"allow":["GET"]}}],"collection":[{"href":"https:\/\/www.mousegluetraps.top\/pt-pt\/wp-json\/wp\/v2\/product"}],"about":[{"href":"https:\/\/www.mousegluetraps.top\/pt-pt\/wp-json\/wp\/v2\/types\/product"}],"wp:featuredmedia":[{"embeddable":true,"href":"https:\/\/www.mousegluetraps.top\/pt-pt\/wp-json\/wp\/v2\/media\/708"}],"wp:attachment":[{"href":"https:\/\/www.mousegluetraps.top\/pt-pt\/wp-json\/wp\/v2\/media?parent=901"}],"wp:term":[{"taxonomy":"product_brand","embeddable":true,"href":"https:\/\/www.mousegluetraps.top\/pt-pt\/wp-json\/wp\/v2\/product_brand?post=901"},{"taxonomy":"product_cat","embeddable":true,"href":"https:\/\/www.mousegluetraps.top\/pt-pt\/wp-json\/wp\/v2\/product_cat?post=901"},{"taxonomy":"product_tag","embeddable":true,"href":"https:\/\/www.mousegluetraps.top\/pt-pt\/wp-json\/wp\/v2\/product_tag?post=901"}],"curies":[{"name":"wp","href":"https:\/\/api.w.org\/{rel}","templated":true}]}}