{"id":900,"date":"2023-03-27T06:57:42","date_gmt":"2023-03-27T06:57:42","guid":{"rendered":"https:\/\/www.mousegluetraps.top\/shop\/china-power-super-cola-de-cianoacrilato-para-todos-os-fins-fabrica-de-yiwu\/"},"modified":"2023-07-21T03:06:37","modified_gmt":"2023-07-21T03:06:37","slug":"china-power-all-purpose-cyanoacrylate-super-glue-yiwu-factory","status":"publish","type":"product","link":"https:\/\/www.mousegluetraps.top\/pt-pt\/shop\/china-power-all-purpose-cyanoacrylate-super-glue-yiwu-factory\/","title":{"rendered":"China Power Super Cola de cianoacrilato para todos os fins F\u00e1brica de Yiwu"},"content":{"rendered":"<p>China Manufacture 100% Power All Purpose Cyanoacrylate Super Glue com f\u00f3rmula especial para adesivo sem bagun\u00e7a, cont\u00e9m etil-cianoacrilato, sem solvente, qualidade padr\u00e3o da UE, certificado Reach, \u00e9 ideal para colar uma grande variedade de materiais em casa, incluindo borracha, metais, cer\u00e2mica, couro, madeira, a maioria dos pl\u00e1sticos e muito mais, \u00e9 \u00f3timo para DIY e modelagem.<\/p>\n<p>Nossas vantagens:<\/p>\n<p>1. Trabalhadores experientes<br \/>\n2. Cola Bruta Importada<br \/>\n3.Grande capacidade de produ\u00e7\u00e3o<br \/>\n4.Pre\u00e7o favor\u00e1vel<br \/>\n5.Qualidade de alto n\u00edvel<br \/>\n6.Servi\u00e7o Satisfat\u00f3rio<\/p>\n<table style=\"height: 361px;\" width=\"770\">\n<tbody>\n<tr>\n<td width=\"159\">Tipo de carta:<\/td>\n<td width=\"338\">Pequeno<\/td>\n<\/tr>\n<tr>\n<td>Recipiente:<\/td>\n<td>Tubo de alum\u00ednio<\/td>\n<\/tr>\n<tr>\n<td>Nome:<\/td>\n<td>Supercola de cianoacrilato<\/td>\n<\/tr>\n<tr>\n<td>Aplicativo:<\/td>\n<td>Metal\/Pl\u00e1stico\/Couro\/Cer\u00e2mica\/Borracha\/Madeira<\/td>\n<\/tr>\n<tr>\n<td>Viscosidade:<\/td>\n<td>3-5 cps<\/td>\n<\/tr>\n<tr>\n<td>Tempo de cura:<\/td>\n<td>3-10 segundos<\/td>\n<\/tr>\n<tr>\n<td>N\u00ba CAS:<\/td>\n<td>7085-85-0<\/td>\n<\/tr>\n<tr>\n<td>N\u00ba EINECS:<\/td>\n<td>230-391-5<\/td>\n<\/tr>\n<tr>\n<td>Validade:<\/td>\n<td>2 anos<\/td>\n<\/tr>\n<\/tbody>\n<\/table>\n<p>Aviso:<\/p>\n<p>100% Power All Purpose Super Cola de Cianoacrilato \u00e9 perigosa para crian\u00e7as.<br \/>\n1. Esta Supercola \u00e9 irritante para os olhos, sistema respirat\u00f3rio e pele.<br \/>\n2. N\u00e3o respire a fuma\u00e7a\/vapor dos produtos de cola. Tenha cuidado para evitar o contato com a pele e os olhos. Em caso de contato com os olhos, lave imediatamente com \u00e1gua em abund\u00e2ncia e consulte um m\u00e9dico.<br \/>\n3. Use luvas adequadas. Use apenas em \u00e1rea bem ventilada. Se ocorrer ades\u00e3o da pele, descasque em \u00e1gua morna com sab\u00e3o. Armazene as garrafas na vertical em local fresco e seco. Descarte as embalagens usadas com seguran\u00e7a.<br \/>\n4. Mantenha fora do alcance de crian\u00e7as e animais de estima\u00e7\u00e3o. \u00c9 f\u00e1cil unir a pele e os olhos em segundos<\/p>\n<p>Como usar Super Cola?<\/p>\n<p>1.Certifique-se de que a superf\u00edcie esteja bem ajustada, limpa, seca e livre de graxa ou poeira.<br \/>\n2.Umede\u00e7a levemente as superf\u00edcies porosas, como cer\u00e2mica ou madeira.<br \/>\n3. Afastando os frascos de seu corpo, desparafuse a tampa e o bocal e perfure a membrana com a ponta da tampa. Enrosque a tampa e o bico firmemente de volta no tubo. Desparafuse a tampa e a cola est\u00e1 pronta para uso.<br \/>\n4. Use uma gota de supercola por polegada quadrada e aplique em uma superf\u00edcie.<br \/>\n5.Pressione as superf\u00edcies a serem unidas firmemente e segure at\u00e9 que estejam totalmente unidas.<br \/>\n6. Evite derramar, pois a supercola \u00e9 dif\u00edcil de remover.<br \/>\n7.Sempre recoloque a tampa imediatamente ap\u00f3s o uso, coloque o tubo de volta no blister e guarde-o para refer\u00eancia futura.<\/p>\n","protected":false},"excerpt":{"rendered":"<p><a href=\"https:\/\/api.whatsapp.com\/send?phone=008613976116176\" rel=\"nofollow\"><img loading=\"lazy\" decoding=\"async\" class=\"aligncenter size-full wp-image-318\" src=\"https:\/\/www.mousegluetraps.top\/wp-content\/uploads\/2022\/05\/whatsapp-tous-300x93.png\" alt=\"Entre em contato direto conosco pelo Whatsapp\" width=\"300\" height=\"93\"><\/a><br \/>[ninja_form id=1]<\/p>\n","protected":false},"featured_media":750,"template":"","meta":{"_seopress_robots_primary_cat":"","_seopress_titles_title":"","_seopress_titles_desc":"","_seopress_robots_index":""},"product_brand":[],"product_cat":[67],"product_tag":[102,101],"class_list":{"0":"post-900","1":"product","2":"type-product","3":"status-publish","4":"has-post-thumbnail","6":"product_cat-super-cola","7":"product_tag-cola-de-madeira","8":"product_tag-super-cola","10":"first","11":"instock","12":"shipping-taxable","13":"product-type-simple"},"_links":{"self":[{"href":"https:\/\/www.mousegluetraps.top\/pt-pt\/wp-json\/wp\/v2\/product\/900","targetHints":{"allow":["GET"]}}],"collection":[{"href":"https:\/\/www.mousegluetraps.top\/pt-pt\/wp-json\/wp\/v2\/product"}],"about":[{"href":"https:\/\/www.mousegluetraps.top\/pt-pt\/wp-json\/wp\/v2\/types\/product"}],"wp:featuredmedia":[{"embeddable":true,"href":"https:\/\/www.mousegluetraps.top\/pt-pt\/wp-json\/wp\/v2\/media\/750"}],"wp:attachment":[{"href":"https:\/\/www.mousegluetraps.top\/pt-pt\/wp-json\/wp\/v2\/media?parent=900"}],"wp:term":[{"taxonomy":"product_brand","embeddable":true,"href":"https:\/\/www.mousegluetraps.top\/pt-pt\/wp-json\/wp\/v2\/product_brand?post=900"},{"taxonomy":"product_cat","embeddable":true,"href":"https:\/\/www.mousegluetraps.top\/pt-pt\/wp-json\/wp\/v2\/product_cat?post=900"},{"taxonomy":"product_tag","embeddable":true,"href":"https:\/\/www.mousegluetraps.top\/pt-pt\/wp-json\/wp\/v2\/product_tag?post=900"}],"curies":[{"name":"wp","href":"https:\/\/api.w.org\/{rel}","templated":true}]}}