{"id":897,"date":"2023-03-27T07:06:16","date_gmt":"2023-03-27T07:06:16","guid":{"rendered":"https:\/\/www.mousegluetraps.top\/shop\/classico-black-card-super-glue-colle-pegamento-para-asia-oriente-medio-africa\/"},"modified":"2023-07-21T03:05:40","modified_gmt":"2023-07-21T03:05:40","slug":"classic-black-card-super-glue-colle-pegamento-for-asia-middle-east-africa","status":"publish","type":"product","link":"https:\/\/www.mousegluetraps.top\/pt-pt\/shop\/classic-black-card-super-glue-colle-pegamento-for-asia-middle-east-africa\/","title":{"rendered":"Cl\u00e1ssico Black Card Super Glue Colle Pegamento para \u00c1sia Oriente M\u00e9dio \u00c1frica"},"content":{"rendered":"<p>Classic Black Card Super Glue Colle Pegamento para \u00c1sia Oriente M\u00e9dio \u00c1frica \u00e9 um adesivo de colagem muito r\u00e1pida, super forte, de secagem r\u00e1pida com f\u00f3rmulas especiais e aplicadores para colagem de diversos materiais. Esta super cola de cianoacrilato \u00e9 de uso geral, \u00f3tima para pequenas liga\u00e7\u00f5es que est\u00e3o sujeitas ao uso di\u00e1rio e condi\u00e7\u00f5es adversas ocasionais. Estas Super Cola s\u00e3o projetadas para colagem instant\u00e2nea e estrutural de borracha, metais, cer\u00e2mica, couro e uma variedade de pl\u00e1sticos.<\/p>\n<p>Caracter\u00edsticos:<br \/>\nFor\u00e7a de liga\u00e7\u00e3o forte<br \/>\nInodoro e In\u00f3cuo<br \/>\nSecagem r\u00e1pido<br \/>\nopera\u00e7\u00e3o f\u00e1cil<br \/>\n\u00c1gua\/\u00d3leo\/Resist\u00eancia T\u00e9rmica<\/p>\n<p>&nbsp;<\/p>\n<table style=\"height: 342px;\" width=\"781\">\n<tbody>\n<tr>\n<td width=\"159\">Tipo de carta:<\/td>\n<td width=\"338\">cart\u00e3o preto<\/td>\n<\/tr>\n<tr>\n<td>Recipiente:<\/td>\n<td>Tubo de alum\u00ednio<\/td>\n<\/tr>\n<tr>\n<td>Nome:<\/td>\n<td>Supercola de cianoacrilato<\/td>\n<\/tr>\n<tr>\n<td>Aplicativo:<\/td>\n<td>Prop\u00f3sito geral<\/td>\n<\/tr>\n<tr>\n<td>Viscosidade:<\/td>\n<td>3-5 cps<\/td>\n<\/tr>\n<tr>\n<td>Tempo de cura:<\/td>\n<td>3-10 segundos<\/td>\n<\/tr>\n<tr>\n<td>N\u00ba CAS:<\/td>\n<td>7085-85-0<\/td>\n<\/tr>\n<tr>\n<td>N\u00ba EINECS:<\/td>\n<td>230-391-5<\/td>\n<\/tr>\n<tr>\n<td>Validade:<\/td>\n<td>2 anos<\/td>\n<\/tr>\n<\/tbody>\n<\/table>\n<p>&nbsp;<\/p>\n<p>Nossas vantagens:<\/p>\n<p>Cola Bruta Importada<br \/>\nGrande capacidade de produ\u00e7\u00e3o<br \/>\npre\u00e7o favor\u00e1vel<br \/>\nQualidade de alto n\u00edvel<br \/>\nServi\u00e7o satisfat\u00f3rio<\/p>\n<p>Aviso:<\/p>\n<p>1. Esta Supercola \u00e9 irritante para os olhos, sistema respirat\u00f3rio e pele.<br \/>\n2. N\u00e3o respire a fuma\u00e7a\/vapor dos produtos de cola. Tenha cuidado para evitar o contato com a pele e os olhos. Em caso de contato com os olhos, lave imediatamente com \u00e1gua em abund\u00e2ncia e consulte um m\u00e9dico.<br \/>\n3. Use luvas adequadas. Use apenas em \u00e1rea bem ventilada. Se ocorrer ades\u00e3o da pele, descasque em \u00e1gua morna com sab\u00e3o. Armazene as garrafas na vertical em local fresco e seco. Descarte as embalagens usadas com seguran\u00e7a.<br \/>\n4. Mantenha fora do alcance de crian\u00e7as e animais de estima\u00e7\u00e3o. \u00c9 f\u00e1cil unir a pele e os olhos em segundos<\/p>\n<p>Como usar a supercola:<\/p>\n<p>1. Os produtos supercola v\u00eam em muitas marcas e variedades, mas h\u00e1 pouca varia\u00e7\u00e3o entre os diferentes tipos. A maioria vem em um pequeno tubo com uma tampa de rosca.<br \/>\n2. Prepare seu espa\u00e7o de trabalho. Cubra a superf\u00edcie em que voc\u00ea est\u00e1 trabalhando e a \u00e1rea ao redor com jornal ou toalhas de papel. Melhor cal\u00e7ar luvas antes de usar supercola. Dessa forma, voc\u00ea n\u00e3o vai colar os dedos.<br \/>\n3. Desparafuse a tampa do tubo, afastando-a do rosto.<br \/>\n4. Aplique a cola no objeto que est\u00e1 colando. A supercola tem uma capacidade de colagem t\u00e3o forte que deve ser usada com modera\u00e7\u00e3o.<br \/>\n5. Pressione levemente as juntas coladas por cerca de dez segundos. Libere a press\u00e3o para ver se a junta aguenta. Se isso acontecer, deixe-o de lado para esperar a cola secar completamente. Se parecer que n\u00e3o est\u00e1 secando rapidamente, continue aplicando press\u00e3o at\u00e9 que a cola seque.<br \/>\n6. Esfregue a cola com acetona se desejar remov\u00ea-la. A acetona \u00e9 um ingrediente da maioria dos removedores de esmalte.<\/p>\n","protected":false},"excerpt":{"rendered":"<p><a href=\"https:\/\/api.whatsapp.com\/send?phone=008613976116176\" rel=\"nofollow\"><img loading=\"lazy\" decoding=\"async\" class=\"aligncenter size-full wp-image-318\" src=\"https:\/\/www.mousegluetraps.top\/wp-content\/uploads\/2022\/05\/whatsapp-tous-300x93.png\" alt=\"Entre em contato direto conosco pelo Whatsapp\" width=\"300\" height=\"93\"><\/a><br \/>[ninja_form id=1]<\/p>\n","protected":false},"featured_media":754,"template":"","meta":{"_seopress_robots_primary_cat":"","_seopress_titles_title":"","_seopress_titles_desc":"","_seopress_robots_index":""},"product_brand":[],"product_cat":[67],"product_tag":[101],"class_list":{"0":"post-897","1":"product","2":"type-product","3":"status-publish","4":"has-post-thumbnail","6":"product_cat-super-cola","7":"product_tag-super-cola","9":"first","10":"instock","11":"shipping-taxable","12":"product-type-simple"},"_links":{"self":[{"href":"https:\/\/www.mousegluetraps.top\/pt-pt\/wp-json\/wp\/v2\/product\/897","targetHints":{"allow":["GET"]}}],"collection":[{"href":"https:\/\/www.mousegluetraps.top\/pt-pt\/wp-json\/wp\/v2\/product"}],"about":[{"href":"https:\/\/www.mousegluetraps.top\/pt-pt\/wp-json\/wp\/v2\/types\/product"}],"wp:featuredmedia":[{"embeddable":true,"href":"https:\/\/www.mousegluetraps.top\/pt-pt\/wp-json\/wp\/v2\/media\/754"}],"wp:attachment":[{"href":"https:\/\/www.mousegluetraps.top\/pt-pt\/wp-json\/wp\/v2\/media?parent=897"}],"wp:term":[{"taxonomy":"product_brand","embeddable":true,"href":"https:\/\/www.mousegluetraps.top\/pt-pt\/wp-json\/wp\/v2\/product_brand?post=897"},{"taxonomy":"product_cat","embeddable":true,"href":"https:\/\/www.mousegluetraps.top\/pt-pt\/wp-json\/wp\/v2\/product_cat?post=897"},{"taxonomy":"product_tag","embeddable":true,"href":"https:\/\/www.mousegluetraps.top\/pt-pt\/wp-json\/wp\/v2\/product_tag?post=897"}],"curies":[{"name":"wp","href":"https:\/\/api.w.org\/{rel}","templated":true}]}}