{"id":877,"date":"2021-04-11T09:31:24","date_gmt":"2021-04-11T09:31:24","guid":{"rendered":"https:\/\/www.mousegluetraps.top\/shop\/armadilhas-de-cola-para-rato-80aaa-da-marca-mickey-cats-com-isca-pronta-30g\/"},"modified":"2021-04-11T09:31:24","modified_gmt":"2021-04-11T09:31:24","slug":"30g-ready-baited-mickey-cats-brand-big-rat-80aaa-mouse-glue-traps","status":"publish","type":"product","link":"https:\/\/www.mousegluetraps.top\/pt-pt\/shop\/30g-ready-baited-mickey-cats-brand-big-rat-80aaa-mouse-glue-traps\/","title":{"rendered":"Armadilhas de cola para rato 80AAA da marca Mickey Cats com isca pronta 30g"},"content":{"rendered":"<div id=\"module_product_packaging_and_quick_detail\">\n<div class=\"widget-detail-overview\">\n<div class=\"do-content\">\n<div class=\"do-overview\">\n<div class=\"do-entry do-entry-separate\" data-e2e-name=\"quickDetail\">\n<div class=\"do-entry-list\">\n<p><strong>Armadilhas de cola de rato 80AAA da marca Mickey Cats com iscas prontas 30g s\u00e3o compostas de composto macromolecular importado com desempenho perfeito de alta capacidade adesiva, com cheiro agrad\u00e1vel, alto desempenho com super atrativo, muito seguro, n\u00e3o t\u00f3xico, pode ser usado repetidamente, antienvelhecimento, anti-endurecer.<\/strong> Este modelo \u00e9 um produto ecol\u00f3gico de nova gera\u00e7\u00e3o. Bastante adequado para locais onde \u00e9 necess\u00e1ria uma prote\u00e7\u00e3o ambiental rigorosa. Este tipo de armadilha de cola de rato pode ser amplamente utilizado em locais onde o rato aparece, como casa, hotel, mercado, p\u00e1tio de gado e dispon\u00edvel para operar tanto no exterior como no interior. Tipo de Praga: Ratos Recurso: Descart\u00e1vel, Sustent\u00e1vel, Estocado<\/p>\n<dl class=\"do-entry-item\">\n<dt class=\"do-entry-item\"><span class=\"attr-name J-attr-name\" title=\"Lugar de origem\">Lugar de origem: Zhejiang, China Marca: Mickey Cats ou OEM<\/span><\/dt>\n<\/dl>\n<dl class=\"do-entry-item\">\n<dt class=\"do-entry-item\"><span class=\"attr-name J-attr-name\" title=\"N\u00famero do modelo\">N\u00famero do modelo: 80AAA Tipo de controle de pragas: armadilhas<\/span><\/dt>\n<\/dl>\n<dl class=\"do-entry-item\">\n<dt class=\"do-entry-item\"><span class=\"attr-name J-attr-name\" title=\"cor da placa\">cor da placa: Verde tamanho da placa: grande<\/span><\/dt>\n<\/dl>\n<dl class=\"do-entry-item\">\n<dt class=\"do-entry-item\"><span class=\"attr-name J-attr-name\" title=\"Apar\u00eancia\">Appearance: <\/span>transparent glue <span class=\"attr-name J-attr-name\" title=\"Embalagem\">Packing: <\/span>100 pcs\/carton<\/dt>\n<\/dl>\n<dl class=\"do-entry-item\">\n<dt class=\"do-entry-item\"><span class=\"attr-name J-attr-name\" title=\"Material\">Material: cola de mouse Uso: pegar rato<\/span><\/dt>\n<\/dl>\n<dl class=\"do-entry-item\">\n<dt class=\"do-entry-item\"><span class=\"attr-name J-attr-name\" title=\"Certificado\">Certificado: <\/span>MSDS<\/dt>\n<\/dl>\n<\/div>\n<\/div>\n<div class=\"do-entry do-entry-full\" data-e2e-name=\"supplyAbility\">\n<div class=\"do-entry-title\">Capacidade de fornecimento: 500000 unidades\/unidades por m\u00eas<\/div>\n<div><\/div>\n<\/div>\n<div class=\"do-entry do-entry-full\" data-e2e-name=\"productPackaging\">\n<div class=\"do-entry-title\">embalagem e entrega<\/div>\n<div class=\"do-entry-list\">\n<dl class=\"do-entry-item\">\n<dt class=\"do-entry-item-key\" title=\"Detalhes da embalagem\">Detalhes da embalagem<\/dt>\n<dd class=\"do-entry-item-val\">Embalagem cartonada;<br \/>\n100 cart\u00f5es\/caixa;<br \/>\num cart\u00e3o\/saco de opp;<\/dd>\n<\/dl>\n<dl class=\"do-entry-item\">\n<dt class=\"do-entry-item-key\" title=\"Porta\">Porto: Ningbo<\/dt>\n<\/dl>\n<\/div>\n<\/div>\n<\/div>\n<\/div>\n<\/div>\n<\/div>\n<div id=\"module_product_specification\">\n<div id=\"J-rich-text-description\" class=\"richtext richtext-detail rich-text-description\">\n<p>Informa\u00e7\u00e3o b\u00e1sica:<\/p>\n<p>N\u00ba do modelo: 80AAA Marca: Mickey Cats<\/p>\n<p>Estado: Placa de gel transparente Tamanho: 21,5*17*1cm<\/p>\n<p>Peso l\u00edquido da cola: 30 gramas Componente principal: borracha natural, poliisobutileno<\/p>\n<p>Embalagem: 100 unidades\/caixa;<\/p>\n<p>Tamanho da caixa: 51*35*23 cm<\/p>\n<p>&nbsp;<\/p>\n<table style=\"height: 273px;\" width=\"875\" cellspacing=\"1\" cellpadding=\"0\">\n<tbody>\n<tr>\n<td>Modelo:<\/td>\n<td>Armadilha de cola para ratos 80AAA<\/td>\n<\/tr>\n<tr>\n<td>Tipo de roedor:<\/td>\n<td>Camundongos e Ratos<\/td>\n<\/tr>\n<tr>\n<td>Tipo de carta:<\/td>\n<td>Papel\u00e3o grosso\/duro<\/td>\n<\/tr>\n<tr>\n<td>Seguran\u00e7a:<\/td>\n<td>Inofensivo para humanos<\/td>\n<\/tr>\n<tr>\n<td>Mercado:<\/td>\n<td>Mundialmente<\/td>\n<\/tr>\n<tr>\n<td rowspan=\"5\">Caracter\u00edsticos:<\/td>\n<td>Resistente a altas temperaturas (at\u00e9 +70 \u2103)<\/td>\n<\/tr>\n<tr>\n<td>Resistente a baixas temperaturas (at\u00e9 -20 \u2103)<\/td>\n<\/tr>\n<tr>\n<td>Cola resistente a \u00e1gua e cart\u00e3o<\/td>\n<\/tr>\n<tr>\n<td>Alta efici\u00eancia na captura de camundongos\/ratos<\/td>\n<\/tr>\n<tr>\n<td>Prazo de validade superior a 5 anos<\/td>\n<\/tr>\n<\/tbody>\n<\/table>\n<p>&nbsp;<\/p>\n<p>Usando M\u00e9todo:<\/p>\n<p>1. Abra cuidadosamente a armadilha de cola do mouse do selo.<\/p>\n<p>2. Coloque-o onde os ratos sempre aparecem. Assim que o rato estiver preso, jogue-o fora. A armadilha pode ser usada novamente.<\/p>\n<p>3. Fixe a placa de cola do mouse no ch\u00e3o, se necess\u00e1rio.<\/p>\n<p>4. A Glue Trap \u00e9 isca pronta, n\u00e3o h\u00e1 necessidade de colocar mais nada na armadilha.<\/p>\n<p>&nbsp;<\/p>\n<p>Aviso:<\/p>\n<p>1. Mantenha crian\u00e7as e animais de estima\u00e7\u00e3o longe da armadilha de cola do mouse, pois \u00e9 uma armadilha de cola de alta viscosidade.<\/p>\n<p>2. Use algod\u00e3o absorvente embebido em querosene ou \u00f3leo comest\u00edvel se tocar nas m\u00e3os ou outras pessoas e, em seguida, lave com \u00e1gua e sab\u00e3o.<\/p>\n<p>3. Coloque a placa de cola no local adequado para evitar que homens ou animais pisem nela durante a noite.<\/p>\n<p>4. Fixe a placa de cola no ch\u00e3o com adesivo de dupla face para evitar o movimento do mouse durante<\/p>\n<p data-spm-anchor-id=\"a2700.details.0.i18.1de521feobxNYL\">5. Mantenha longe de locais \u00famidos para evitar a diminui\u00e7\u00e3o da capacidade adesiva.<\/p>\n<\/div>\n<\/div>\n","protected":false},"excerpt":{"rendered":"<p><a href=\"https:\/\/api.whatsapp.com\/send?phone=008613976116176\" rel=\"nofollow\"><img loading=\"lazy\" decoding=\"async\" class=\"aligncenter size-full wp-image-318\" src=\"https:\/\/www.mousegluetraps.top\/wp-content\/uploads\/2022\/05\/whatsapp-tous-300x93.png\" alt=\"Entre em contato direto conosco pelo Whatsapp\" width=\"300\" height=\"93\"><\/a><br \/>[ninja_form id=1]<\/p>\n","protected":false},"featured_media":544,"template":"","meta":{"_seopress_robots_primary_cat":"","_seopress_titles_title":"","_seopress_titles_desc":"","_seopress_robots_index":""},"product_brand":[],"product_cat":[66],"product_tag":[93,89],"class_list":{"0":"post-877","1":"product","2":"type-product","3":"status-publish","4":"has-post-thumbnail","6":"product_cat-rato-armadilha-de-cola","7":"product_tag-80aaa-pt-pt","8":"product_tag-ratoeira-armadilha-de-cola-pt-pt","10":"first","11":"instock","12":"shipping-taxable","13":"product-type-simple"},"_links":{"self":[{"href":"https:\/\/www.mousegluetraps.top\/pt-pt\/wp-json\/wp\/v2\/product\/877","targetHints":{"allow":["GET"]}}],"collection":[{"href":"https:\/\/www.mousegluetraps.top\/pt-pt\/wp-json\/wp\/v2\/product"}],"about":[{"href":"https:\/\/www.mousegluetraps.top\/pt-pt\/wp-json\/wp\/v2\/types\/product"}],"wp:featuredmedia":[{"embeddable":true,"href":"https:\/\/www.mousegluetraps.top\/pt-pt\/wp-json\/wp\/v2\/media\/544"}],"wp:attachment":[{"href":"https:\/\/www.mousegluetraps.top\/pt-pt\/wp-json\/wp\/v2\/media?parent=877"}],"wp:term":[{"taxonomy":"product_brand","embeddable":true,"href":"https:\/\/www.mousegluetraps.top\/pt-pt\/wp-json\/wp\/v2\/product_brand?post=877"},{"taxonomy":"product_cat","embeddable":true,"href":"https:\/\/www.mousegluetraps.top\/pt-pt\/wp-json\/wp\/v2\/product_cat?post=877"},{"taxonomy":"product_tag","embeddable":true,"href":"https:\/\/www.mousegluetraps.top\/pt-pt\/wp-json\/wp\/v2\/product_tag?post=877"}],"curies":[{"name":"wp","href":"https:\/\/api.w.org\/{rel}","templated":true}]}}