{"id":873,"date":"2021-04-11T14:21:53","date_gmt":"2021-04-11T14:21:53","guid":{"rendered":"https:\/\/www.mousegluetraps.top\/shop\/armadilha-de-cola-para-rato-grande-green-ode-8011-boa-placa-para-armadilhas-de-ratos\/"},"modified":"2021-04-11T14:21:53","modified_gmt":"2021-04-11T14:21:53","slug":"green-ode-8011-large-mouse-glue-trap-good-ratos-traps-board","status":"publish","type":"product","link":"https:\/\/www.mousegluetraps.top\/pt-pt\/shop\/green-ode-8011-large-mouse-glue-trap-good-ratos-traps-board\/","title":{"rendered":"Armadilha de cola para rato grande Green Ode 8011 boa placa para armadilhas de ratos"},"content":{"rendered":"<div id=\"module_product_packaging_and_quick_detail\">\n<div class=\"widget-detail-overview\">\n<div class=\"do-content\">\n<div class=\"do-overview\">\n<div class=\"do-entry do-entry-separate\" data-e2e-name=\"quickDetail\">\n<div data-spm-anchor-id=\"a2700.details.0.i14.632f11ee7EwVnw\">A Armadilha de Cola para Mouse de Placa de Tamanho Grande JH-8011 \u00e9 \u00f3tima para uso. Esta armadilha de cola para ratos \u00e9 de boa qualidade e eficaz para capturar camundongos e ratos. A armadilha de cola para mouse JH-8011 \u00e9 aplicada com adesivo fortemente transparente, pronto para uso, seguro e higi\u00eanico. A qualidade da placa de cart\u00e3o tamb\u00e9m \u00e9 de muito boa qualidade. N\u00e3o tem efeito colateral ao ambiente com caracter\u00edsticas de inocuidade, seguran\u00e7a, saneamento e f\u00e1cil opera\u00e7\u00e3o. \u00c9 uma armadilha de cola de mouse ideal para ambientes internos e externos.<\/div>\n<div data-spm-anchor-id=\"a2700.details.0.i14.632f11ee7EwVnw\"><\/div>\n<div class=\"do-entry-title\" data-spm-anchor-id=\"a2700.details.0.i14.632f11ee7EwVnw\"><span class=\"attr-name J-attr-name\" title=\"Capacidade\">Capacidade:50 Design: Animal \u00c1rea aplic\u00e1vel: 300-400 \u33a1<\/span><\/div>\n<div class=\"do-entry-title\" data-spm-anchor-id=\"a2700.details.0.i14.632f11ee7EwVnw\"><span class=\"attr-name J-attr-name\" title=\"Tempo usado\">Time Used: <\/span>&gt;480 Hours Product: TRAPS Use: animal control<\/div>\n<div class=\"do-entry-title\" data-spm-anchor-id=\"a2700.details.0.i14.632f11ee7EwVnw\">For\u00e7a: Forte Especifica\u00e7\u00e3o: Nenhum Carregador: N\u00e3o Aplic\u00e1vel<\/div>\n<div class=\"do-entry-title\" data-spm-anchor-id=\"a2700.details.0.i14.632f11ee7EwVnw\"><span class=\"attr-name J-attr-name\" title=\"Tamanho da folha\">Tamanho da folha: 22*16*1cm Estado: Cola de gel transparente Peso l\u00edquido: 20 gramas<\/span><\/div>\n<div class=\"do-entry-list\" data-spm-anchor-id=\"a2700.details.0.i13.632f11ee7EwVnw\">\n<dl class=\"do-entry-item\">\n<dt class=\"do-entry-item\"><span class=\"attr-name J-attr-name\" title=\"Comprador comercial\">Comprador comercial:<\/span><\/dt>\n<dd class=\"do-entry-item-val\">\n<div class=\"text-ellipsis\" title=\"Restaurantes, Fast Food e Servi\u00e7os de Comida para Viagem, Lojas de Alimentos e Bebidas, Fabrica\u00e7\u00e3o de Alimentos e Bebidas, Compras na TV, Lojas de Departamento, Bubble Tea, Barras de Sucos e Smoothies, Lojas Especializadas, Supermercados, Hot\u00e9is, Lojas de Conveni\u00eancia, Fabrica\u00e7\u00e3o de Especiarias e Extratos, Drogas Lojas, Caf\u00e9s e Cafeterias, Solu\u00e7\u00f5es Institucionais B2B, Lojas de Descontos, Catering &amp; Cantinas, Lojas E-commerce, Lojas de Presentes, Cerveja, Vinho, Lojas de Bebidas, Lojas de Souvenirs\">Restaurantes, Fast Food e Servi\u00e7os de Comida para Viagem, Lojas de Alimentos e Bebidas, Fabrica\u00e7\u00e3o de Alimentos e Bebidas, Compras na TV, Lojas de Departamento, Bubble Tea, Barras de Sucos e Smoothies, Lojas Especializadas, Supermercados, Hot\u00e9is, Lojas de Conveni\u00eancia, Fabrica\u00e7\u00e3o de Especiarias e Extratos, Drogas Lojas, Caf\u00e9s e Cafeterias, Solu\u00e7\u00f5es Institucionais B2B, Lojas de Descontos, Catering &amp; Cantinas, Lojas E-commerce, Lojas de Presentes, Cerveja, Vinho, Lojas de Bebidas, Lojas de Souvenirs<\/div>\n<\/dd>\n<\/dl>\n<dl class=\"do-entry-item\">\n<dt class=\"do-entry-item\"><span class=\"attr-name J-attr-name\" title=\"Temporada\">Temporada:Toda a temporada Tipo de praga: Camundongos Recurso: Descart\u00e1vel, Sustent\u00e1vel, Estocado<\/span><\/dt>\n<dt class=\"do-entry-item\"><span class=\"attr-name J-attr-name\" title=\"Lugar de origem\">Local de origem: Zhejiang, China Nome da marca: Mickey Cats N\u00famero do modelo: JH-8011<\/span><\/dt>\n<dt class=\"do-entry-item\"><span class=\"attr-name J-attr-name\" title=\"Embalagem\">Embalagem: 100 pe\u00e7as\/caixa, 100 pe\u00e7as\/caixa<\/span><\/dt>\n<\/dl>\n<dl class=\"do-entry-item\">\n<dt class=\"do-entry-item\"><span class=\"attr-name J-attr-name\" title=\"Tipo de controle de pragas\">Tipo de Controle de Pragas: Armadilhas<\/span><\/dt>\n<dt class=\"do-entry-item\"><span class=\"attr-name J-attr-name\" title=\"Nome do Produto\">Nome do produto: rato cola armadilha<\/span><\/dt>\n<dt class=\"do-entry-item\"><span class=\"attr-name J-attr-name\" title=\"palavras-chave\">palavras-chave: placa de cola do mouse<\/span><\/dt>\n<dt class=\"do-entry-item\"><span class=\"attr-name J-attr-name\" title=\"tamanho do tabuleiro\">tamanho da placa: m\u00e9dio<\/span><\/dt>\n<dt class=\"do-entry-item\"><span class=\"attr-name J-attr-name\" title=\"cor da placa\">cor da placa: verde<\/span><\/dt>\n<dt class=\"do-entry-item\"><span class=\"attr-name J-attr-name\" title=\"Apar\u00eancia\">Apar\u00eancia: gel transparente<\/span><\/dt>\n<dt class=\"do-entry-item\"><span class=\"attr-name J-attr-name\" title=\"Material\">Material: cola de rato<\/span><\/dt>\n<dt class=\"do-entry-item\"><span class=\"attr-name J-attr-name\" title=\"Aplicativo\">Aplica\u00e7\u00e3o: pegar rato de rato<\/span><\/dt>\n<dt class=\"do-entry-item\"><span class=\"attr-name J-attr-name\" title=\"validade\">vida \u00fatil: 5 anos<\/span><\/dt>\n<dt class=\"do-entry-item\">Capacidade de fornecimento de 500.000 unidades\/unidades por semana<\/dt>\n<\/dl>\n<\/div>\n<\/div>\n<div class=\"do-entry do-entry-full\" data-e2e-name=\"productPackaging\">\n<div class=\"do-entry-title\">embalagem e entrega<\/div>\n<div class=\"do-entry-title\">Embalagem cartonada;<\/div>\n<div class=\"do-entry-title\">100 unidades\/caixa;<\/div>\n<div class=\"do-entry-title\">um pc\/saco de opp;<\/div>\n<div class=\"do-entry-title\">Porto Ningbo<\/div>\n<div class=\"do-entry-list\">\n<dl class=\"do-entry-item product-package-image\">\n<dt title=\"Exemplo de imagem: \"><\/dt>\n<dd class=\"do-entry-item-val\">\n<div class=\"package-img-container\" aria-haspopup=\"true\" aria-expanded=\"false\"><\/div>\n<\/dd>\n<\/dl>\n<dl class=\"leadtime-table\"><\/dl>\n<\/div>\n<\/div>\n<\/div>\n<\/div>\n<\/div>\n<\/div>\n<div id=\"module_product_specification\">\n<div id=\"J-rich-text-description\" class=\"richtext richtext-detail rich-text-description\">\n<p>Escopo do aplicativo:<\/p>\n<p>A armadilha de cola para mouse Green Ode JH-8011 \u00e9 amplamente utilizada em locais onde o mouse aparece, como casa, hotel, mercado, p\u00e1tio de gado e dispon\u00edvel para operar tanto em ambientes externos quanto internos. Como usar:<\/p>\n<p>1. Abra a placa de cola adesiva do mouse como um livro.<br \/>\n2. Remova dois bot\u00f5es vermelhos do lado adesivo (os bot\u00f5es internos s\u00e3o projetados para evitar que o cart\u00e3o grude)<br \/>\n3. Dobre o papel\u00e3o ao meio com for\u00e7a, para que os dois lados adesivos fiquem bem grudados; em seguida, reabra-o (isso pode ajudar a aumentar a ader\u00eancia).<br \/>\n4. Amendoim, manteiga, peixe frito ou um pouco de biscoito podem ser colocados na superf\u00edcie pegajosa para aumentar o efeito atraente.<br \/>\n5. 5 a 8 placas de mouse adesivas s\u00e3o sugeridas para uma \u00e1rea de 60 metros quadrados (cerca de 11sq.ft).<\/p>\n<p>Aviso:<br \/>\n1. Por favor, mantenha seus filhos e animais de estima\u00e7\u00e3o afastados, pois a cola \u00e9 super pegajosa.<br \/>\n2. Use algod\u00e3o absorvente embebido em querosene ou \u00f3leo comest\u00edvel se tocar nas m\u00e3os ou outras pessoas e, em seguida, lave com \u00e1gua e sab\u00e3o.<br \/>\n3. Coloque a armadilha de cola no local adequado para evitar que homens ou animais pisem nela durante a noite.<br \/>\n4. Embora nossa armadilha de cola cheire bem, N\u00c3O COMA.<br \/>\n5. N\u00e3o entre em contato com o cabelo com a cola.<\/p>\n<\/div>\n<\/div>\n","protected":false},"excerpt":{"rendered":"<p><a href=\"https:\/\/api.whatsapp.com\/send?phone=008613976116176\" rel=\"nofollow\"><img loading=\"lazy\" decoding=\"async\" class=\"aligncenter size-full wp-image-318\" src=\"https:\/\/www.mousegluetraps.top\/wp-content\/uploads\/2022\/05\/whatsapp-tous-300x93.png\" alt=\"Entre em contato direto conosco pelo Whatsapp\" width=\"300\" height=\"93\"><\/a><br \/>[ninja_form id=1]<\/p>\n","protected":false},"featured_media":554,"template":"","meta":{"_seopress_robots_primary_cat":"","_seopress_titles_title":"","_seopress_titles_desc":"","_seopress_robots_index":""},"product_brand":[],"product_cat":[66],"product_tag":[91],"class_list":{"0":"post-873","1":"product","2":"type-product","3":"status-publish","4":"has-post-thumbnail","6":"product_cat-rato-armadilha-de-cola","7":"product_tag-ratoeiras","9":"first","10":"instock","11":"shipping-taxable","12":"product-type-simple"},"_links":{"self":[{"href":"https:\/\/www.mousegluetraps.top\/pt-pt\/wp-json\/wp\/v2\/product\/873","targetHints":{"allow":["GET"]}}],"collection":[{"href":"https:\/\/www.mousegluetraps.top\/pt-pt\/wp-json\/wp\/v2\/product"}],"about":[{"href":"https:\/\/www.mousegluetraps.top\/pt-pt\/wp-json\/wp\/v2\/types\/product"}],"wp:featuredmedia":[{"embeddable":true,"href":"https:\/\/www.mousegluetraps.top\/pt-pt\/wp-json\/wp\/v2\/media\/554"}],"wp:attachment":[{"href":"https:\/\/www.mousegluetraps.top\/pt-pt\/wp-json\/wp\/v2\/media?parent=873"}],"wp:term":[{"taxonomy":"product_brand","embeddable":true,"href":"https:\/\/www.mousegluetraps.top\/pt-pt\/wp-json\/wp\/v2\/product_brand?post=873"},{"taxonomy":"product_cat","embeddable":true,"href":"https:\/\/www.mousegluetraps.top\/pt-pt\/wp-json\/wp\/v2\/product_cat?post=873"},{"taxonomy":"product_tag","embeddable":true,"href":"https:\/\/www.mousegluetraps.top\/pt-pt\/wp-json\/wp\/v2\/product_tag?post=873"}],"curies":[{"name":"wp","href":"https:\/\/api.w.org\/{rel}","templated":true}]}}