{"id":865,"date":"2021-04-12T12:01:09","date_gmt":"2021-04-12T12:01:09","guid":{"rendered":"https:\/\/www.mousegluetraps.top\/shop\/armadilhas-de-cola-de-tamanho-pequeno-edge-leaf-jh-29-genuinas\/"},"modified":"2021-04-12T12:01:09","modified_gmt":"2021-04-12T12:01:09","slug":"armadilhas-de-cola-para-ratos-de-tamanho-pequeno-genuinas-jh-29","status":"publish","type":"product","link":"https:\/\/www.mousegluetraps.top\/pt-pt\/shop\/armadilhas-de-cola-para-ratos-de-tamanho-pequeno-genuinas-jh-29\/","title":{"rendered":"Armadilhas de cola de tamanho pequeno Edge Leaf JH-29 genu\u00ednas"},"content":{"rendered":"<div id=\"module_product_packaging_and_quick_detail\">\n<div class=\"widget-detail-overview\">\n<div class=\"do-content\">\n<div class=\"do-overview\">\n<div class=\"do-entry do-entry-separate\" data-e2e-name=\"quickDetail\">\n<div data-spm-anchor-id=\"a2700.details.0.i14.632f11ee7EwVnw\">A armadilha de cola para ratos JH-29 \u00e9 um tipo de gel pegajoso que \u00e9 bastante eficaz para se livrar de camundongos e ratos. Colocamos o gel muito forte em uma placa de papel (formato retangular), dando um resultado de excelente qualidade para capturar ratos e camundongos de forma eficaz. A cola possui um bast\u00e3o extremo e propriedades altamente viscosas. Colocamos um forte atrativo no adesivo, ent\u00e3o ele est\u00e1 pronto para uso.<\/div>\n<div data-spm-anchor-id=\"a2700.details.0.i14.632f11ee7EwVnw\"><\/div>\n<div class=\"do-entry-title\" data-spm-anchor-id=\"a2700.details.0.i14.632f11ee7EwVnw\"><span class=\"attr-name J-attr-name\" title=\"Capacidade\">Capacidade:50 Design: Animal \u00c1rea aplic\u00e1vel: 300-400 \u33a1<\/span><\/div>\n<div class=\"do-entry-title\" data-spm-anchor-id=\"a2700.details.0.i14.632f11ee7EwVnw\"><span class=\"attr-name J-attr-name\" title=\"Tempo usado\">Time Used: <\/span>&gt;480 Hours Product: TRAPS Use: animal control<\/div>\n<div class=\"do-entry-title\" data-spm-anchor-id=\"a2700.details.0.i14.632f11ee7EwVnw\">Resist\u00eancia: Forte Papel\u00e3o: 65 gramas Carregador: N\u00e3o Aplic\u00e1vel<\/div>\n<div class=\"do-entry-title\" data-spm-anchor-id=\"a2700.details.0.i14.632f11ee7EwVnw\"><span class=\"attr-name J-attr-name\" title=\"Tamanho da folha\">Tamanho da folha: 17*12cm*1cm Estado: Cola de gel transparente Peso l\u00edquido: 13 gramas<\/span><\/div>\n<div class=\"do-entry-list\" data-spm-anchor-id=\"a2700.details.0.i13.632f11ee7EwVnw\">\n<dl class=\"do-entry-item\">\n<dt>\n<div><\/div>\n<div id=\"module_product_specification\">\n<div id=\"J-rich-text-description\" class=\"richtext richtext-detail rich-text-description\">\n<table style=\"height: 331px;\" width=\"829\" cellspacing=\"1\" cellpadding=\"0\">\n<tbody>\n<tr>\n<td>Modelo.:<\/td>\n<td>Armadilha de cola para ratos JH-29<\/td>\n<\/tr>\n<tr>\n<td>Tipo de roedor:<\/td>\n<td>Camundongos e Ratos<\/td>\n<\/tr>\n<tr>\n<td>Tipo de carta:<\/td>\n<td>papel cart\u00e3o grosso<\/td>\n<\/tr>\n<tr>\n<td>Seguran\u00e7a:<\/td>\n<td>Inofensivo para humanos<\/td>\n<\/tr>\n<tr>\n<td>Mercado:<\/td>\n<td>Mundialmente<\/td>\n<\/tr>\n<tr>\n<td rowspan=\"5\">Caracter\u00edsticos:<\/td>\n<td>Resistente a altas temperaturas (at\u00e9 +70 \u2103)<\/td>\n<\/tr>\n<tr>\n<td>Resistente a baixas temperaturas (at\u00e9 -20 \u2103)<\/td>\n<\/tr>\n<tr>\n<td>Cola resistente a \u00e1gua e cart\u00e3o<\/td>\n<\/tr>\n<tr>\n<td>Alta efici\u00eancia na captura de camundongos\/ratos<\/td>\n<\/tr>\n<tr>\n<td>Prazo de validade superior a 5 anos<\/td>\n<\/tr>\n<tr>\n<td rowspan=\"2\">Embalagem:<\/td>\n<td>100 unidades\/caixa<\/td>\n<\/tr>\n<tr>\n<td>Tamanho da caixa: 56*28*12 cm<\/td>\n<\/tr>\n<\/tbody>\n<\/table>\n<p><span style=\"color: #333333;\">Comprador comercial:<\/span><\/p>\n<\/div>\n<\/div>\n<\/dt>\n<dd class=\"do-entry-item-val\">\n<div class=\"text-ellipsis\" title=\"Restaurantes, Fast Food e Servi\u00e7os de Comida para Viagem, Lojas de Alimentos e Bebidas, Fabrica\u00e7\u00e3o de Alimentos e Bebidas, Compras na TV, Lojas de Departamento, Bubble Tea, Barras de Sucos e Smoothies, Lojas Especializadas, Supermercados, Hot\u00e9is, Lojas de Conveni\u00eancia, Fabrica\u00e7\u00e3o de Especiarias e Extratos, Drogas Lojas, Caf\u00e9s e Cafeterias, Solu\u00e7\u00f5es Institucionais B2B, Lojas de Descontos, Catering &amp; Cantinas, Lojas E-commerce, Lojas de Presentes, Cerveja, Vinho, Lojas de Bebidas, Lojas de Souvenirs\">Restaurantes, Fast Food e Servi\u00e7os de Comida para Viagem, Lojas de Alimentos e Bebidas, Fabrica\u00e7\u00e3o de Alimentos e Bebidas, Compras na TV, Lojas de Departamento, Bubble Tea, Barras de Sucos e Smoothies, Lojas Especializadas, Supermercados, Hot\u00e9is, Lojas de Conveni\u00eancia, Fabrica\u00e7\u00e3o de Especiarias e Extratos, Drogas Lojas, Caf\u00e9s e Cafeterias, Solu\u00e7\u00f5es Institucionais B2B, Lojas de Descontos, Catering &amp; Cantinas, Lojas E-commerce, Lojas de Presentes, Cerveja, Vinho, Lojas de Bebidas, Lojas de Souvenirs<\/div>\n<\/dd>\n<\/dl>\n<dl class=\"do-entry-item\">\n<dt class=\"do-entry-item\"><span class=\"attr-name J-attr-name\" title=\"Temporada\">Temporada:Toda a temporada Tipo de praga: Camundongos Recurso: Descart\u00e1vel, Sustent\u00e1vel, Estocado<\/span><\/dt>\n<dt class=\"do-entry-item\"><span class=\"attr-name J-attr-name\" title=\"Lugar de origem\">Local de origem: Zhejiang, China Nome da marca: Mickey Cats N\u00famero do modelo: GO-20<\/span><\/dt>\n<dt class=\"do-entry-item\"><span class=\"attr-name J-attr-name\" title=\"Embalagem\">Embalagem: 100 pe\u00e7as\/caixa, 100 pe\u00e7as\/caixa<\/span><\/dt>\n<\/dl>\n<dl class=\"do-entry-item\">\n<dt class=\"do-entry-item\"><span class=\"attr-name J-attr-name\" title=\"Tipo de controle de pragas\">Tipo de Controle de Pragas: Armadilhas<\/span><\/dt>\n<dt class=\"do-entry-item\"><span class=\"attr-name J-attr-name\" title=\"Nome do Produto\">Nome do produto: rato cola armadilha<\/span><\/dt>\n<dt class=\"do-entry-item\"><span class=\"attr-name J-attr-name\" title=\"palavras-chave\">palavras-chave: placa de cola do mouse<\/span><\/dt>\n<dt class=\"do-entry-item\"><span class=\"attr-name J-attr-name\" title=\"tamanho do tabuleiro\">tamanho da placa: m\u00e9dio<\/span><\/dt>\n<dt class=\"do-entry-item\"><span class=\"attr-name J-attr-name\" title=\"cor da placa\">cor da placa: verde<\/span><\/dt>\n<dt class=\"do-entry-item\"><span class=\"attr-name J-attr-name\" title=\"Apar\u00eancia\">Apar\u00eancia: gel transparente<\/span><\/dt>\n<dt class=\"do-entry-item\"><span class=\"attr-name J-attr-name\" title=\"Material\">Material: cola de rato<\/span><\/dt>\n<dt class=\"do-entry-item\"><span class=\"attr-name J-attr-name\" title=\"Aplicativo\">Aplica\u00e7\u00e3o: pegar rato de rato<\/span><\/dt>\n<dt class=\"do-entry-item\"><span class=\"attr-name J-attr-name\" title=\"validade\">vida \u00fatil: 5 anos<\/span><\/dt>\n<dt class=\"do-entry-item\">Capacidade de fornecimento de 500.000 unidades\/unidades por semana<\/dt>\n<\/dl>\n<\/div>\n<\/div>\n<div class=\"do-entry do-entry-full\" data-e2e-name=\"productPackaging\">\n<div class=\"do-entry-title\">embalagem e entrega<\/div>\n<div class=\"do-entry-title\">Embalagem cartonada;<\/div>\n<div class=\"do-entry-title\">100 unidades\/caixa;<\/div>\n<div class=\"do-entry-title\">um pc\/saco de opp;<\/div>\n<div class=\"do-entry-title\">Porto Ningbo<\/div>\n<div class=\"do-entry-list\">\n<dl class=\"do-entry-item product-package-image\">\n<dt title=\"Exemplo de imagem: \"><\/dt>\n<dd class=\"do-entry-item-val\">\n<div class=\"package-img-container\" aria-haspopup=\"true\" aria-expanded=\"false\"><\/div>\n<\/dd>\n<\/dl>\n<dl class=\"leadtime-table\"><\/dl>\n<\/div>\n<\/div>\n<\/div>\n<\/div>\n<\/div>\n<\/div>\n<div id=\"module_product_specification\">\n<div id=\"J-rich-text-description\" class=\"richtext richtext-detail rich-text-description\">\n<p>Escopo do aplicativo:<\/p>\n<p>A armadilha de cola para rato JH-29 \u00e9 amplamente utilizada em hot\u00e9is, restaurantes, lojas, f\u00e1bricas, armaz\u00e9ns e casas. N\u00e3o tem efeito colateral ao ambiente com caracter\u00edsticas de inocuidade, seguran\u00e7a, saneamento e f\u00e1cil opera\u00e7\u00e3o.<\/p>\n<p>Dire\u00e7\u00e3o para uso:<\/p>\n<p>1. Abra cuidadosamente a armadilha de cola do mouse do selo.<br \/>\n2. Coloque-o onde os ratos sempre aparecem. Assim que o rato estiver preso, jogue-o fora. A armadilha pode ser usada novamente.<br \/>\n3. Fixe a placa de cola do mouse no ch\u00e3o, se necess\u00e1rio.<br \/>\n4. A Armadilha vem com iscas prontas, n\u00e3o h\u00e1 necessidade de colocar comida na armadilha.<\/p>\n<p>Cuidados:<br \/>\n1. Mantenha-se afastado de locais onde crian\u00e7as ou animais de estima\u00e7\u00e3o possam alcan\u00e7ar.<br \/>\n2. Evite tocar o produto diretamente com a m\u00e3o, mesmo que n\u00e3o seja prejudicial para os seres humanos.<br \/>\n3. Se suas m\u00e3os ou roupas estiverem manchadas, limpe com \u00f3leo mineral ou \u00f3leo vegetal e lave com sopa.<br \/>\n4. Se a cola do mouse manchou o ch\u00e3o, limpe com petr\u00f3leo. Ao usar petr\u00f3leo, cuidado com o fogo.<\/p>\n<\/div>\n<\/div>\n","protected":false},"excerpt":{"rendered":"<p><a href=\"https:\/\/api.whatsapp.com\/send?phone=008613976116176\" rel=\"nofollow\"><img loading=\"lazy\" decoding=\"async\" class=\"aligncenter size-full wp-image-318\" src=\"https:\/\/www.mousegluetraps.top\/wp-content\/uploads\/2022\/05\/whatsapp-tous-300x93.png\" alt=\"Entre em contato direto conosco pelo Whatsapp\" width=\"300\" height=\"93\"><\/a><br \/>[ninja_form id=1]<\/p>\n","protected":false},"featured_media":566,"template":"","meta":{"_seopress_robots_primary_cat":"","_seopress_titles_title":"","_seopress_titles_desc":"","_seopress_robots_index":""},"product_brand":[],"product_cat":[66],"product_tag":[89],"class_list":{"0":"post-865","1":"product","2":"type-product","3":"status-publish","4":"has-post-thumbnail","6":"product_cat-rato-armadilha-de-cola","7":"product_tag-ratoeira-armadilha-de-cola-pt-pt","9":"first","10":"instock","11":"shipping-taxable","12":"product-type-simple"},"_links":{"self":[{"href":"https:\/\/www.mousegluetraps.top\/pt-pt\/wp-json\/wp\/v2\/product\/865","targetHints":{"allow":["GET"]}}],"collection":[{"href":"https:\/\/www.mousegluetraps.top\/pt-pt\/wp-json\/wp\/v2\/product"}],"about":[{"href":"https:\/\/www.mousegluetraps.top\/pt-pt\/wp-json\/wp\/v2\/types\/product"}],"wp:featuredmedia":[{"embeddable":true,"href":"https:\/\/www.mousegluetraps.top\/pt-pt\/wp-json\/wp\/v2\/media\/566"}],"wp:attachment":[{"href":"https:\/\/www.mousegluetraps.top\/pt-pt\/wp-json\/wp\/v2\/media?parent=865"}],"wp:term":[{"taxonomy":"product_brand","embeddable":true,"href":"https:\/\/www.mousegluetraps.top\/pt-pt\/wp-json\/wp\/v2\/product_brand?post=865"},{"taxonomy":"product_cat","embeddable":true,"href":"https:\/\/www.mousegluetraps.top\/pt-pt\/wp-json\/wp\/v2\/product_cat?post=865"},{"taxonomy":"product_tag","embeddable":true,"href":"https:\/\/www.mousegluetraps.top\/pt-pt\/wp-json\/wp\/v2\/product_tag?post=865"}],"curies":[{"name":"wp","href":"https:\/\/api.w.org\/{rel}","templated":true}]}}