{"id":862,"date":"2021-04-12T12:09:37","date_gmt":"2021-04-12T12:09:37","guid":{"rendered":"https:\/\/www.mousegluetraps.top\/shop\/armadilhas-de-cola-adesiva-super-forte-para-ratos-jh-18-cola-para-captura-de-ratos-e-roedores\/"},"modified":"2021-04-12T12:09:37","modified_gmt":"2021-04-12T12:09:37","slug":"cola-para-rato-super-forte-pegajosa-jh-18-cola-para-captura-de-ratos","status":"publish","type":"product","link":"https:\/\/www.mousegluetraps.top\/pt-pt\/shop\/cola-para-rato-super-forte-pegajosa-jh-18-cola-para-captura-de-ratos\/","title":{"rendered":"Armadilhas de cola adesiva super forte para ratos JH-18 Cola para captura de ratos e roedores"},"content":{"rendered":"<div id=\"module_product_packaging_and_quick_detail\">\n<div class=\"widget-detail-overview\">\n<div class=\"do-content\">\n<div class=\"do-overview\">\n<div class=\"do-entry do-entry-separate\" data-e2e-name=\"quickDetail\">\n<div data-spm-anchor-id=\"a2700.details.0.i14.632f11ee7EwVnw\">Edge Leaf JH-18-1 cor verde tamanho pequeno Mouse Glue Trap \u00e9 uma venda imperd\u00edvel. Esta armadilha de cola para ratos \u00e9 de boa qualidade e captura camundongos e ratos de forma eficaz. Esta armadilha de cola de rato \u00e9 aplicada com gel transparente super forte, pronto a usar, seguro e higi\u00e9nico. \u00c9 uma armadilha de cola de mouse ideal para capturar ratos de forma eficaz.<\/div>\n<div data-spm-anchor-id=\"a2700.details.0.i14.632f11ee7EwVnw\"><\/div>\n<div class=\"do-entry-title\" data-spm-anchor-id=\"a2700.details.0.i14.632f11ee7EwVnw\"><span class=\"attr-name J-attr-name\" title=\"Capacidade\">Capacidade:50 Design: Animal \u00c1rea aplic\u00e1vel: 300-400 \u33a1<\/span><\/div>\n<div class=\"do-entry-title\" data-spm-anchor-id=\"a2700.details.0.i14.632f11ee7EwVnw\"><span class=\"attr-name J-attr-name\" title=\"Tempo usado\">Time Used: <\/span>&gt;480 Hours Product: TRAPS Use: animal control<\/div>\n<div class=\"do-entry-title\" data-spm-anchor-id=\"a2700.details.0.i14.632f11ee7EwVnw\">Resist\u00eancia: Forte Papel\u00e3o: 65 gramas Carregador: N\u00e3o Aplic\u00e1vel<\/div>\n<div class=\"do-entry-title\" data-spm-anchor-id=\"a2700.details.0.i14.632f11ee7EwVnw\"><span class=\"attr-name J-attr-name\" title=\"Tamanho da folha\">Tamanho da folha: 17*12cm*1cm Estado: Cola de gel transparente Peso l\u00edquido: 13 gramas<\/span><\/div>\n<div class=\"do-entry-list\" data-spm-anchor-id=\"a2700.details.0.i13.632f11ee7EwVnw\">\n<dl class=\"do-entry-item\">\n<dt>\n<div><\/div>\n<div id=\"module_product_specification\">\n<div id=\"J-rich-text-description\" class=\"richtext richtext-detail rich-text-description\">\n<table style=\"height: 331px;\" width=\"829\" cellspacing=\"1\" cellpadding=\"0\">\n<tbody>\n<tr>\n<td>Modelo.:<\/td>\n<td>Armadilha de cola para ratos JH-18-1<\/td>\n<\/tr>\n<tr>\n<td>Tipo de roedor:<\/td>\n<td>Camundongos e Ratos<\/td>\n<\/tr>\n<tr>\n<td>Tipo de carta:<\/td>\n<td>papel cart\u00e3o grosso<\/td>\n<\/tr>\n<tr>\n<td>Seguran\u00e7a:<\/td>\n<td>Inofensivo para humanos<\/td>\n<\/tr>\n<tr>\n<td>Mercado:<\/td>\n<td>Mundialmente<\/td>\n<\/tr>\n<tr>\n<td rowspan=\"5\">Caracter\u00edsticos:<\/td>\n<td>Resistente a altas temperaturas (at\u00e9 +70 \u2103)<\/td>\n<\/tr>\n<tr>\n<td>Resistente a baixas temperaturas (at\u00e9 -20 \u2103)<\/td>\n<\/tr>\n<tr>\n<td>Cola resistente a \u00e1gua e cart\u00e3o<\/td>\n<\/tr>\n<tr>\n<td>Alta efici\u00eancia na captura de camundongos\/ratos<\/td>\n<\/tr>\n<tr>\n<td>Prazo de validade superior a 5 anos<\/td>\n<\/tr>\n<tr>\n<td rowspan=\"2\">Embalagem:<\/td>\n<td>100 unidades\/caixa<\/td>\n<\/tr>\n<tr>\n<td>Tamanho da caixa: 50*26*18cm<\/td>\n<\/tr>\n<\/tbody>\n<\/table>\n<p><span style=\"color: #333333;\">Comprador comercial:<\/span><\/p>\n<\/div>\n<\/div>\n<\/dt>\n<dd class=\"do-entry-item-val\">\n<div class=\"text-ellipsis\" title=\"Restaurantes, Fast Food e Servi\u00e7os de Comida para Viagem, Lojas de Alimentos e Bebidas, Fabrica\u00e7\u00e3o de Alimentos e Bebidas, Compras na TV, Lojas de Departamento, Bubble Tea, Barras de Sucos e Smoothies, Lojas Especializadas, Supermercados, Hot\u00e9is, Lojas de Conveni\u00eancia, Fabrica\u00e7\u00e3o de Especiarias e Extratos, Drogas Lojas, Caf\u00e9s e Cafeterias, Solu\u00e7\u00f5es Institucionais B2B, Lojas de Descontos, Catering &amp; Cantinas, Lojas E-commerce, Lojas de Presentes, Cerveja, Vinho, Lojas de Bebidas, Lojas de Souvenirs\">Restaurantes, Fast Food e Servi\u00e7os de Comida para Viagem, Lojas de Alimentos e Bebidas, Fabrica\u00e7\u00e3o de Alimentos e Bebidas, Compras na TV, Lojas de Departamento, Bubble Tea, Barras de Sucos e Smoothies, Lojas Especializadas, Supermercados, Hot\u00e9is, Lojas de Conveni\u00eancia, Fabrica\u00e7\u00e3o de Especiarias e Extratos, Drogas Lojas, Caf\u00e9s e Cafeterias, Solu\u00e7\u00f5es Institucionais B2B, Lojas de Descontos, Catering &amp; Cantinas, Lojas E-commerce, Lojas de Presentes, Cerveja, Vinho, Lojas de Bebidas, Lojas de Souvenirs<\/div>\n<\/dd>\n<\/dl>\n<dl class=\"do-entry-item\">\n<dt class=\"do-entry-item\"><span class=\"attr-name J-attr-name\" title=\"Temporada\">Temporada:Toda a temporada Tipo de praga: Camundongos Recurso: Descart\u00e1vel, Sustent\u00e1vel, Estocado<\/span><\/dt>\n<dt class=\"do-entry-item\"><span class=\"attr-name J-attr-name\" title=\"Lugar de origem\">Local de origem: Zhejiang, China Nome da marca: Mickey Cats N\u00famero do modelo: JH-18-1<\/span><\/dt>\n<dt class=\"do-entry-item\"><span class=\"attr-name J-attr-name\" title=\"Embalagem\">Embalagem: 100 pe\u00e7as\/caixa, 100 pe\u00e7as\/caixa<\/span><\/dt>\n<\/dl>\n<dl class=\"do-entry-item\">\n<dt class=\"do-entry-item\"><span class=\"attr-name J-attr-name\" title=\"Tipo de controle de pragas\">Tipo de Controle de Pragas: Armadilhas<\/span><\/dt>\n<dt class=\"do-entry-item\"><span class=\"attr-name J-attr-name\" title=\"Nome do Produto\">Nome do produto: rato cola armadilha<\/span><\/dt>\n<dt class=\"do-entry-item\"><span class=\"attr-name J-attr-name\" title=\"palavras-chave\">palavras-chave: placa de cola do mouse<\/span><\/dt>\n<dt class=\"do-entry-item\"><span class=\"attr-name J-attr-name\" title=\"tamanho do tabuleiro\">tamanho da placa: m\u00e9dio<\/span><\/dt>\n<dt class=\"do-entry-item\"><span class=\"attr-name J-attr-name\" title=\"cor da placa\">cor da placa: verde<\/span><\/dt>\n<dt class=\"do-entry-item\"><span class=\"attr-name J-attr-name\" title=\"Apar\u00eancia\">Apar\u00eancia: gel transparente<\/span><\/dt>\n<dt class=\"do-entry-item\"><span class=\"attr-name J-attr-name\" title=\"Material\">Material: cola de rato<\/span><\/dt>\n<dt class=\"do-entry-item\"><span class=\"attr-name J-attr-name\" title=\"Aplicativo\">Aplica\u00e7\u00e3o: pegar rato de rato<\/span><\/dt>\n<dt class=\"do-entry-item\"><span class=\"attr-name J-attr-name\" title=\"validade\">vida \u00fatil: 5 anos<\/span><\/dt>\n<dt class=\"do-entry-item\">Capacidade de fornecimento de 500.000 unidades\/unidades por semana<\/dt>\n<\/dl>\n<\/div>\n<\/div>\n<div class=\"do-entry do-entry-full\" data-e2e-name=\"productPackaging\">\n<div class=\"do-entry-title\">embalagem e entrega<\/div>\n<div class=\"do-entry-title\">Embalagem cartonada;<\/div>\n<div class=\"do-entry-title\">100 unidades\/caixa;<\/div>\n<div class=\"do-entry-title\">um pc\/saco de opp;<\/div>\n<div class=\"do-entry-title\">Porto Ningbo<\/div>\n<div class=\"do-entry-list\">\n<dl class=\"do-entry-item product-package-image\">\n<dt title=\"Exemplo de imagem: \"><\/dt>\n<dd class=\"do-entry-item-val\">\n<div class=\"package-img-container\" aria-haspopup=\"true\" aria-expanded=\"false\"><\/div>\n<\/dd>\n<\/dl>\n<dl class=\"leadtime-table\"><\/dl>\n<\/div>\n<\/div>\n<\/div>\n<\/div>\n<\/div>\n<\/div>\n<div id=\"module_product_specification\">\n<div id=\"J-rich-text-description\" class=\"richtext richtext-detail rich-text-description\">\n<p>Escopo do aplicativo:<\/p>\n<p>A armadilha de cola para mouse JH-18-1 da Green Ode commodity Limited \u00e9 amplamente utilizada. Especialmente adequado para resid\u00eancias, f\u00e1bricas de alimentos, restaurantes, armaz\u00e9ns de alimentos, etc. \u00c9 um substituto maravilhoso do veneno de rato.<\/p>\n<p>Como usar:<\/p>\n<p>1. Abra a placa de cola adesiva do mouse como um livro.<br \/>\n2. Remova dois bot\u00f5es vermelhos do lado adesivo (os bot\u00f5es internos s\u00e3o projetados para evitar que o cart\u00e3o grude)<br \/>\n3. Dobre o papel\u00e3o ao meio com for\u00e7a, para que os dois lados adesivos fiquem bem grudados; em seguida, reabra-o (isso pode ajudar a aumentar a ader\u00eancia).<br \/>\n4. Amendoim, manteiga, peixe frito ou um pouco de biscoito podem ser colocados na superf\u00edcie pegajosa para aumentar o efeito atraente.<br \/>\n5. 5 a 8 placas de mouse adesivas s\u00e3o sugeridas para uma \u00e1rea de 60 metros quadrados (cerca de 11sq.ft).<\/p>\n<p>Avisa:<br \/>\n1. Se a armadilha de cola do mouse ficar molhada, seque-a antes de usar.<br \/>\n2. Use gasolina e depois agente de limpeza para remover a cola das roupas ou<br \/>\noutros artigos em caso de contato com o adesivo.<br \/>\n3. Evite o contato de seus animais de estima\u00e7\u00e3o com a armadilha de cola do mouse.<br \/>\n4. N\u00e3o entre em contato com os olhos.<\/p>\n<\/div>\n<\/div>\n","protected":false},"excerpt":{"rendered":"<p><a href=\"https:\/\/api.whatsapp.com\/send?phone=008613976116176\" rel=\"nofollow\"><img loading=\"lazy\" decoding=\"async\" class=\"aligncenter size-full wp-image-318\" src=\"https:\/\/www.mousegluetraps.top\/wp-content\/uploads\/2022\/05\/whatsapp-tous-300x93.png\" alt=\"Entre em contato direto conosco pelo Whatsapp\" width=\"300\" height=\"93\"><\/a><br \/>[ninja_form id=1]<\/p>\n","protected":false},"featured_media":568,"template":"","meta":{"_seopress_robots_primary_cat":"","_seopress_titles_title":"","_seopress_titles_desc":"","_seopress_robots_index":""},"product_brand":[],"product_cat":[66],"product_tag":[89],"class_list":{"0":"post-862","1":"product","2":"type-product","3":"status-publish","4":"has-post-thumbnail","6":"product_cat-rato-armadilha-de-cola","7":"product_tag-ratoeira-armadilha-de-cola-pt-pt","9":"first","10":"instock","11":"shipping-taxable","12":"product-type-simple"},"_links":{"self":[{"href":"https:\/\/www.mousegluetraps.top\/pt-pt\/wp-json\/wp\/v2\/product\/862","targetHints":{"allow":["GET"]}}],"collection":[{"href":"https:\/\/www.mousegluetraps.top\/pt-pt\/wp-json\/wp\/v2\/product"}],"about":[{"href":"https:\/\/www.mousegluetraps.top\/pt-pt\/wp-json\/wp\/v2\/types\/product"}],"wp:featuredmedia":[{"embeddable":true,"href":"https:\/\/www.mousegluetraps.top\/pt-pt\/wp-json\/wp\/v2\/media\/568"}],"wp:attachment":[{"href":"https:\/\/www.mousegluetraps.top\/pt-pt\/wp-json\/wp\/v2\/media?parent=862"}],"wp:term":[{"taxonomy":"product_brand","embeddable":true,"href":"https:\/\/www.mousegluetraps.top\/pt-pt\/wp-json\/wp\/v2\/product_brand?post=862"},{"taxonomy":"product_cat","embeddable":true,"href":"https:\/\/www.mousegluetraps.top\/pt-pt\/wp-json\/wp\/v2\/product_cat?post=862"},{"taxonomy":"product_tag","embeddable":true,"href":"https:\/\/www.mousegluetraps.top\/pt-pt\/wp-json\/wp\/v2\/product_tag?post=862"}],"curies":[{"name":"wp","href":"https:\/\/api.w.org\/{rel}","templated":true}]}}