{"id":858,"date":"2021-04-12T12:21:44","date_gmt":"2021-04-12T12:21:44","guid":{"rendered":"https:\/\/www.mousegluetraps.top\/shop\/atacado-rat-boards-b03-armadilhas-de-cola-para-mouse-de-tamanho-grande\/"},"modified":"2021-04-12T12:21:44","modified_gmt":"2021-04-12T12:21:44","slug":"atacado-rat-boards-b03-tamanho-grande-tamanho-rato-cola-armadilhas","status":"publish","type":"product","link":"https:\/\/www.mousegluetraps.top\/pt-pt\/shop\/atacado-rat-boards-b03-tamanho-grande-tamanho-rato-cola-armadilhas\/","title":{"rendered":"Atacado Rat Boards B03 Armadilhas de cola para mouse de tamanho grande"},"content":{"rendered":"<div id=\"module_product_packaging_and_quick_detail\">\n<div class=\"widget-detail-overview\">\n<div class=\"do-content\">\n<div class=\"do-overview\">\n<div class=\"do-entry do-entry-separate\" data-e2e-name=\"quickDetail\">\n<div data-spm-anchor-id=\"a2700.details.0.i14.632f11ee7EwVnw\">Armadilha de cola para mouse de tamanho grande B03 \u00e9 uma venda quente com pre\u00e7o acess\u00edvel. Esta armadilha de cola de mouse \u00e9 de boa qualidade, mas pre\u00e7o barato para atacado. B03 \u00e9 aplicado com adesivo fortemente transparente, pronto para uso, seguro e higi\u00eanico. \u00c9 uma armadilha de cola para mouse ideal para ambientes internos e externos. N\u00e3o tem efeito colateral ao ambiente com caracter\u00edsticas de inocuidade, seguran\u00e7a, saneamento e f\u00e1cil opera\u00e7\u00e3o.<\/div>\n<div data-spm-anchor-id=\"a2700.details.0.i14.632f11ee7EwVnw\"><\/div>\n<div class=\"do-entry-title\" data-spm-anchor-id=\"a2700.details.0.i14.632f11ee7EwVnw\"><span class=\"attr-name J-attr-name\" title=\"Capacidade\">Capacidade:50 Design: Animal \u00c1rea aplic\u00e1vel: 300-400 \u33a1<\/span><\/div>\n<div class=\"do-entry-title\" data-spm-anchor-id=\"a2700.details.0.i14.632f11ee7EwVnw\"><span class=\"attr-name J-attr-name\" title=\"Tempo usado\">Time Used: <\/span>&gt;480 Hours Product: TRAPS Use: animal control<\/div>\n<div class=\"do-entry-title\" data-spm-anchor-id=\"a2700.details.0.i14.632f11ee7EwVnw\">Resist\u00eancia: Forte Papel\u00e3o: 108 gramas Carregador: N\u00e3o Aplic\u00e1vel<\/div>\n<div class=\"do-entry-title\" data-spm-anchor-id=\"a2700.details.0.i14.632f11ee7EwVnw\"><span class=\"attr-name J-attr-name\" title=\"Tamanho da folha\">Tamanho da folha: 22*16*1cm Estado: Cola de gel transparente Peso l\u00edquido: 20 gramas<\/span><\/div>\n<div class=\"do-entry-list\" data-spm-anchor-id=\"a2700.details.0.i13.632f11ee7EwVnw\">\n<dl class=\"do-entry-item\">\n<dt>\n<div><\/div>\n<div id=\"module_product_specification\">\n<div id=\"J-rich-text-description\" class=\"richtext richtext-detail rich-text-description\">\n<table style=\"height: 331px;\" width=\"829\" cellspacing=\"1\" cellpadding=\"0\">\n<tbody>\n<tr>\n<td>Modelo.:<\/td>\n<td>B03 Armadilha de Cola para Ratos<\/td>\n<\/tr>\n<tr>\n<td>Tipo de roedor:<\/td>\n<td>Camundongos e Ratos<\/td>\n<\/tr>\n<tr>\n<td>Tipo de carta:<\/td>\n<td>papel cart\u00e3o grosso<\/td>\n<\/tr>\n<tr>\n<td>Seguran\u00e7a:<\/td>\n<td>Inofensivo para humanos<\/td>\n<\/tr>\n<tr>\n<td>Mercado:<\/td>\n<td>Mundialmente<\/td>\n<\/tr>\n<tr>\n<td rowspan=\"5\">Caracter\u00edsticos:<\/td>\n<td>Resistente a altas temperaturas (at\u00e9 +70 \u2103)<\/td>\n<\/tr>\n<tr>\n<td>Resistente a baixas temperaturas (at\u00e9 -20 \u2103)<\/td>\n<\/tr>\n<tr>\n<td>Cola resistente a \u00e1gua e cart\u00e3o<\/td>\n<\/tr>\n<tr>\n<td>Alta efici\u00eancia na captura de camundongos\/ratos<\/td>\n<\/tr>\n<tr>\n<td>Prazo de validade superior a 5 anos<\/td>\n<\/tr>\n<tr>\n<td rowspan=\"2\">Embalagem:<\/td>\n<td>100 unidades\/caixa<\/td>\n<\/tr>\n<tr>\n<td>Tamanho da caixa: 50*33*23 cm<\/td>\n<\/tr>\n<\/tbody>\n<\/table>\n<p><span style=\"color: #333333;\">Comprador comercial:<\/span><\/p>\n<\/div>\n<\/div>\n<\/dt>\n<dd class=\"do-entry-item-val\">\n<div class=\"text-ellipsis\" title=\"Restaurantes, Fast Food e Servi\u00e7os de Comida para Viagem, Lojas de Alimentos e Bebidas, Fabrica\u00e7\u00e3o de Alimentos e Bebidas, Compras na TV, Lojas de Departamento, Bubble Tea, Barras de Sucos e Smoothies, Lojas Especializadas, Supermercados, Hot\u00e9is, Lojas de Conveni\u00eancia, Fabrica\u00e7\u00e3o de Especiarias e Extratos, Drogas Lojas, Caf\u00e9s e Cafeterias, Solu\u00e7\u00f5es Institucionais B2B, Lojas de Descontos, Catering &amp; Cantinas, Lojas E-commerce, Lojas de Presentes, Cerveja, Vinho, Lojas de Bebidas, Lojas de Souvenirs\">Restaurantes, Fast Food e Servi\u00e7os de Comida para Viagem, Lojas de Alimentos e Bebidas, Fabrica\u00e7\u00e3o de Alimentos e Bebidas, Compras na TV, Lojas de Departamento, Bubble Tea, Barras de Sucos e Smoothies, Lojas Especializadas, Supermercados, Hot\u00e9is, Lojas de Conveni\u00eancia, Fabrica\u00e7\u00e3o de Especiarias e Extratos, Drogas Lojas, Caf\u00e9s e Cafeterias, Solu\u00e7\u00f5es Institucionais B2B, Lojas de Descontos, Catering &amp; Cantinas, Lojas E-commerce, Lojas de Presentes, Cerveja, Vinho, Lojas de Bebidas, Lojas de Souvenirs<\/div>\n<\/dd>\n<\/dl>\n<dl class=\"do-entry-item\">\n<dt class=\"do-entry-item\"><span class=\"attr-name J-attr-name\" title=\"Temporada\">Temporada:Toda a temporada Tipo de praga: Camundongos Recurso: Descart\u00e1vel, Sustent\u00e1vel, Estocado<\/span><\/dt>\n<dt class=\"do-entry-item\"><span class=\"attr-name J-attr-name\" title=\"Lugar de origem\">Local de origem: Zhejiang, China Nome da marca: Mickey Cats N\u00famero do modelo: B03<\/span><\/dt>\n<dt class=\"do-entry-item\"><span class=\"attr-name J-attr-name\" title=\"Embalagem\">Embalagem: 100 pe\u00e7as\/caixa, 100 pe\u00e7as\/caixa<\/span><\/dt>\n<\/dl>\n<dl class=\"do-entry-item\">\n<dt class=\"do-entry-item\"><span class=\"attr-name J-attr-name\" title=\"Tipo de controle de pragas\">Tipo de Controle de Pragas: Armadilhas<\/span><\/dt>\n<dt class=\"do-entry-item\"><span class=\"attr-name J-attr-name\" title=\"Nome do Produto\">Nome do produto: rato cola armadilha<\/span><\/dt>\n<dt class=\"do-entry-item\"><span class=\"attr-name J-attr-name\" title=\"palavras-chave\">palavras-chave: placa de cola do mouse<\/span><\/dt>\n<dt class=\"do-entry-item\"><span class=\"attr-name J-attr-name\" title=\"tamanho do tabuleiro\">tamanho da placa: m\u00e9dio<\/span><\/dt>\n<dt class=\"do-entry-item\"><span class=\"attr-name J-attr-name\" title=\"cor da placa\">cor da placa: verde<\/span><\/dt>\n<dt class=\"do-entry-item\"><span class=\"attr-name J-attr-name\" title=\"Apar\u00eancia\">Apar\u00eancia: gel transparente<\/span><\/dt>\n<dt class=\"do-entry-item\"><span class=\"attr-name J-attr-name\" title=\"Material\">Material: cola de rato<\/span><\/dt>\n<dt class=\"do-entry-item\"><span class=\"attr-name J-attr-name\" title=\"Aplicativo\">Aplica\u00e7\u00e3o: pegar rato de rato<\/span><\/dt>\n<dt class=\"do-entry-item\"><span class=\"attr-name J-attr-name\" title=\"validade\">vida \u00fatil: 5 anos<\/span><\/dt>\n<dt class=\"do-entry-item\">Capacidade de fornecimento de 500.000 unidades\/unidades por semana<\/dt>\n<\/dl>\n<\/div>\n<\/div>\n<div class=\"do-entry do-entry-full\" data-e2e-name=\"productPackaging\">\n<div class=\"do-entry-title\">embalagem e entrega<\/div>\n<div class=\"do-entry-title\">Embalagem cartonada;<\/div>\n<div class=\"do-entry-title\">100 unidades\/caixa;<\/div>\n<div class=\"do-entry-title\">um pc\/saco de opp;<\/div>\n<div class=\"do-entry-title\">Porto Ningbo<\/div>\n<div class=\"do-entry-list\">\n<dl class=\"do-entry-item product-package-image\">\n<dt title=\"Exemplo de imagem: \"><\/dt>\n<dd class=\"do-entry-item-val\">\n<div class=\"package-img-container\" aria-haspopup=\"true\" aria-expanded=\"false\"><\/div>\n<\/dd>\n<\/dl>\n<dl class=\"leadtime-table\"><\/dl>\n<\/div>\n<\/div>\n<\/div>\n<\/div>\n<\/div>\n<\/div>\n<div id=\"module_product_specification\">\n<div id=\"J-rich-text-description\" class=\"richtext richtext-detail rich-text-description\">\n<p>Escopo do aplicativo:<\/p>\n<p>A armadilha de cola para mouse Edge Leaf B03 \u00e9 amplamente utilizada em locais onde o mouse<br \/>\naparece, como casa, hotel, mercado, curral e dispon\u00edvel para<br \/>\noperando tanto no exterior como no interior.<\/p>\n<p>Dire\u00e7\u00e3o para uso<\/p>\n<p>1. Abra primeiro a placa de cola.<br \/>\n2. Coloque a placa de armadilha de cola do mouse ao longo das estradas dos ratos ou onde o mouse \u00e9 visto com frequ\u00eancia.<br \/>\n3. A armadilha pode ser reutilizada depois de retirar o rato preso. Uma armadilha pode ser usada v\u00e1rias vezes.<br \/>\n4. A placa pode descartar com o mouse preso juntos.<br \/>\n5. A cola grudada nas m\u00e3os ou roupas pode ser limpa com gasolina ou<br \/>\nquerosene<\/p>\n<p>Aviso:<br \/>\n1. Por favor, mantenha seus filhos e animais de estima\u00e7\u00e3o afastados, pois a cola \u00e9 super pegajosa.<br \/>\n2. Use algod\u00e3o absorvente embebido em querosene ou \u00f3leo comest\u00edvel se tocar nas m\u00e3os ou outras pessoas e, em seguida, lave com \u00e1gua e sab\u00e3o.<br \/>\n3. Coloque a armadilha de cola no local adequado para evitar que homens ou animais pisem nela durante a noite.<br \/>\n4. Embora nossa armadilha de cola cheire bem, N\u00c3O COMA.<br \/>\n5. N\u00e3o entre em contato com o cabelo com a cola.<\/p>\n<\/div>\n<\/div>\n","protected":false},"excerpt":{"rendered":"<p><a href=\"https:\/\/api.whatsapp.com\/send?phone=008613976116176\" rel=\"nofollow\"><img loading=\"lazy\" decoding=\"async\" class=\"aligncenter size-full wp-image-318\" src=\"https:\/\/www.mousegluetraps.top\/wp-content\/uploads\/2022\/05\/whatsapp-tous-300x93.png\" alt=\"Entre em contato direto conosco pelo Whatsapp\" width=\"300\" height=\"93\"><\/a><br \/>[ninja_form id=1]<\/p>\n","protected":false},"featured_media":572,"template":"","meta":{"_seopress_robots_primary_cat":"","_seopress_titles_title":"","_seopress_titles_desc":"","_seopress_robots_index":""},"product_brand":[],"product_cat":[66],"product_tag":[89],"class_list":{"0":"post-858","1":"product","2":"type-product","3":"status-publish","4":"has-post-thumbnail","6":"product_cat-rato-armadilha-de-cola","7":"product_tag-ratoeira-armadilha-de-cola-pt-pt","9":"first","10":"instock","11":"shipping-taxable","12":"product-type-simple"},"_links":{"self":[{"href":"https:\/\/www.mousegluetraps.top\/pt-pt\/wp-json\/wp\/v2\/product\/858","targetHints":{"allow":["GET"]}}],"collection":[{"href":"https:\/\/www.mousegluetraps.top\/pt-pt\/wp-json\/wp\/v2\/product"}],"about":[{"href":"https:\/\/www.mousegluetraps.top\/pt-pt\/wp-json\/wp\/v2\/types\/product"}],"wp:featuredmedia":[{"embeddable":true,"href":"https:\/\/www.mousegluetraps.top\/pt-pt\/wp-json\/wp\/v2\/media\/572"}],"wp:attachment":[{"href":"https:\/\/www.mousegluetraps.top\/pt-pt\/wp-json\/wp\/v2\/media?parent=858"}],"wp:term":[{"taxonomy":"product_brand","embeddable":true,"href":"https:\/\/www.mousegluetraps.top\/pt-pt\/wp-json\/wp\/v2\/product_brand?post=858"},{"taxonomy":"product_cat","embeddable":true,"href":"https:\/\/www.mousegluetraps.top\/pt-pt\/wp-json\/wp\/v2\/product_cat?post=858"},{"taxonomy":"product_tag","embeddable":true,"href":"https:\/\/www.mousegluetraps.top\/pt-pt\/wp-json\/wp\/v2\/product_tag?post=858"}],"curies":[{"name":"wp","href":"https:\/\/api.w.org\/{rel}","templated":true}]}}