{"id":834,"date":"2021-06-14T03:47:15","date_gmt":"2021-06-14T03:47:15","guid":{"rendered":"https:\/\/www.mousegluetraps.top\/shop\/g-03-red-rat-mouse-cola-pitfall-placa-de-papel-de-tamanho-pequeno\/"},"modified":"2021-06-14T03:47:15","modified_gmt":"2021-06-14T03:47:15","slug":"g-03-red-rat-mouse-cola-pitfall-small-size-paper-board","status":"publish","type":"product","link":"https:\/\/www.mousegluetraps.top\/pt-pt\/shop\/g-03-red-rat-mouse-cola-pitfall-small-size-paper-board\/","title":{"rendered":"G-03 Red Rat Mouse Cola Pitfall Placa de papel de tamanho pequeno"},"content":{"rendered":"<p>China Fornecedor GO-03 ratoeiras armadilhas de cola de rato cont\u00e9m atrativo forte! O rato vem por causa do olfato. O item \u00e9 vendido em todo o mundo com pre\u00e7os muito competitivos e qualidade muito boa. Pode ser personalizado para amostra e modelos de design de acordo com os requisitos dos clientes. Sobre esta armadilha de cola de rato, prometemos 100% de boa qualidade direto da f\u00e1brica.<\/p>\n<p>Informa\u00e7\u00e3o do produto:<\/p>\n<p>Armadilha de Cola de Rato;<br \/>\nViscosidade Forte;<br \/>\nAlta performance;<\/p>\n<p>Descri\u00e7\u00e3o do produto:<\/p>\n<table width=\"543\">\n<tbody>\n<tr>\n<td width=\"173\">Nome do Produto:<\/td>\n<td width=\"370\">Armadilha de Cola de Rato Rato<\/td>\n<\/tr>\n<tr>\n<td rowspan=\"3\" width=\"173\">Especifica\u00e7\u00e3o<\/td>\n<td width=\"370\">Material: cola de alta qualidade<\/td>\n<\/tr>\n<tr>\n<td width=\"370\">Tamanho do produto: 22*14,5 cm;<\/td>\n<\/tr>\n<tr>\n<td width=\"370\">Tamanho da caixa: 41*30*23 cm 200 pe\u00e7as\/caixa<\/td>\n<\/tr>\n<tr>\n<td width=\"173\">Pragas-alvo<\/td>\n<td width=\"370\">Ratos, baratas, aranhas e outras pragas dom\u00e9sticas rastejantes<\/td>\n<\/tr>\n<tr>\n<td rowspan=\"2\" width=\"173\">Escopo do aplicativo<\/td>\n<td width=\"370\">F\u00e1bricas de alimentos, cozinhas, restaurantes, f\u00e1bricas de processamento de alimentos, hospitais,<\/td>\n<\/tr>\n<tr>\n<td width=\"370\">resid\u00eancias, zool\u00f3gicos e outras \u00e1reas sens\u00edveis onde o uso de veneno \u00e9 proibido ou desencorajado.<\/td>\n<\/tr>\n<\/tbody>\n<\/table>\n<p>Instru\u00e7\u00f5es de uso:<\/p>\n<p>1, abra a armadilha de cola de rato lentamente com as m\u00e3os, coloque-a em \u00e1reas onde ratos e ratos s\u00e3o normalmente vistos.<br \/>\n2,Coloque embaixo da pia, na parte de tr\u00e1s dos aparelhos, nas \u00e1reas de lixo.<br \/>\n3, Para melhores resultados, coloque algumas migalhas de p\u00e3o queijo, peixe frito etc. no centro para atrair camundongos e ratos.<br \/>\n4, caso alguma parte do corpo ou superf\u00edcie grude na cola, limpe ou lave com \u00e1lcool.<br \/>\n5, descarte ap\u00f3s cada uso.<\/p>\n<p>Notas:<\/p>\n<p>1, n\u00e3o deixe as crian\u00e7as tocarem na placa de armadilha de cola de rato.<br \/>\n2, n\u00e3o use placa de mouse pegajosa em locais onde outros animais s\u00e3o f\u00e1ceis de entrar em contato.<br \/>\n3, no caso de o mouse arrastar a armadilha de cola poluir o ch\u00e3o ou a parede, voc\u00ea pode col\u00e1-la no ch\u00e3o ou colocar um papel maior embaixo dela.<br \/>\n4, evite exposi\u00e7\u00e3o direta \u00e0 luz solar e poeira.<br \/>\n5, se a armadilha de cola de rato estiver um pouco molhada, voc\u00ea pode derramar a \u00e1gua e secar na sombra e n\u00e3o afetar\u00e1 o uso.<br \/>\n6. Se a cola grudar nas m\u00e3os, roupas ou outros itens no ch\u00e3o, use um esfreg\u00e3o a diesel e depois limpe com detergente.<\/p>\n","protected":false},"excerpt":{"rendered":"<p><a href=\"https:\/\/api.whatsapp.com\/send?phone=008613976116176\" rel=\"nofollow\"><img loading=\"lazy\" decoding=\"async\" class=\"aligncenter size-full wp-image-318\" src=\"https:\/\/www.mousegluetraps.top\/wp-content\/uploads\/2022\/05\/whatsapp-tous-300x93.png\" alt=\"Entre em contato direto conosco pelo Whatsapp\" width=\"300\" height=\"93\"><\/a><br \/>[ninja_form id=1]<\/p>\n","protected":false},"featured_media":626,"template":"","meta":{"_seopress_robots_primary_cat":"","_seopress_titles_title":"","_seopress_titles_desc":"","_seopress_robots_index":"","_seopress_analysis_target_kw":""},"product_brand":[],"product_cat":[66],"product_tag":[90,89],"class_list":{"0":"post-834","1":"product","2":"type-product","3":"status-publish","4":"has-post-thumbnail","6":"product_cat-rato-armadilha-de-cola","7":"product_tag-controle-de-ratos-pt-pt","8":"product_tag-ratoeira-armadilha-de-cola-pt-pt","10":"first","11":"instock","12":"shipping-taxable","13":"product-type-simple"},"_links":{"self":[{"href":"https:\/\/www.mousegluetraps.top\/pt-pt\/wp-json\/wp\/v2\/product\/834","targetHints":{"allow":["GET"]}}],"collection":[{"href":"https:\/\/www.mousegluetraps.top\/pt-pt\/wp-json\/wp\/v2\/product"}],"about":[{"href":"https:\/\/www.mousegluetraps.top\/pt-pt\/wp-json\/wp\/v2\/types\/product"}],"wp:featuredmedia":[{"embeddable":true,"href":"https:\/\/www.mousegluetraps.top\/pt-pt\/wp-json\/wp\/v2\/media\/626"}],"wp:attachment":[{"href":"https:\/\/www.mousegluetraps.top\/pt-pt\/wp-json\/wp\/v2\/media?parent=834"}],"wp:term":[{"taxonomy":"product_brand","embeddable":true,"href":"https:\/\/www.mousegluetraps.top\/pt-pt\/wp-json\/wp\/v2\/product_brand?post=834"},{"taxonomy":"product_cat","embeddable":true,"href":"https:\/\/www.mousegluetraps.top\/pt-pt\/wp-json\/wp\/v2\/product_cat?post=834"},{"taxonomy":"product_tag","embeddable":true,"href":"https:\/\/www.mousegluetraps.top\/pt-pt\/wp-json\/wp\/v2\/product_tag?post=834"}],"curies":[{"name":"wp","href":"https:\/\/api.w.org\/{rel}","templated":true}]}}