{"id":821,"date":"2021-09-11T01:54:56","date_gmt":"2021-09-11T01:54:56","guid":{"rendered":"https:\/\/www.mousegluetraps.top\/shop\/30g-mickey-cats-big-rat-bait-80aaa-armadilhas-de-cola-para-ratos\/"},"modified":"2021-09-11T01:54:56","modified_gmt":"2021-09-11T01:54:56","slug":"30g-isca-mickey-gatos-grande-rato-80aaa-cola-armadilhas-para-rato","status":"publish","type":"product","link":"https:\/\/www.mousegluetraps.top\/pt-pt\/shop\/30g-isca-mickey-gatos-grande-rato-80aaa-cola-armadilhas-para-rato\/","title":{"rendered":"30g Mickey Cats Big Rat Bait 80AAA Armadilhas de cola para ratos"},"content":{"rendered":"<p>Big Rat 80AAA Mouse Glue Traps com Mickey Cats Brand 30g Mouse Control Bait s\u00e3o compostos de composto macromolecular importado com perfeito desempenho de alta capacidade adesiva, com cheiro agrad\u00e1vel, alto desempenho com super atrativo, muito seguro, n\u00e3o t\u00f3xico, pode ser repetido, anti -envelhecimento, anti-endurecimento. Este modelo \u00e9 um produto verde de nova gera\u00e7\u00e3o, adequado para locais onde \u00e9 necess\u00e1ria uma prote\u00e7\u00e3o ambiental rigorosa. Este tipo de armadilha de cola para ratos pode ser amplamente utilizado em locais onde os ratos aparecem, como casas, hot\u00e9is, mercados, currais de gado e dispon\u00edvel para operar tanto em ambientes externos quanto internos.<\/p>\n<p>Local de Origem: Zhejiang, China Marca: Mickey Cats ou OEM<br \/>\nN\u00famero do modelo: 80AAA Tipo de controle de pragas: armadilhas<br \/>\ncor da placa: verde tamanho da placa: grande<br \/>\nApar\u00eancia: cola transparente Embalagem: 100 pe\u00e7as\/caixa<br \/>\nMaterial: cola de mouse Uso: pegar rato<br \/>\nCertificado: MSDS<br \/>\nCapacidade de fornecimento: 500000 pe\u00e7as\/unidades por m\u00eas<\/p>\n<p>Embalagem e entrega<br \/>\ndetalhes da embalagem<br \/>\nembalagens de papel\u00e3o;<br \/>\n100 cart\u00f5es\/caixa;<br \/>\num saco de cart\u00e3o\/opp;<br \/>\nPorto: Ningbo<\/p>\n<p>Informa\u00e7\u00e3o b\u00e1sica:<\/p>\n<p>N\u00ba do modelo: 80AAA Marca: Mickey Cats<br \/>\nCondi\u00e7\u00e3o: Placa de gel transparente Tamanho: 21,5*17*1cm<br \/>\nPeso l\u00edquido da cola: 30 gramas Componente principal: borracha natural, poliisobutileno<\/p>\n<p>Embalagem: 100 pe\u00e7as\/caixa;<br \/>\nTamanho da caixa: 51*35*23 cm<\/p>\n<p>Modelo: Armadilha de Cola para Rato 80AAA<br \/>\nTipo de roedor: Ratos e ratos<br \/>\nTipo de cart\u00e3o: Papel\u00e3o grosso\/duro<br \/>\nSeguran\u00e7a: inofensivo para os seres humanos<br \/>\nMercado mundial<br \/>\nCaracter\u00edsticas: Resistente a altas temperaturas (at\u00e9 +70 \u2103)<br \/>\nResistente a baixas temperaturas (at\u00e9 -20 \u2103)<br \/>\nCola \u00e0 prova d&#8217;\u00e1gua e cartolina<br \/>\nAlta efici\u00eancia na captura de camundongos\/ratos.<br \/>\nPrazo de validade superior a 5 anos.<\/p>\n<p>M\u00e9todo de uso:<br \/>\n1. Abra cuidadosamente a armadilha de cola do mouse do selo.<br \/>\n2. Coloque-o onde os ratos sempre aparecem. Assim que o mouse estiver preso, descarte-o. A armadilha pode ser usada novamente.<br \/>\n3. Fixe a placa de cola do mouse no ch\u00e3o, se necess\u00e1rio.<br \/>\n4. A armadilha de cola \u00e9 preparada com isca, n\u00e3o precisa colocar mais nada na armadilha.<\/p>\n<p>Aviso:<br \/>\n1. Por favor, mantenha crian\u00e7as e animais de estima\u00e7\u00e3o longe da armadilha de cola do mouse, pois \u00e9 uma armadilha de cola de alta viscosidade.<br \/>\n2. Use algod\u00e3o absorvente umedecido com querosene ou \u00f3leo comest\u00edvel se tocar nas m\u00e3os ou em outras pessoas e, em seguida, lave com \u00e1gua e sab\u00e3o.<br \/>\n3. Por favor, coloque a placa de cola no lugar certo para evitar que homens ou animais pisem nela \u00e0 noite.<br \/>\n4. Fixe a placa de cola no ch\u00e3o com adesivo de dupla face para evitar que o mouse se mova durante<br \/>\n5. Por favor, mantenha longe do lugar onde est\u00e1 molhado para evitar a diminui\u00e7\u00e3o da capacidade adesiva.<\/p>\n","protected":false},"excerpt":{"rendered":"<p><a href=\"https:\/\/api.whatsapp.com\/send?phone=008613976116176\" rel=\"nofollow\"><img loading=\"lazy\" decoding=\"async\" class=\"aligncenter size-full wp-image-318\" src=\"https:\/\/www.mousegluetraps.top\/wp-content\/uploads\/2022\/05\/whatsapp-tous-300x93.png\" alt=\"Entre em contato direto conosco pelo Whatsapp\" width=\"300\" height=\"93\"><\/a><br \/>[ninja_form id=1]<\/p>\n","protected":false},"featured_media":660,"template":"","meta":{"_seopress_robots_primary_cat":"","_seopress_titles_title":"","_seopress_titles_desc":"","_seopress_robots_index":"","_seopress_analysis_target_kw":""},"product_brand":[],"product_cat":[66],"product_tag":[86,85,87],"class_list":{"0":"post-821","1":"product","2":"type-product","3":"status-publish","4":"has-post-thumbnail","6":"product_cat-rato-armadilha-de-cola","7":"product_tag-armadilha-de-cola-para-ratos","8":"product_tag-armadilhas-de-cola-para-ratos","9":"product_tag-controle-do-mouse","11":"first","12":"instock","13":"shipping-taxable","14":"product-type-simple"},"_links":{"self":[{"href":"https:\/\/www.mousegluetraps.top\/pt-pt\/wp-json\/wp\/v2\/product\/821","targetHints":{"allow":["GET"]}}],"collection":[{"href":"https:\/\/www.mousegluetraps.top\/pt-pt\/wp-json\/wp\/v2\/product"}],"about":[{"href":"https:\/\/www.mousegluetraps.top\/pt-pt\/wp-json\/wp\/v2\/types\/product"}],"wp:featuredmedia":[{"embeddable":true,"href":"https:\/\/www.mousegluetraps.top\/pt-pt\/wp-json\/wp\/v2\/media\/660"}],"wp:attachment":[{"href":"https:\/\/www.mousegluetraps.top\/pt-pt\/wp-json\/wp\/v2\/media?parent=821"}],"wp:term":[{"taxonomy":"product_brand","embeddable":true,"href":"https:\/\/www.mousegluetraps.top\/pt-pt\/wp-json\/wp\/v2\/product_brand?post=821"},{"taxonomy":"product_cat","embeddable":true,"href":"https:\/\/www.mousegluetraps.top\/pt-pt\/wp-json\/wp\/v2\/product_cat?post=821"},{"taxonomy":"product_tag","embeddable":true,"href":"https:\/\/www.mousegluetraps.top\/pt-pt\/wp-json\/wp\/v2\/product_tag?post=821"}],"curies":[{"name":"wp","href":"https:\/\/api.w.org\/{rel}","templated":true}]}}