{"id":1074,"date":"2025-12-02T08:36:29","date_gmt":"2025-12-02T08:36:29","guid":{"rendered":"https:\/\/www.mousegluetraps.top\/shop\/repelente-de-insetos-voadores-com-lampada-led-armadilha-silenciosa-para-mosquitos-e-insetos\/"},"modified":"2025-12-02T08:36:29","modified_gmt":"2025-12-02T08:36:29","slug":"lampada-led-voadora-succao-repelente-armadilha-silenciosa-mini-matador-de-mosquitos","status":"publish","type":"product","link":"https:\/\/www.mousegluetraps.top\/pt-pt\/shop\/lampada-led-voadora-succao-repelente-armadilha-silenciosa-mini-matador-de-mosquitos\/","title":{"rendered":"Repelente de insetos voadores com l\u00e2mpada LED, armadilha silenciosa para mosquitos e insetos."},"content":{"rendered":"<p><strong>L\u00e2mpada el\u00e9trica mata-mosquitos para uso interior, recarreg\u00e1vel, com LED, para venda por grosso.<\/strong><\/p>\n<p>Produto: L\u00e2mpada Mata-Mosquitos<br \/>\n\u00c1rea de Aplica\u00e7\u00e3o: 20 metros quadrados<br \/>\nCaracter\u00edstica: Ecol\u00f3gica<br \/>\nFonte de Energia: El\u00e9trica<br \/>\nMaterial: ABS<br \/>\nPeso L\u00edquido: 0,5 kg<br \/>\nUtiliza\u00e7\u00e3o: Controlo de insetos, Fazenda, Resid\u00eancia e per\u00edmetro<br \/>\nAutonomia: 120 horas<br \/>\nCarregador: Recarreg\u00e1vel<br \/>\nEsta\u00e7\u00e3o do ano: Todas as esta\u00e7\u00f5es<br \/>\nVantagem: Natural. Ecol\u00f3gica<br \/>\nPot\u00eancia: 110-220V <\/p>\n<p>1. A L\u00e2mpada Repelente de Mosquitos Silenciosa e de Forte Suc\u00e7\u00e3o com Luz Solar LED UV \u00e9 uma solu\u00e7\u00e3o vers\u00e1til e ecol\u00f3gica para o controlo de mosquitos.<\/p>\n<p>2. Este produto de alta qualidade, adequado para todas as esta\u00e7\u00f5es do ano, possui uma potente fonte de alimenta\u00e7\u00e3o el\u00e9trica de 110-220V, capaz de eliminar mosquitos de forma silenciosa e eficiente em espa\u00e7os fechados at\u00e9 20 metros quadrados.<\/p>\n<p>3. Alta qualidade significa durabilidade e resultados fi\u00e1veis \u200b\u200bem diversos ambientes, incluindo casas, quintas e per\u00edmetros, com uma vida \u00fatil de 120 horas.<\/p>\n<p>4. Uma vantagem desta l\u00e2mpada mata-mosquitos \u00e9 o seu funcionamento em estado s\u00f3lido, o que a torna uma op\u00e7\u00e3o dur\u00e1vel e fi\u00e1vel para conjuntos de 36 a 60 pe\u00e7as, sem necessidade de recarga.<\/p>\n<p>5.Com recurso a uma forte suc\u00e7\u00e3o e a m\u00e9todos naturais e ecol\u00f3gicos, este produto \u00e9 muito procurado e uma \u00f3tima op\u00e7\u00e3o para quem procura solu\u00e7\u00f5es eficazes de controlo de pragas alimentadas a eletricidade para combater mosquitos e outros insetos.<\/p>\n","protected":false},"excerpt":{"rendered":"<p>          <a href=\"https:\/\/api.whatsapp.com\/send?phone=008613976116176\" rel=\"nofollow\"><br \/>\n            <img loading=\"lazy\" decoding=\"async\" class=\"aligncenter size-full wp-image-318\" src=\"https:\/\/www.mousegluetraps.top\/wp-content\/uploads\/2022\/05\/whatsapp-tous-300x93.png\" alt=\"Entre em contato direto conosco pelo Whatsapp\" width=\"300\" height=\"93\"><br \/>\n          <\/a><\/p>\n[ninja_form id=\"1\"]\n","protected":false},"featured_media":1065,"template":"","meta":{"_seopress_robots_primary_cat":"none","_seopress_titles_title":"","_seopress_titles_desc":"","_seopress_robots_index":""},"product_brand":[],"product_cat":[129],"product_tag":[142],"class_list":{"0":"post-1074","1":"product","2":"type-product","3":"status-publish","4":"has-post-thumbnail","6":"product_cat-controle-de-pragas","7":"product_tag-mata-mosquitos","9":"first","10":"instock","11":"shipping-taxable","12":"product-type-simple"},"_links":{"self":[{"href":"https:\/\/www.mousegluetraps.top\/pt-pt\/wp-json\/wp\/v2\/product\/1074","targetHints":{"allow":["GET"]}}],"collection":[{"href":"https:\/\/www.mousegluetraps.top\/pt-pt\/wp-json\/wp\/v2\/product"}],"about":[{"href":"https:\/\/www.mousegluetraps.top\/pt-pt\/wp-json\/wp\/v2\/types\/product"}],"wp:featuredmedia":[{"embeddable":true,"href":"https:\/\/www.mousegluetraps.top\/pt-pt\/wp-json\/wp\/v2\/media\/1065"}],"wp:attachment":[{"href":"https:\/\/www.mousegluetraps.top\/pt-pt\/wp-json\/wp\/v2\/media?parent=1074"}],"wp:term":[{"taxonomy":"product_brand","embeddable":true,"href":"https:\/\/www.mousegluetraps.top\/pt-pt\/wp-json\/wp\/v2\/product_brand?post=1074"},{"taxonomy":"product_cat","embeddable":true,"href":"https:\/\/www.mousegluetraps.top\/pt-pt\/wp-json\/wp\/v2\/product_cat?post=1074"},{"taxonomy":"product_tag","embeddable":true,"href":"https:\/\/www.mousegluetraps.top\/pt-pt\/wp-json\/wp\/v2\/product_tag?post=1074"}],"curies":[{"name":"wp","href":"https:\/\/api.w.org\/{rel}","templated":true}]}}