{"id":1060,"date":"2025-12-02T02:49:47","date_gmt":"2025-12-02T02:49:47","guid":{"rendered":"https:\/\/www.mousegluetraps.top\/shop\/adesivo-de-silicone-forte-para-vidro-metal-e-polimero-personalizavel-sem-necessidade-de-cola-para-pregos\/"},"modified":"2025-12-02T02:49:47","modified_gmt":"2025-12-02T02:49:47","slug":"adesivo-de-silicone-forte-para-vidro-metal-e-polimero-personalizavel-sem-necessidade-de-cola-para-pregos","status":"publish","type":"product","link":"https:\/\/www.mousegluetraps.top\/pt-pt\/shop\/adesivo-de-silicone-forte-para-vidro-metal-e-polimero-personalizavel-sem-necessidade-de-cola-para-pregos\/","title":{"rendered":"Adesivo de silicone forte para vidro, metal e pol\u00edmero, personaliz\u00e1vel, sem necessidade de cola para pregos."},"content":{"rendered":"<p>Cola de silicone resistente, sem necessidade de pregos, para vidro, MS, personalizada em embalagens de 6ml, 12ml, 50ml e 120ml. Cont\u00e9m mais cola do que a vers\u00e3o em tubo de alum\u00ednio. Adere rapidamente a diversos materiais, como metal, borracha, pl\u00e1stico r\u00edgido, cer\u00e2mica e vidro, \u00e0 temperatura ambiente. Pode ser amplamente utilizada na produ\u00e7\u00e3o e repara\u00e7\u00e3o em diversas ind\u00fastrias, como equipamentos el\u00e9tricos, instrumentos, m\u00e1quinas e autom\u00f3veis, especialmente em opera\u00e7\u00f5es industriais otimizadas. <\/p>\n<table class=\"has-title all magic-10\">\n<tbody>\n<tr>\n<td colspan=\"1\" rowspan=\"1\">\n<div class=\"magic-11\">Model no.<\/div>\n<\/td>\n<td colspan=\"1\" rowspan=\"1\">\n<div class=\"magic-12\">Cola sem pregos<\/div>\n<\/td>\n<\/tr>\n<tr>\n<td colspan=\"1\" rowspan=\"1\">\n<div class=\"magic-11\">Conte\u00fado s\u00f3lido<\/div>\n<\/td>\n<td colspan=\"1\" rowspan=\"1\">\n<div class=\"magic-12\">65%<\/div>\n<\/td>\n<\/tr>\n<tr>\n<td colspan=\"1\" rowspan=\"1\">\n<div class=\"magic-11\">Ap\u00f3s a cura e endurecimento<\/div>\n<\/td>\n<td colspan=\"1\" rowspan=\"1\">\n<div class=\"magic-12\">70-85B<\/div>\n<\/td>\n<\/tr>\n<tr>\n<td colspan=\"1\" rowspan=\"1\">\n<div class=\"magic-11\">concentra\u00e7\u00e3o\/viscosidade<\/div>\n<\/td>\n<td colspan=\"1\" rowspan=\"1\">\n<div class=\"magic-12\">4800mpa.s<\/div>\n<\/td>\n<\/tr>\n<tr>\n<td colspan=\"1\" rowspan=\"1\">\n<div class=\"magic-11\">Color<\/div>\n<\/td>\n<td colspan=\"1\" rowspan=\"1\">\n<div class=\"magic-12\">cola branca como o leite<\/div>\n<\/td>\n<\/tr>\n<tr>\n<td colspan=\"1\" rowspan=\"1\">\n<div class=\"magic-11\">tempo de secagem da superf\u00edcie<\/div>\n<\/td>\n<td colspan=\"1\" rowspan=\"1\">\n<div class=\"magic-12\">de 2 a 5 minutos, aproximadamente.<\/div>\n<\/td>\n<\/tr>\n<tr>\n<td colspan=\"1\" rowspan=\"1\">\n<div class=\"magic-11\">Tempo de cura completo<\/div>\n<\/td>\n<td colspan=\"1\" rowspan=\"1\">\n<div class=\"magic-12\">24 horas<\/div>\n<\/td>\n<\/tr>\n<tr>\n<td colspan=\"1\" rowspan=\"1\">\n<div class=\"magic-11\">Glial<\/div>\n<\/td>\n<td colspan=\"1\" rowspan=\"1\">\n<div class=\"magic-12\">Cola totalmente transparente e macia, de resist\u00eancia m\u00e9dia e alta.<\/div>\n<\/td>\n<\/tr>\n<tr>\n<td colspan=\"1\" rowspan=\"1\">\n<div class=\"magic-11\">Caracter\u00edsticos<\/div>\n<\/td>\n<td colspan=\"1\" rowspan=\"1\">\n<div class=\"magic-12\" data-spm-anchor-id=\"a2700.details-description.0.i2.27c9ac3Uac3UdW\">no yellow, low suction, low odor. New cover tube, simple to use <\/div>\n<\/td>\n<\/tr>\n<\/tbody>\n<\/table>\n<h3 class=\"magic-6\"><span data-spm-anchor-id=\"a2700.details-description.0.i1.27c9ac3Uac3UdW\">Ring Light para Selfie com Trip\u00e9 Stan&#8217;d<\/span><\/h3>\n<div class=\"magic-7\">\n<div class=\"magic-8\">\n<div class=\"magic-9\">\n<p>Os nossos produtos apresentam as seguintes vantagens:<\/p>\n<p>Cola sem pregos 1,6 ml\/12 ml\/50 ml\/120 ml<\/p>\n<div>2. Boa viscosidade e durabilidade, \u00e0 prova de \u00e1gua e f\u00e1cil de usar.<\/div>\n<p>3. Pode ser utilizado em diversos materiais, em ambientes interiores e exteriores, como paredes, cer\u00e2mica, metal e madeira. Ideal para acess\u00f3rios de parede, como cozinhas e casas de banho, e para emoldurar objetos. Substitui a necessidade de furar com parafusos.  <\/p>\n<\/div>\n<div class=\"magic-9\">\n<p>4Caracter\u00edsticas: n\u00e3o amarelece, baixa suc\u00e7\u00e3o, baixo odor. Novo tubo de cobertura, f\u00e1cil de utilizar. <\/p>\n<div>Modo de utiliza\u00e7\u00e3o e precau\u00e7\u00f5es 1. Leia as instru\u00e7\u00f5es antes de utilizar. S\u00f3 pode ser utilizado em ambiente bem ventilado. A superf\u00edcie a colar deve estar limpa, seca e livre de p\u00f3. Lixe a superf\u00edcie antes da utiliza\u00e7\u00e3o para garantir a ader\u00eancia. Pode ser utilizado entre 10 \u00b0C e 32 \u00b0C. A temperatura ideal situa-se entre os 21 \u00b0C e os 29 \u00b0C. Ap\u00f3s a cura, a gama de temperaturas que a cola suporta situa-se entre os -40 \u00b0C e os 66 \u00b0C. Fa\u00e7a um teste numa pequena \u00e1rea antes do uso definitivo.      <\/div>\n<div><\/div>\n<div>2. Aplique diretamente na superf\u00edcie a colar e pressione firmemente. Ap\u00f3s cerca de dois minutos, come\u00e7ar\u00e1 a engrossar e, ap\u00f3s 2 a 5 minutos, come\u00e7ar\u00e1 a solidificar. Para obter maior resist\u00eancia, deixe as partes coladas secarem durante 24 horas. A baixas temperaturas, o tempo de cura ser\u00e1 prolongado e, a temperaturas elevadas, ser\u00e1 reduzido. Pode usar um secador de cabelo el\u00e9trico port\u00e1til para acelerar a cura.    <\/div>\n<div>3.\u00ba Pode usar acetona ou terebintina para remover a cola ainda h\u00famida. O material endurecido pode ser cortado ou raspado com uma ferramenta. <\/div>\n<div data-spm-anchor-id=\"a2700.details-description.0.i3.27c9ac3Uac3UdW\">4.Se este adesivo universal for utilizado para colar tecidos, n\u00e3o lave os tecidos a seco. 5.\u00ba Este adesivo universal n\u00e3o \u00e9 recomendado para colar espuma de poliestireno, poliestireno, polietileno ou pl\u00e1stico de polipropileno.  <b>M\u00e9todo de armazenamento: Conservar a uma temperatura entre 10 e 27 \u00b0C. Congela\u00e7\u00e3o\/descongela\u00e7\u00e3o: deixar o produto atingir a temperatura ambiente antes de abrir a tampa.<\/b><\/div>\n<\/div>\n<\/div>\n<\/div>\n","protected":false},"excerpt":{"rendered":"<p><a href=\"https:\/\/api.whatsapp.com\/send?phone=008613976116176\" rel=\"nofollow\"><img loading=\"lazy\" decoding=\"async\" class=\"aligncenter size-full wp-image-318\" src=\"https:\/\/www.mousegluetraps.top\/wp-content\/uploads\/2022\/05\/whatsapp-tous-300x93.png\" alt=\"Entre em contato direto conosco pelo Whatsapp\" width=\"300\" height=\"93\"><\/a><br \/>\n[ninja_form id=\"1\"]<\/p>\n","protected":false},"featured_media":1048,"template":"","meta":{"_seopress_robots_primary_cat":"","_seopress_titles_title":"","_seopress_titles_desc":"","_seopress_robots_index":""},"product_brand":[],"product_cat":[67],"product_tag":[139,138],"class_list":{"0":"post-1060","1":"product","2":"type-product","3":"status-publish","4":"has-post-thumbnail","6":"product_cat-super-cola","7":"product_tag-cola-sem-pregos","8":"product_tag-ms-glue-pt-pt","10":"first","11":"instock","12":"shipping-taxable","13":"product-type-simple"},"_links":{"self":[{"href":"https:\/\/www.mousegluetraps.top\/pt-pt\/wp-json\/wp\/v2\/product\/1060","targetHints":{"allow":["GET"]}}],"collection":[{"href":"https:\/\/www.mousegluetraps.top\/pt-pt\/wp-json\/wp\/v2\/product"}],"about":[{"href":"https:\/\/www.mousegluetraps.top\/pt-pt\/wp-json\/wp\/v2\/types\/product"}],"wp:featuredmedia":[{"embeddable":true,"href":"https:\/\/www.mousegluetraps.top\/pt-pt\/wp-json\/wp\/v2\/media\/1048"}],"wp:attachment":[{"href":"https:\/\/www.mousegluetraps.top\/pt-pt\/wp-json\/wp\/v2\/media?parent=1060"}],"wp:term":[{"taxonomy":"product_brand","embeddable":true,"href":"https:\/\/www.mousegluetraps.top\/pt-pt\/wp-json\/wp\/v2\/product_brand?post=1060"},{"taxonomy":"product_cat","embeddable":true,"href":"https:\/\/www.mousegluetraps.top\/pt-pt\/wp-json\/wp\/v2\/product_cat?post=1060"},{"taxonomy":"product_tag","embeddable":true,"href":"https:\/\/www.mousegluetraps.top\/pt-pt\/wp-json\/wp\/v2\/product_tag?post=1060"}],"curies":[{"name":"wp","href":"https:\/\/api.w.org\/{rel}","templated":true}]}}