{"id":783,"date":"2021-05-15T13:38:05","date_gmt":"2021-05-15T13:38:05","guid":{"rendered":"https:\/\/www.mousegluetraps.top\/politica-de-privacidade\/"},"modified":"2023-07-18T08:19:52","modified_gmt":"2023-07-18T08:19:52","slug":"politica-de-privacidade","status":"publish","type":"page","link":"https:\/\/www.mousegluetraps.top\/pt-pt\/politica-de-privacidade\/","title":{"rendered":"pol\u00edtica de Privacidade"},"content":{"rendered":"\n<p>Como uma f\u00e1brica direta e empresa de marketing em Yiwu China, o fabricante de armadilhas de cola para mouse Lvsong est\u00e1 empenhada em respeitar os desejos de seus clientes quando se trata de privacidade. Lidamos com todas as informa\u00e7\u00f5es do cliente em termos de contas, transa\u00e7\u00f5es e correspond\u00eancia com discri\u00e7\u00e3o. As pol\u00edticas listadas na declara\u00e7\u00e3o abaixo referem-se a pedidos on-line.<br\/><br\/><\/p> <h4>Coleta de informa\u00e7\u00f5es pessoais<\/h4> <p>As \u00fanicas informa\u00e7\u00f5es pessoais coletadas por n\u00f3s atrav\u00e9s de nosso site s\u00e3o informa\u00e7\u00f5es que nos \u00e9 submetido voluntariamente por nossos clientes. Nenhuma informa\u00e7\u00e3o pessoal \u00e9 obtida simplesmente navegando no site. Coletamos informa\u00e7\u00f5es de uso do site, como n\u00famero de p\u00e1ginas visitadas, informa\u00e7\u00f5es de navega\u00e7\u00e3o, tempo de perman\u00eancia, nomes de navegadores usados e outras informa\u00e7\u00f5es n\u00e3o pessoalmente identific\u00e1veis. Informa\u00e7\u00f5es do mousegluetrap por meio de ofertas por e-mail Inscrever-se em nossa lista de e-mails lhe d\u00e1 o direito de receber ofertas especiais para economizar dinheiro, novos lan\u00e7amentos de variedades, dicas de cultivo e outras informa\u00e7\u00f5es. Suas informa\u00e7\u00f5es podem ser combinadas com outras informa\u00e7\u00f5es de identifica\u00e7\u00e3o pessoal, como dados demogr\u00e1ficos e informa\u00e7\u00f5es de compras anteriores, para tornar nossos esfor\u00e7os de marketing futuros mais eficientes. Quando voc\u00ea nos fornece voluntariamente informa\u00e7\u00f5es pessoais, voc\u00ea tem a possibilidade de optar por n\u00e3o receber e-mails. Voc\u00ea tamb\u00e9m pode mudar de ideia e cancelar a inscri\u00e7\u00e3o posteriormente, pois cada e-mail que enviarmos incluir\u00e1 uma descri\u00e7\u00e3o do processo simples para permitir que voc\u00ea pare de receber nossos futuros e-mails. Se voc\u00ea optar por cancelar a assinatura do programa de e-mail GardenTrends, receber\u00e1 apenas comunica\u00e7\u00f5es nossas por correio, telefone ou e-mail no que se refere ao seu pedido.<br\/><br\/><\/p> <h4> Seguran\u00e7a<\/h4> <p>www.mousegluetraps.top foi validado e \u00e9 seguro para transa\u00e7\u00f5es online. As informa\u00e7\u00f5es do cart\u00e3o de cr\u00e9dito que voc\u00ea fornece on-line s\u00e3o criptografadas e s\u00e3o usadas apenas no \u00e2mbito de transa\u00e7\u00f5es normais entre voc\u00ea, mousegluetrap e nossas institui\u00e7\u00f5es banc\u00e1rias.<\/p>\n\n<p><\/p>\n","protected":false},"excerpt":{"rendered":"<p>Como uma f\u00e1brica direta e empresa de marketing em Yiwu China, o fabricante de armadilhas de cola para mouse Lvsong est\u00e1 empenhada em respeitar os desejos de seus clientes quando se trata de privacidade. Lidamos com todas as informa\u00e7\u00f5es do cliente em termos de contas, transa\u00e7\u00f5es e correspond\u00eancia com discri\u00e7\u00e3o. As pol\u00edticas listadas na declara\u00e7\u00e3o &hellip;<\/p>\n","protected":false},"author":1,"featured_media":0,"parent":0,"menu_order":0,"comment_status":"closed","ping_status":"closed","template":"","meta":{"_seopress_robots_primary_cat":"","_seopress_titles_title":"","_seopress_titles_desc":"","_seopress_robots_index":"","footnotes":""},"class_list":["post-783","page","type-page","status-publish","hentry"],"_links":{"self":[{"href":"https:\/\/www.mousegluetraps.top\/pt-pt\/wp-json\/wp\/v2\/pages\/783","targetHints":{"allow":["GET"]}}],"collection":[{"href":"https:\/\/www.mousegluetraps.top\/pt-pt\/wp-json\/wp\/v2\/pages"}],"about":[{"href":"https:\/\/www.mousegluetraps.top\/pt-pt\/wp-json\/wp\/v2\/types\/page"}],"author":[{"embeddable":true,"href":"https:\/\/www.mousegluetraps.top\/pt-pt\/wp-json\/wp\/v2\/users\/1"}],"replies":[{"embeddable":true,"href":"https:\/\/www.mousegluetraps.top\/pt-pt\/wp-json\/wp\/v2\/comments?post=783"}],"version-history":[{"count":2,"href":"https:\/\/www.mousegluetraps.top\/pt-pt\/wp-json\/wp\/v2\/pages\/783\/revisions"}],"predecessor-version":[{"id":814,"href":"https:\/\/www.mousegluetraps.top\/pt-pt\/wp-json\/wp\/v2\/pages\/783\/revisions\/814"}],"wp:attachment":[{"href":"https:\/\/www.mousegluetraps.top\/pt-pt\/wp-json\/wp\/v2\/media?parent=783"}],"curies":[{"name":"wp","href":"https:\/\/api.w.org\/{rel}","templated":true}]}}