{"id":992,"date":"2024-05-29T08:05:36","date_gmt":"2024-05-29T08:05:36","guid":{"rendered":"https:\/\/www.mousegluetraps.top\/shop\/lampara-electrica-antimosquitos-antimosquitos-trampa-para-moscas-insecticida-electronico-para-hotel\/"},"modified":"2024-05-29T08:05:36","modified_gmt":"2024-05-29T08:05:36","slug":"lampara-matadora-de-mosquitos-electrica-antimosquitos-trampa-moscas-para-insectos-electronica-de-hotel","status":"publish","type":"product","link":"https:\/\/www.mousegluetraps.top\/es\/shop\/lampara-matadora-de-mosquitos-electrica-antimosquitos-trampa-moscas-para-insectos-electronica-de-hotel\/","title":{"rendered":"L\u00e1mpara el\u00e9ctrica antimosquitos antimosquitos, trampa para moscas, insecticida electr\u00f3nico para hotel"},"content":{"rendered":"<p><strong>Repelente de insectos ultras\u00f3nico, luz nocturna, repelente de plagas, \u00e1caros, l\u00e1mpara el\u00e9ctrica antimosquitos para beb\u00e9<\/strong><\/p>\n<p>Caracter\u00edstica: Desechable, Sostenible, Surtido<br \/>\nTipo de plaga: p\u00e1jaros, ratones, serpientes, garrapatas<br \/>\n\u00c1rea aplicable: 400-600 \u33a1, 600-800 \u33a1, &gt;800 \u33a1<br \/>\nTiempo utilizado: 300 horas, 480 horas<br \/>\nProducto: Repelente de insectos<br \/>\nUso: Control de animales, Limpieza, control de insectos, hogar y per\u00edmetro.<br \/>\nEmbalaje: 14*9cm<br \/>\nFragancia: Ninguno<br \/>\nFuente de alimentaci\u00f3n: TIPO-C<br \/>\nUso: repeler animales salvajes<br \/>\nTipo inteligente: electr\u00f3nico<br \/>\nAplicaci\u00f3n: Oficina, Sala de estar, Interior<br \/>\nTemporada: Verano<br \/>\nNombre del producto: L\u00e1mpara el\u00e9ctrica para matar mosquitos.<br \/>\nFunci\u00f3n: repelente de mosquitos<br \/>\nMaterial: ABS<br \/>\nColor: blanco gris rosa<br \/>\nTama\u00f1o: 14*9cm<br \/>\nPotencia nominal: 5w<br \/>\nMOQ: 100pcs<br \/>\nFuente de luz: l\u00e1mpara ultravioleta<br \/>\n\u00bfHay una bater\u00eda incorporada? Bater\u00eda<br \/>\nPago: T\/T, Western Union, Paypal, etc.<br \/>\nEnv\u00edo: por mar, por aire, por FEDEX, UPS, DHL, etc.<\/p>\n","protected":false},"excerpt":{"rendered":"<p><a href=\"https:\/\/api.whatsapp.com\/send?phone=008613976116176\" rel=\"nofollow\"><img loading=\"lazy\" decoding=\"async\" class=\"aligncenter size-full wp-image-318\" src=\"https:\/\/www.mousegluetraps.top\/wp-content\/uploads\/2022\/05\/whatsapp-tous-300x93.png\" alt=\"Directamente en contacto con nosotros por Whatsapp\" width=\"300\" height=\"93\"><\/a><br \/>\n[ninja_form id=\"1\"]<\/p>\n","protected":false},"featured_media":982,"template":"","meta":{"_seopress_robots_primary_cat":"","_seopress_titles_title":"","_seopress_titles_desc":"","_seopress_robots_index":""},"product_brand":[],"product_cat":[127],"product_tag":[132],"class_list":{"0":"post-992","1":"product","2":"type-product","3":"status-publish","4":"has-post-thumbnail","6":"product_cat-control-de-plagas","7":"product_tag-trampa-para-moscas-es-2","9":"first","10":"instock","11":"shipping-taxable","12":"product-type-simple"},"_links":{"self":[{"href":"https:\/\/www.mousegluetraps.top\/es\/wp-json\/wp\/v2\/product\/992","targetHints":{"allow":["GET"]}}],"collection":[{"href":"https:\/\/www.mousegluetraps.top\/es\/wp-json\/wp\/v2\/product"}],"about":[{"href":"https:\/\/www.mousegluetraps.top\/es\/wp-json\/wp\/v2\/types\/product"}],"wp:featuredmedia":[{"embeddable":true,"href":"https:\/\/www.mousegluetraps.top\/es\/wp-json\/wp\/v2\/media\/982"}],"wp:attachment":[{"href":"https:\/\/www.mousegluetraps.top\/es\/wp-json\/wp\/v2\/media?parent=992"}],"wp:term":[{"taxonomy":"product_brand","embeddable":true,"href":"https:\/\/www.mousegluetraps.top\/es\/wp-json\/wp\/v2\/product_brand?post=992"},{"taxonomy":"product_cat","embeddable":true,"href":"https:\/\/www.mousegluetraps.top\/es\/wp-json\/wp\/v2\/product_cat?post=992"},{"taxonomy":"product_tag","embeddable":true,"href":"https:\/\/www.mousegluetraps.top\/es\/wp-json\/wp\/v2\/product_tag?post=992"}],"curies":[{"name":"wp","href":"https:\/\/api.w.org\/{rel}","templated":true}]}}