{"id":977,"date":"2024-05-24T02:34:51","date_gmt":"2024-05-24T02:34:51","guid":{"rendered":"https:\/\/www.mousegluetraps.top\/shop\/repelente-ultrasonico-del-raton-del-control-de-insectos-del-parasito-del-mosquito-de-la-rata-anti-de-los-ratones\/"},"modified":"2024-05-24T02:34:51","modified_gmt":"2024-05-24T02:34:51","slug":"repelente-ultrasonico-de-ratones-anti-ratones-ratas-mosquitos-plagas-insectos","status":"publish","type":"product","link":"https:\/\/www.mousegluetraps.top\/es\/shop\/repelente-ultrasonico-de-ratones-anti-ratones-ratas-mosquitos-plagas-insectos\/","title":{"rendered":"Repelente ultras\u00f3nico del rat\u00f3n del control de insectos del par\u00e1sito del mosquito de la rata anti de los ratones"},"content":{"rendered":"<p><strong>Reci\u00e9n llegado, enchufe el\u00e9ctrico para interiores, m\u00faltiples ratones, ratas, mosquitos, plagas, Control de insectos, repelente ultras\u00f3nico de ratones, venta al por mayor<\/strong><\/p>\n<p>Nombre del producto: Repelente ultras\u00f3nico de ratones ZS-QS013<br \/>\nEfecto: Luz nocturna de onda ultras\u00f3nica dual<br \/>\nAlcance efectivo: 150m\u00b2<br \/>\nTama\u00f1o del producto: 8*5.6*3cm<br \/>\nVoltaje: 90-240V, AC50\/60HZ<br \/>\nEl consumo de energ\u00eda: \u22641W<br \/>\nFrecuencia de onda electromagn\u00e9tica.: 20KHZ-120KHZ<br \/>\nMaterial: ABS ign\u00edfugo<br \/>\nFunci\u00f3n: repeler plagas (mosquitos, chinches, pulgas, moscas, cucarachas, etc) y roedores de mayor tama\u00f1o, como ratones.<br \/>\nPaquete incluido: 1 * asesino de mosquitos<br \/>\nembalaje<br \/>\n1pc\/box, 9.3*6.1*6.8cm(VDE)\/9.4*5.9*5.8cm(UL\/BS), 62g, 140pcs\/CTN; 49*31*35.5cm, 11kg; 2pcs\/box, 12.5*6.5*5.9cm, 110g, 240pcs\/CTN;<br \/>\n53.5*30*39cm, 14.4kg; 4pcs\/box, 12.6*11.1*6.2cm, 210g, 240pcs\/CTN; 53.5*30*39cm, 14.3kg; 6pcs\/box, 9.4*5.6*5.8cm, 330g,<br \/>\n252pcs\/CTN; 53.5*30*39cm, 15kg<br \/>\nCaracter\u00edstica:<br \/>\nRepele los mosquitos, no es t\u00f3xico, no es radiactivo, es silencioso e inodoro. No mata plagas, solo los aleja,<br \/>\nRespetuoso del medio ambiente. No da\u00f1a a adultos, beb\u00e9s ni mascotas. F\u00e1cil de llevar, simple y seguro de operar, enchufar.<\/p>\n<div id=\"attachment_973\" style=\"width: 810px\" class=\"wp-caption alignleft\"><a href=\"https:\/\/www.mousegluetraps.top\/es\/shop\/repelente-ultrasonico-de-ratones-anti-ratones-ratas-mosquitos-plagas-insectos\/\"><img loading=\"lazy\" decoding=\"async\" aria-describedby=\"caption-attachment-973\" class=\"size-full wp-image-973\" src=\"https:\/\/www.mousegluetraps.top\/wp-content\/uploads\/2024\/05\/Anti-mice-Rat-Mosquito-Pest-Insect-Control-Ultrasonic-Mouse-Repeller-4.jpg\" alt=\"Reci\u00e9n llegado, enchufe el\u00e9ctrico para interiores, m\u00faltiples ratones, ratas, mosquitos, plagas, Control de insectos, repelente ultras\u00f3nico de ratones, venta al por mayor\" width=\"800\" height=\"800\" srcset=\"https:\/\/www.mousegluetraps.top\/wp-content\/uploads\/2024\/05\/Anti-mice-Rat-Mosquito-Pest-Insect-Control-Ultrasonic-Mouse-Repeller-4.jpg 800w, https:\/\/www.mousegluetraps.top\/wp-content\/uploads\/2024\/05\/Anti-mice-Rat-Mosquito-Pest-Insect-Control-Ultrasonic-Mouse-Repeller-4-350x350.jpg 350w, https:\/\/www.mousegluetraps.top\/wp-content\/uploads\/2024\/05\/Anti-mice-Rat-Mosquito-Pest-Insect-Control-Ultrasonic-Mouse-Repeller-4-100x100.jpg 100w, https:\/\/www.mousegluetraps.top\/wp-content\/uploads\/2024\/05\/Anti-mice-Rat-Mosquito-Pest-Insect-Control-Ultrasonic-Mouse-Repeller-4-680x680.jpg 680w, https:\/\/www.mousegluetraps.top\/wp-content\/uploads\/2024\/05\/Anti-mice-Rat-Mosquito-Pest-Insect-Control-Ultrasonic-Mouse-Repeller-4-300x300.jpg 300w, https:\/\/www.mousegluetraps.top\/wp-content\/uploads\/2024\/05\/Anti-mice-Rat-Mosquito-Pest-Insect-Control-Ultrasonic-Mouse-Repeller-4-150x150.jpg 150w, https:\/\/www.mousegluetraps.top\/wp-content\/uploads\/2024\/05\/Anti-mice-Rat-Mosquito-Pest-Insect-Control-Ultrasonic-Mouse-Repeller-4-768x768.jpg 768w\" sizes=\"auto, (max-width: 800px) 100vw, 800px\" \/><\/a><p id=\"caption-attachment-973\" class=\"wp-caption-text\">Reci\u00e9n llegado, enchufe el\u00e9ctrico para interiores, m\u00faltiples ratones, ratas, mosquitos, plagas, Control de insectos, repelente ultras\u00f3nico de ratones, venta al por mayor<\/p><\/div>\n","protected":false},"excerpt":{"rendered":"<p><a href=\"https:\/\/api.whatsapp.com\/send?phone=008613976116176\" rel=\"nofollow\"><img loading=\"lazy\" decoding=\"async\" class=\"aligncenter size-full wp-image-318\" src=\"https:\/\/www.mousegluetraps.top\/wp-content\/uploads\/2022\/05\/whatsapp-tous-300x93.png\" alt=\"Directamente en contacto con nosotros por Whatsapp\" width=\"300\" height=\"93\"><\/a><br \/>\n[ninja_form id=\"1\"]<\/p>\n","protected":false},"featured_media":963,"template":"","meta":{"_seopress_robots_primary_cat":"","_seopress_titles_title":"","_seopress_titles_desc":"","_seopress_robots_index":""},"product_brand":[],"product_cat":[127],"product_tag":[128],"class_list":{"0":"post-977","1":"product","2":"type-product","3":"status-publish","4":"has-post-thumbnail","6":"product_cat-control-de-plagas","7":"product_tag-control-de-plagas","9":"first","10":"instock","11":"shipping-taxable","12":"product-type-simple"},"_links":{"self":[{"href":"https:\/\/www.mousegluetraps.top\/es\/wp-json\/wp\/v2\/product\/977","targetHints":{"allow":["GET"]}}],"collection":[{"href":"https:\/\/www.mousegluetraps.top\/es\/wp-json\/wp\/v2\/product"}],"about":[{"href":"https:\/\/www.mousegluetraps.top\/es\/wp-json\/wp\/v2\/types\/product"}],"wp:featuredmedia":[{"embeddable":true,"href":"https:\/\/www.mousegluetraps.top\/es\/wp-json\/wp\/v2\/media\/963"}],"wp:attachment":[{"href":"https:\/\/www.mousegluetraps.top\/es\/wp-json\/wp\/v2\/media?parent=977"}],"wp:term":[{"taxonomy":"product_brand","embeddable":true,"href":"https:\/\/www.mousegluetraps.top\/es\/wp-json\/wp\/v2\/product_brand?post=977"},{"taxonomy":"product_cat","embeddable":true,"href":"https:\/\/www.mousegluetraps.top\/es\/wp-json\/wp\/v2\/product_cat?post=977"},{"taxonomy":"product_tag","embeddable":true,"href":"https:\/\/www.mousegluetraps.top\/es\/wp-json\/wp\/v2\/product_tag?post=977"}],"curies":[{"name":"wp","href":"https:\/\/api.w.org\/{rel}","templated":true}]}}