{"id":958,"date":"2024-05-23T02:28:36","date_gmt":"2024-05-23T02:28:36","guid":{"rendered":"https:\/\/www.mousegluetraps.top\/shop\/repelente-ultrasonico-rechazar-mosquito-electronico-asesino-trampa-de-luz-lampara-repelente-control-de-plagas\/"},"modified":"2024-05-23T02:28:36","modified_gmt":"2024-05-23T02:28:36","slug":"repelente-ultrasonico-rechazo-matador-de-mosquitos-electronico-lampara-trampa-de-luz-repelente-control-de-plagas","status":"publish","type":"product","link":"https:\/\/www.mousegluetraps.top\/es\/shop\/repelente-ultrasonico-rechazo-matador-de-mosquitos-electronico-lampara-trampa-de-luz-repelente-control-de-plagas\/","title":{"rendered":"Repelente ultras\u00f3nico Rechazar Mosquito electr\u00f3nico Asesino Trampa de luz L\u00e1mpara Repelente Control de plagas"},"content":{"rendered":"<p><strong>Venta al por mayor de verano para el hogar Repelente ultras\u00f3nico Rechazar Mosquito electr\u00f3nico Asesino Trampa de luz L\u00e1mpara Repelente Control de plagas con enchufe<\/strong><\/p>\n<p>Nombre del producto: repelente ultras\u00f3nico de ratones<br \/>\nEfecto: Luz nocturna de onda ultras\u00f3nica dual<br \/>\nAlcance efectivo: 40-80m\u00b2<br \/>\nTama\u00f1o del producto: 9*5.6*5cm<br \/>\nVoltaje: AC90-250V(V)\/60HZ<br \/>\nEl consumo de energ\u00eda: 5W<br \/>\nFrecuencia de onda electromagn\u00e9tica.: 20KHZ-65KHZ<br \/>\nMaterial: ABS ign\u00edfugo<br \/>\nFunci\u00f3n: repeler plagas (mosquitos, chinches, pulgas, moscas, cucarachas, etc) y roedores de mayor tama\u00f1o, como ratones.<br \/>\nPaquete incluido: 1 * asesino de mosquitos<br \/>\nembalaje<br \/>\n1pc\/box, 9.4*5.9*5.8cm, 82g, 200pcs\/CTN; 58*35*41cm, 14kg;<br \/>\n2pcs\/box, 12.5*5.9*6.2cm, g, 200pcs\/CTN; 53.5*33.5*33.5cm, 13.2kg;<br \/>\n4pcs\/box, 12.5*10.8*6.2cm, g, 240pcs\/CTN; 53.5*30*39cm, 15kg;<br \/>\n6pcs\/box, 15.9*12.5*6.2, g, 270pcs\/CTN; 15.9*12.5*6.2cm, 16.2kg<br \/>\nCaracter\u00edstica<br \/>\nRepele los mosquitos, no es t\u00f3xico, no es radiactivo, es silencioso e inodoro. No mata las plagas, solo las ahuyenta, es respetuoso con el medio ambiente. No da\u00f1a a adultos, beb\u00e9s ni mascotas. F\u00e1cil de llevar, simple y seguro de operar, enchufar.<\/p>\n<p><a href=\"https:\/\/www.mousegluetraps.top\/es\/shop\/repelente-ultrasonico-rechazo-matador-de-mosquitos-electronico-lampara-trampa-de-luz-repelente-control-de-plagas\/\"><img loading=\"lazy\" decoding=\"async\" class=\"alignleft wp-image-951 size-full\" src=\"https:\/\/www.mousegluetraps.top\/wp-content\/uploads\/2024\/05\/Ultrasonic-Repeller-Reject-Electronic-Mosquito-Killer-Light-Trap-Lamp-Repellant-Pest-Control-4.jpg\" alt=\"Repelente ultras\u00f3nico Rechazar Mosquito electr\u00f3nico Asesino Trampa de luz L\u00e1mpara Repelente Control de plagas\" width=\"800\" height=\"800\" srcset=\"https:\/\/www.mousegluetraps.top\/wp-content\/uploads\/2024\/05\/Ultrasonic-Repeller-Reject-Electronic-Mosquito-Killer-Light-Trap-Lamp-Repellant-Pest-Control-4.jpg 800w, https:\/\/www.mousegluetraps.top\/wp-content\/uploads\/2024\/05\/Ultrasonic-Repeller-Reject-Electronic-Mosquito-Killer-Light-Trap-Lamp-Repellant-Pest-Control-4-350x350.jpg 350w, https:\/\/www.mousegluetraps.top\/wp-content\/uploads\/2024\/05\/Ultrasonic-Repeller-Reject-Electronic-Mosquito-Killer-Light-Trap-Lamp-Repellant-Pest-Control-4-100x100.jpg 100w, https:\/\/www.mousegluetraps.top\/wp-content\/uploads\/2024\/05\/Ultrasonic-Repeller-Reject-Electronic-Mosquito-Killer-Light-Trap-Lamp-Repellant-Pest-Control-4-680x680.jpg 680w, https:\/\/www.mousegluetraps.top\/wp-content\/uploads\/2024\/05\/Ultrasonic-Repeller-Reject-Electronic-Mosquito-Killer-Light-Trap-Lamp-Repellant-Pest-Control-4-300x300.jpg 300w, https:\/\/www.mousegluetraps.top\/wp-content\/uploads\/2024\/05\/Ultrasonic-Repeller-Reject-Electronic-Mosquito-Killer-Light-Trap-Lamp-Repellant-Pest-Control-4-150x150.jpg 150w, https:\/\/www.mousegluetraps.top\/wp-content\/uploads\/2024\/05\/Ultrasonic-Repeller-Reject-Electronic-Mosquito-Killer-Light-Trap-Lamp-Repellant-Pest-Control-4-768x768.jpg 768w\" sizes=\"auto, (max-width: 800px) 100vw, 800px\" \/><\/a> <a href=\"https:\/\/www.mousegluetraps.top\/es\/shop\/repelente-ultrasonico-rechazo-matador-de-mosquitos-electronico-lampara-trampa-de-luz-repelente-control-de-plagas\/\"><img loading=\"lazy\" decoding=\"async\" class=\"alignleft wp-image-954 size-full\" src=\"https:\/\/www.mousegluetraps.top\/wp-content\/uploads\/2024\/05\/Ultrasonic-Repeller-Reject-Electronic-Mosquito-Killer-Light-Trap-Lamp-Repellant-Pest-Control-5.jpg\" alt=\"Repelente ultras\u00f3nico Rechazar Mosquito electr\u00f3nico Asesino Trampa de luz L\u00e1mpara Repelente Control de plagas\" width=\"800\" height=\"800\" srcset=\"https:\/\/www.mousegluetraps.top\/wp-content\/uploads\/2024\/05\/Ultrasonic-Repeller-Reject-Electronic-Mosquito-Killer-Light-Trap-Lamp-Repellant-Pest-Control-5.jpg 800w, https:\/\/www.mousegluetraps.top\/wp-content\/uploads\/2024\/05\/Ultrasonic-Repeller-Reject-Electronic-Mosquito-Killer-Light-Trap-Lamp-Repellant-Pest-Control-5-350x350.jpg 350w, https:\/\/www.mousegluetraps.top\/wp-content\/uploads\/2024\/05\/Ultrasonic-Repeller-Reject-Electronic-Mosquito-Killer-Light-Trap-Lamp-Repellant-Pest-Control-5-100x100.jpg 100w, https:\/\/www.mousegluetraps.top\/wp-content\/uploads\/2024\/05\/Ultrasonic-Repeller-Reject-Electronic-Mosquito-Killer-Light-Trap-Lamp-Repellant-Pest-Control-5-680x680.jpg 680w, https:\/\/www.mousegluetraps.top\/wp-content\/uploads\/2024\/05\/Ultrasonic-Repeller-Reject-Electronic-Mosquito-Killer-Light-Trap-Lamp-Repellant-Pest-Control-5-300x300.jpg 300w, https:\/\/www.mousegluetraps.top\/wp-content\/uploads\/2024\/05\/Ultrasonic-Repeller-Reject-Electronic-Mosquito-Killer-Light-Trap-Lamp-Repellant-Pest-Control-5-150x150.jpg 150w, https:\/\/www.mousegluetraps.top\/wp-content\/uploads\/2024\/05\/Ultrasonic-Repeller-Reject-Electronic-Mosquito-Killer-Light-Trap-Lamp-Repellant-Pest-Control-5-768x768.jpg 768w\" sizes=\"auto, (max-width: 800px) 100vw, 800px\" \/><\/a><\/p>\n","protected":false},"excerpt":{"rendered":"<p><a href=\"https:\/\/api.whatsapp.com\/send?phone=008613976116176\" rel=\"nofollow\"><img loading=\"lazy\" decoding=\"async\" class=\"aligncenter size-full wp-image-318\" src=\"https:\/\/www.mousegluetraps.top\/wp-content\/uploads\/2022\/05\/whatsapp-tous-300x93.png\" alt=\"Directamente en contacto con nosotros por Whatsapp\" width=\"300\" height=\"93\"><\/a><br \/>\n[ninja_form id=\"1\"]<\/p>\n","protected":false},"featured_media":941,"template":"","meta":{"_seopress_robots_primary_cat":"","_seopress_titles_title":"","_seopress_titles_desc":"","_seopress_robots_index":""},"product_brand":[],"product_cat":[127],"product_tag":[128,68],"class_list":{"0":"post-958","1":"product","2":"type-product","3":"status-publish","4":"has-post-thumbnail","6":"product_cat-control-de-plagas","7":"product_tag-control-de-plagas","8":"product_tag-trampas-para-ratones","10":"first","11":"instock","12":"shipping-taxable","13":"product-type-simple"},"_links":{"self":[{"href":"https:\/\/www.mousegluetraps.top\/es\/wp-json\/wp\/v2\/product\/958","targetHints":{"allow":["GET"]}}],"collection":[{"href":"https:\/\/www.mousegluetraps.top\/es\/wp-json\/wp\/v2\/product"}],"about":[{"href":"https:\/\/www.mousegluetraps.top\/es\/wp-json\/wp\/v2\/types\/product"}],"wp:featuredmedia":[{"embeddable":true,"href":"https:\/\/www.mousegluetraps.top\/es\/wp-json\/wp\/v2\/media\/941"}],"wp:attachment":[{"href":"https:\/\/www.mousegluetraps.top\/es\/wp-json\/wp\/v2\/media?parent=958"}],"wp:term":[{"taxonomy":"product_brand","embeddable":true,"href":"https:\/\/www.mousegluetraps.top\/es\/wp-json\/wp\/v2\/product_brand?post=958"},{"taxonomy":"product_cat","embeddable":true,"href":"https:\/\/www.mousegluetraps.top\/es\/wp-json\/wp\/v2\/product_cat?post=958"},{"taxonomy":"product_tag","embeddable":true,"href":"https:\/\/www.mousegluetraps.top\/es\/wp-json\/wp\/v2\/product_tag?post=958"}],"curies":[{"name":"wp","href":"https:\/\/api.w.org\/{rel}","templated":true}]}}