{"id":915,"date":"2022-05-13T02:18:40","date_gmt":"2022-05-13T02:18:40","guid":{"rendered":"https:\/\/www.mousegluetraps.top\/shop\/china-edge-leaf-fly-catcher-ribbon-75cm-long-glue-trap-placa-de-controle-de-pragas-armadilha-de-cola\/"},"modified":"2022-05-13T02:18:40","modified_gmt":"2022-05-13T02:18:40","slug":"china-edge-leaf-fly-catcher-ribbon-75cm-long-glue-trap-placa-de-controle-de-pragas-armadilha-de-cola","status":"publish","type":"product","link":"https:\/\/www.mousegluetraps.top\/es\/shop\/china-edge-leaf-fly-catcher-ribbon-75cm-long-glue-trap-placa-de-controle-de-pragas-armadilha-de-cola\/","title":{"rendered":"China Edge Leaf Fly Catcher Ribbon 75cm Long Glue Trap placa de controle de pragas armadilha de cola"},"content":{"rendered":"<p>Green Card Edge Leaf Fly Catcher Ribbon placa de controle de pragas armadilha de cola es uno de los productos m\u00e1s vendidos. Nuestro Fly Catcher Ribbon tiene su propia caracter\u00edstica de Radiaci\u00f3n Anti-Ultravioleta. Como resultado de nuestra f\u00f3rmula especial, Fly Catcher Ribbon puede durar m\u00e1s de dos meses, incluso bajo un fuerte sol. La cinta atrapamoscas tiene un fuerte atractivo para los insectos voladores.<\/p>\n<p>Los informes de prueba como MSDS, REACH (proporcionado por PONY) est\u00e1n disponibles.<\/p>\n<p>Nombre de la marca: Edge Leaf<br \/>\nOrigen: China<br \/>\nGrado de calidad: alto<\/p>\n<p>Embalaje:<br \/>\n4 rollos\/tarjeta;<br \/>\n24 tarjetas\/caja de color;<br \/>\n288 tarjetas\/cart\u00f3n;<\/p>\n<p>Especificaci\u00f3n<br \/>\nMaterial: pegamento ecol\u00f3gico<br \/>\nLongitud de la cinta: 75 o 65 cm<br \/>\nAncho de la cinta: 4 cm<br \/>\nTama\u00f1o del cart\u00f3n: 47*30*41cm<br \/>\nPlagas objetivo Moscas, mosquitos, polillas, etc.<br \/>\n\u00c1mbito de aplicaci\u00f3n: plantas de alimentos, cocinas, restaurantes, plantas de procesamiento de alimentos, hospitales, ba\u00f1os, etc.<\/p>\n<p>Instrucciones de uso de la cinta atrapamoscas:<\/p>\n<p>1. Saque la cinta lentamente con un movimiento giratorio.<br \/>\n2. Caliente el tubo si hace mucho fr\u00edo.<br \/>\n3.Utilice una chincheta para colgarlo fij\u00e1ndolo a la viga o al techo en las \u00e1reas donde se ven moscas.<\/p>\n<p>Instrucciones de uso de Fly Ribbon:<br \/>\n1. Tire suavemente hacia arriba de la leng\u00fceta en la flecha y retire la cubierta lentamente en la direcci\u00f3n de las flechas.<br \/>\n2. Cuando la cubierta est\u00e9 completamente libre, sostenga la bandeja con una mano y tire lentamente hacia arriba hasta que toda la cinta quede expuesta. Con tachuelas, f\u00edjelo a la viga o al techo en las \u00e1reas donde se vean moscas. Las moscas se sentir\u00e1n atra\u00eddas por el color claro y se quedar\u00e1n atrapadas en \u00e9l.<\/p>\n<p>Precauci\u00f3n: Evite colgar en la luz del sol o extremadamente caliente.<\/p>\n","protected":false},"excerpt":{"rendered":"<p><a href=\"https:\/\/api.whatsapp.com\/send?phone=008613976116176\" rel=\"nofollow\"><img loading=\"lazy\" decoding=\"async\" class=\"aligncenter size-full wp-image-318\" src=\"https:\/\/www.mousegluetraps.top\/wp-content\/uploads\/2022\/05\/whatsapp-tous-300x93.png\" alt=\"Directamente en contacto con nosotros por Whatsapp\" width=\"300\" height=\"93\"><\/a><br \/>[ninja_form id=\"1\"]<\/p>\n","protected":false},"featured_media":665,"template":"","meta":{"_seopress_robots_primary_cat":"","_seopress_titles_title":"","_seopress_titles_desc":"","_seopress_robots_index":""},"product_brand":[],"product_cat":[63],"product_tag":[121,122,105],"class_list":{"0":"post-915","1":"product","2":"type-product","3":"status-publish","4":"has-post-thumbnail","6":"product_cat-trampa-de-pegamento-para-moscas","7":"product_tag-controle-de-pragas-es","8":"product_tag-placa-de-cola-de-mosca-es","9":"product_tag-trampa-de-pegamento-para-moscas","11":"first","12":"instock","13":"shipping-taxable","14":"product-type-simple"},"_links":{"self":[{"href":"https:\/\/www.mousegluetraps.top\/es\/wp-json\/wp\/v2\/product\/915","targetHints":{"allow":["GET"]}}],"collection":[{"href":"https:\/\/www.mousegluetraps.top\/es\/wp-json\/wp\/v2\/product"}],"about":[{"href":"https:\/\/www.mousegluetraps.top\/es\/wp-json\/wp\/v2\/types\/product"}],"wp:featuredmedia":[{"embeddable":true,"href":"https:\/\/www.mousegluetraps.top\/es\/wp-json\/wp\/v2\/media\/665"}],"wp:attachment":[{"href":"https:\/\/www.mousegluetraps.top\/es\/wp-json\/wp\/v2\/media?parent=915"}],"wp:term":[{"taxonomy":"product_brand","embeddable":true,"href":"https:\/\/www.mousegluetraps.top\/es\/wp-json\/wp\/v2\/product_brand?post=915"},{"taxonomy":"product_cat","embeddable":true,"href":"https:\/\/www.mousegluetraps.top\/es\/wp-json\/wp\/v2\/product_cat?post=915"},{"taxonomy":"product_tag","embeddable":true,"href":"https:\/\/www.mousegluetraps.top\/es\/wp-json\/wp\/v2\/product_tag?post=915"}],"curies":[{"name":"wp","href":"https:\/\/api.w.org\/{rel}","templated":true}]}}