{"id":914,"date":"2022-05-13T02:33:28","date_gmt":"2022-05-13T02:33:28","guid":{"rendered":"https:\/\/www.mousegluetraps.top\/shop\/yello-fly-glue-ribbon-trap-4-piezas-blister-non-toxic-catcher-controle-de-pragas-placa-de-cola-de-mosca\/"},"modified":"2023-07-21T03:30:38","modified_gmt":"2023-07-21T03:30:38","slug":"yello-fly-glue-ribbon-trap-4-uds-blister-non-toxic-catcher-controle-de-pragas-placa-de-cola-de-mosca","status":"publish","type":"product","link":"https:\/\/www.mousegluetraps.top\/es\/shop\/yello-fly-glue-ribbon-trap-4-uds-blister-non-toxic-catcher-controle-de-pragas-placa-de-cola-de-mosca\/","title":{"rendered":"Yello Fly Glue Ribbon Trap 4 piezas Blister Non-Toxic Catcher controle de pragas placa de cola de mosca"},"content":{"rendered":"<p>La tarjeta amarilla que empaqueta el atrapamoscas, la trampa de pegamento, el control de pragas, la placa de cola de mosca fita de cola, ahora se vende muy bien. Contiene s\u00faper atrayente que atrae moscas de manera muy efectiva.<\/p>\n<p>Embalaje:<br \/>\n4 rollos\/blister Tarjeta<br \/>\n24 tarjetas\/caja de color<br \/>\n288 tarjetas\/cart\u00f3n<\/p>\n<table width=\"546\">\n<tbody>\n<tr>\n<td width=\"176\">Color de la tarjeta de la ampolla<\/td>\n<td width=\"370\">Amarillo<\/td>\n<\/tr>\n<tr>\n<td rowspan=\"4\" width=\"176\">Especificaci\u00f3n<\/td>\n<td width=\"370\">Material: pegamento ecol\u00f3gico<\/td>\n<\/tr>\n<tr>\n<td width=\"370\">Longitud de la cinta: 75 o 65 cm<\/td>\n<\/tr>\n<tr>\n<td width=\"370\">Ancho de la cinta: 4 cm<\/td>\n<\/tr>\n<tr>\n<td width=\"370\">Tama\u00f1o del cart\u00f3n: 47*30*41cm<\/td>\n<\/tr>\n<tr>\n<td width=\"176\">Plagas objetivo<\/td>\n<td width=\"370\">Moscas, mosquitos, polillas, etc.<\/td>\n<\/tr>\n<tr>\n<td width=\"176\">\u00c1mbito de aplicaci\u00f3n<\/td>\n<td width=\"370\">Plantas de alimentos, cocinas, restaurantes, plantas de procesamiento de alimentos, hospitales, ba\u00f1os, etc.<\/td>\n<\/tr>\n<tr>\n<td rowspan=\"3\">Caracter\u00edsticas:<\/td>\n<td width=\"370\">Super atrayente contenido<\/td>\n<\/tr>\n<tr>\n<td width=\"370\">Alto rendimiento<\/td>\n<\/tr>\n<tr>\n<td>De larga duraci\u00f3n<\/td>\n<\/tr>\n<\/tbody>\n<\/table>\n<p>Caracter\u00edsticas:<br \/>\n1. Adoptando el pegamento importado de Alemania, la fuerza adhesiva de nuestra trampa gue es muy poderosa, el mouse atascado dif\u00edcilmente puede escapar.<br \/>\n2. Ecol\u00f3gico, saludable y no t\u00f3xico, especialmente adecuado para f\u00e1bricas de alimentos, restaurantes, almacenes de alimentos, hogar, etc.<br \/>\n3. Este producto no est\u00e1 influenciado por el clima, es adecuado para todos los pa\u00edses del mundo.<br \/>\n4. Es reutilizable, no t\u00f3xico e inofensivo, no contamina. Es una nueva generaci\u00f3n de protecci\u00f3n del medio ambiente verde.<\/p>\n<p>Ventaja:<br \/>\n1. La trampa de pegamento para ratones puede arrojar olor a mantequilla de man\u00ed, que es uno de los alimentos favoritos de los ratones, y puede atraer a los ratones para que vengan.<br \/>\n2. Somos una f\u00e1brica, controlamos estrictamente la calidad de las materias primas, as\u00ed como todos los procesos de producci\u00f3n.<br \/>\n3. Se acepta OEM, incluso se aceptan pedidos de peque\u00f1as cantidades, podemos hacer el dise\u00f1o para el cliente sin cargo adicional.<\/p>\n","protected":false},"excerpt":{"rendered":"<p><a href=\"https:\/\/api.whatsapp.com\/send?phone=008613976116176\" rel=\"nofollow\"><img loading=\"lazy\" decoding=\"async\" class=\"aligncenter size-full wp-image-318\" src=\"https:\/\/www.mousegluetraps.top\/wp-content\/uploads\/2022\/05\/whatsapp-tous-300x93.png\" alt=\"Directamente en contacto con nosotros por Whatsapp\" width=\"300\" height=\"93\"><\/a><br \/>[ninja_form id=1]<\/p>\n","protected":false},"featured_media":673,"template":"","meta":{"_seopress_robots_primary_cat":"","_seopress_titles_title":"","_seopress_titles_desc":"","_seopress_robots_index":""},"product_brand":[],"product_cat":[63],"product_tag":[119,120,106],"class_list":{"0":"post-914","1":"product","2":"type-product","3":"status-publish","4":"has-post-thumbnail","6":"product_cat-trampa-de-pegamento-para-moscas","7":"product_tag-armadilha-de-cola-es","8":"product_tag-armadilha-de-pragas-es","9":"product_tag-tabla-de-pegamento-para-moscas","11":"first","12":"instock","13":"shipping-taxable","14":"product-type-simple"},"_links":{"self":[{"href":"https:\/\/www.mousegluetraps.top\/es\/wp-json\/wp\/v2\/product\/914","targetHints":{"allow":["GET"]}}],"collection":[{"href":"https:\/\/www.mousegluetraps.top\/es\/wp-json\/wp\/v2\/product"}],"about":[{"href":"https:\/\/www.mousegluetraps.top\/es\/wp-json\/wp\/v2\/types\/product"}],"wp:featuredmedia":[{"embeddable":true,"href":"https:\/\/www.mousegluetraps.top\/es\/wp-json\/wp\/v2\/media\/673"}],"wp:attachment":[{"href":"https:\/\/www.mousegluetraps.top\/es\/wp-json\/wp\/v2\/media?parent=914"}],"wp:term":[{"taxonomy":"product_brand","embeddable":true,"href":"https:\/\/www.mousegluetraps.top\/es\/wp-json\/wp\/v2\/product_brand?post=914"},{"taxonomy":"product_cat","embeddable":true,"href":"https:\/\/www.mousegluetraps.top\/es\/wp-json\/wp\/v2\/product_cat?post=914"},{"taxonomy":"product_tag","embeddable":true,"href":"https:\/\/www.mousegluetraps.top\/es\/wp-json\/wp\/v2\/product_tag?post=914"}],"curies":[{"name":"wp","href":"https:\/\/api.w.org\/{rel}","templated":true}]}}