{"id":910,"date":"2022-05-13T08:11:05","date_gmt":"2022-05-13T08:11:05","guid":{"rendered":"https:\/\/www.mousegluetraps.top\/shop\/fly-catcher-ribbon-8-rolls-glue-trap-tabla-de-pegamento-para-moscas-armadilha-para-moscas\/"},"modified":"2023-07-21T03:28:09","modified_gmt":"2023-07-21T03:28:09","slug":"fly-catcher-ribbon-8-rolls-glue-trap-tabla-de-pegamento-para-moscas-armadilha-para-moscas","status":"publish","type":"product","link":"https:\/\/www.mousegluetraps.top\/es\/shop\/fly-catcher-ribbon-8-rolls-glue-trap-tabla-de-pegamento-para-moscas-armadilha-para-moscas\/","title":{"rendered":"Fly Catcher Ribbon 8 Rolls Glue Trap tabla de pegamento para moscas armadilha para moscas"},"content":{"rendered":"<p>Este estilo de Fly Catcher Ribbon 75cm Roll Trap armadilha para moscas con se\u00f1uelo es seguro, efectivo y econ\u00f3mico. sin cebo; sin venenos; Trampa de pegamento para moscas sin vapores; No desorden. Simplemente cuelgue la cinta en cualquier lugar conveniente donde haya moscas. Se puede utilizar en interiores o exteriores. Ideal para porches, graneros, cocinas, etc.<\/p>\n<p>Nombre de la marca: Edge Leaf<\/p>\n<p>Embalaje:<br \/>\n8 rollos\/tarjeta;<br \/>\n24 tarjetas\/caja de color;<br \/>\n288 tarjetas\/cart\u00f3n;<\/p>\n<table width=\"543\">\n<tbody>\n<tr>\n<td width=\"173\">Color de la tarjeta<\/td>\n<td width=\"370\">Amarillo<\/td>\n<\/tr>\n<tr>\n<td rowspan=\"4\" width=\"173\">Especificaci\u00f3n<\/td>\n<td width=\"370\">Material: pegamento ecol\u00f3gico<\/td>\n<\/tr>\n<tr>\n<td width=\"370\">Longitud de la cinta: 75 o 65 cm<\/td>\n<\/tr>\n<tr>\n<td width=\"370\">Ancho de la cinta: 4 cm<\/td>\n<\/tr>\n<tr>\n<td width=\"370\">Tama\u00f1o del cart\u00f3n: 60*40*50 cm<\/td>\n<\/tr>\n<tr>\n<td width=\"173\">Plagas objetivo<\/td>\n<td width=\"370\">Moscas, mosquitos, polillas, etc.<\/td>\n<\/tr>\n<tr>\n<td width=\"173\">\u00c1mbito de aplicaci\u00f3n<\/td>\n<td width=\"370\">Plantas de alimentos, cocinas, restaurantes, plantas de procesamiento de alimentos, hospitales, ba\u00f1os, etc.<\/td>\n<\/tr>\n<tr>\n<td rowspan=\"3\">Caracter\u00edsticas:<\/td>\n<td width=\"370\">Alto rendimiento<\/td>\n<\/tr>\n<tr>\n<td width=\"370\">De larga duraci\u00f3n<\/td>\n<\/tr>\n<tr>\n<td>con atrayente<\/td>\n<\/tr>\n<\/tbody>\n<\/table>\n<p>Instrucciones de uso de la cinta atrapamoscas:<\/p>\n<p>1. Saque la cinta de pegamento para moscas lentamente con un movimiento giratorio.<br \/>\n2. Caliente el tubo si hace mucho fr\u00edo.<br \/>\n3.Utilice una chincheta para colgarlo fij\u00e1ndolo a la viga o al techo en las \u00e1reas donde se ven moscas.<br \/>\n4. Tire suavemente hacia arriba de la leng\u00fceta en la flecha y retire la cubierta lentamente en la direcci\u00f3n de las flechas.<br \/>\n5. Cuando la cubierta est\u00e9 completamente libre, sostenga la bandeja con una mano y tire lentamente hacia arriba hasta que toda la cinta quede expuesta. Con tachuelas, f\u00edjelo a la viga o al techo en las \u00e1reas donde se vean moscas. Las moscas se sentir\u00e1n atra\u00eddas por el color claro y se quedar\u00e1n atrapadas en \u00e9l.<\/p>\n<p>Precauci\u00f3n: Evite colgar la cinta de la trampa de pegamento para moscas bajo el sol o cuando hace mucho calor.<\/p>\n","protected":false},"excerpt":{"rendered":"<p><a href=\"https:\/\/api.whatsapp.com\/send?phone=008613976116176\" rel=\"nofollow\"><img loading=\"lazy\" decoding=\"async\" class=\"aligncenter size-full wp-image-318\" src=\"https:\/\/www.mousegluetraps.top\/wp-content\/uploads\/2022\/05\/whatsapp-tous-300x93.png\" alt=\"Directamente en contacto con nosotros por Whatsapp\" width=\"300\" height=\"93\"><\/a><br \/>[ninja_form id=1]<\/p>\n","protected":false},"featured_media":687,"template":"","meta":{"_seopress_robots_primary_cat":"","_seopress_titles_title":"","_seopress_titles_desc":"","_seopress_robots_index":""},"product_brand":[],"product_cat":[63],"product_tag":[113,106,114],"class_list":{"0":"post-910","1":"product","2":"type-product","3":"status-publish","4":"has-post-thumbnail","6":"product_cat-trampa-de-pegamento-para-moscas","7":"product_tag-armadilha-para-moscas-es","8":"product_tag-tabla-de-pegamento-para-moscas","9":"product_tag-trampa-para-moscas-es","11":"first","12":"instock","13":"shipping-taxable","14":"product-type-simple"},"_links":{"self":[{"href":"https:\/\/www.mousegluetraps.top\/es\/wp-json\/wp\/v2\/product\/910","targetHints":{"allow":["GET"]}}],"collection":[{"href":"https:\/\/www.mousegluetraps.top\/es\/wp-json\/wp\/v2\/product"}],"about":[{"href":"https:\/\/www.mousegluetraps.top\/es\/wp-json\/wp\/v2\/types\/product"}],"wp:featuredmedia":[{"embeddable":true,"href":"https:\/\/www.mousegluetraps.top\/es\/wp-json\/wp\/v2\/media\/687"}],"wp:attachment":[{"href":"https:\/\/www.mousegluetraps.top\/es\/wp-json\/wp\/v2\/media?parent=910"}],"wp:term":[{"taxonomy":"product_brand","embeddable":true,"href":"https:\/\/www.mousegluetraps.top\/es\/wp-json\/wp\/v2\/product_brand?post=910"},{"taxonomy":"product_cat","embeddable":true,"href":"https:\/\/www.mousegluetraps.top\/es\/wp-json\/wp\/v2\/product_cat?post=910"},{"taxonomy":"product_tag","embeddable":true,"href":"https:\/\/www.mousegluetraps.top\/es\/wp-json\/wp\/v2\/product_tag?post=910"}],"curies":[{"name":"wp","href":"https:\/\/api.w.org\/{rel}","templated":true}]}}