{"id":906,"date":"2022-10-19T03:06:08","date_gmt":"2022-10-19T03:06:08","guid":{"rendered":"https:\/\/www.mousegluetraps.top\/shop\/yiwu-cy-5-verde-original-ode-tablero-de-pegamento-para-moscas-papel-insectos-pegajosos\/"},"modified":"2023-07-21T03:25:39","modified_gmt":"2023-07-21T03:25:39","slug":"yiwu-cy-5-original-green-oda-fly-glue-board-traps-sticky-insects-paper","status":"publish","type":"product","link":"https:\/\/www.mousegluetraps.top\/es\/shop\/yiwu-cy-5-original-green-oda-fly-glue-board-traps-sticky-insects-paper\/","title":{"rendered":"Yiwu CY-5 Verde Original Ode Tablero de pegamento para moscas Papel Insectos Pegajosos"},"content":{"rendered":"<p>Yiwu Jingong factory CY-5 tablero de pegamento para moscas Sticky Insects Paper tiene un efecto significativo de atrapar moscas, polillas, mosquitos, etc. Es duradero; pegamento resistente al agua de alta viscosidad, no fluye a altas temperaturas, larga durabilidad y aplicaci\u00f3n de no pegar la mano, f\u00e1cil de transportar, se abre con ambos, seguridad ambiental, libre de contaminaci\u00f3n. La trampa de pegamento para moscas es un producto realmente ecol\u00f3gico.<\/p>\n<p>&nbsp;<\/p>\n<table style=\"border-collapse: collapse; width: 1226px; height: 361px;\" border=\"0\" width=\"543\" cellspacing=\"0\" cellpadding=\"0\">\n<tbody>\n<tr style=\"height: 24.00pt;\">\n<td class=\"et2\" style=\"height: 24.00pt; width: 129.75pt;\" width=\"173\" height=\"32\">Tama\u00f1o de papel:<\/td>\n<td class=\"et2\" style=\"width: 277.50pt;\" width=\"370\">18.5*14cm<\/td>\n<\/tr>\n<tr style=\"height: 27.00pt;\">\n<td class=\"et3\" style=\"height: 105.00pt; width: 129.75pt;\" rowspan=\"5\" width=\"173\" height=\"140\">Especificaci\u00f3n<\/td>\n<td class=\"et3\" style=\"width: 277.50pt;\" width=\"370\">Material: respetuoso del medio ambiente<\/td>\n<\/tr>\n<tr style=\"height: 21.00pt;\">\n<td class=\"et3\" style=\"width: 277.50pt;\" width=\"370\">Pegamento muy pegajoso<\/td>\n<\/tr>\n<tr style=\"height: 15.00pt;\">\n<td class=\"et3\" style=\"width: 277.50pt;\" width=\"370\">Pegamento peso neto 3g<\/td>\n<\/tr>\n<tr style=\"height: 15.00pt;\">\n<td class=\"et3\" style=\"width: 277.50pt;\" width=\"370\">2000 piezas\/cart\u00f3n<\/td>\n<\/tr>\n<tr style=\"height: 27.00pt;\">\n<td class=\"et3\" style=\"width: 277.50pt;\" width=\"370\">Tama\u00f1o del cart\u00f3n: 48*30*20 cm<\/td>\n<\/tr>\n<tr style=\"height: 35.00pt;\">\n<td class=\"et3\" style=\"height: 35.00pt; width: 129.75pt;\" width=\"173\" height=\"46\">Plagas objetivo<\/td>\n<td class=\"et3\" style=\"width: 277.50pt;\" width=\"370\">Los insectos voladores incluyen moscas, mosquitos, polillas, etc.<\/td>\n<\/tr>\n<tr style=\"height: 38.00pt;\">\n<td class=\"et3\" style=\"height: 38.00pt; width: 129.75pt;\" width=\"173\" height=\"50\">\u00c1mbito de aplicaci\u00f3n<\/td>\n<td class=\"et3\" style=\"width: 277.50pt;\" width=\"370\">Plantas de alimentos, cocinas, restaurantes, plantas de procesamiento de alimentos, hospitales, ba\u00f1os, etc.<\/td>\n<\/tr>\n<\/tbody>\n<\/table>\n<p>M\u00e1s informaci\u00f3n:<\/p>\n<p>1. Mantenga la superficie adhesiva alejada del polvo, las mascotas y los ni\u00f1os.<br \/>\n2. Pegamento muy fuerte que hace plagas, las moscas no tienen forma de escapar.<br \/>\n3. No t\u00f3xico, inodoro, inofensivo y ecol\u00f3gico.<br \/>\n4. Puede personalizar con su obra de arte de dise\u00f1o.<\/p>\n<p>C\u00f3mo utilizar:<br \/>\n1. Abra el tablero y col\u00f3quelo donde suelen aparecer las moscas, des\u00e9chelo una vez que atrape las moscas.<br \/>\n2. Ponga m\u00e1s trampas si el lugar est\u00e1 infestado de ratas. F\u00edjelo en el piso si es necesario.<br \/>\n3. El pegamento contiene s\u00faper atrayente, no es necesario poner ning\u00fan cebo.<\/p>\n","protected":false},"excerpt":{"rendered":"<p><a href=\"https:\/\/api.whatsapp.com\/send?phone=008613976116176\" rel=\"nofollow\"><img loading=\"lazy\" decoding=\"async\" class=\"aligncenter size-full wp-image-318\" src=\"https:\/\/www.mousegluetraps.top\/wp-content\/uploads\/2022\/05\/whatsapp-tous-300x93.png\" alt=\"Directamente en contacto con nosotros por Whatsapp\" width=\"300\" height=\"93\"><\/a><br \/>[ninja_form id=1]<\/p>\n","protected":false},"featured_media":701,"template":"","meta":{"_seopress_robots_primary_cat":"","_seopress_titles_title":"","_seopress_titles_desc":"","_seopress_robots_index":""},"product_brand":[],"product_cat":[63],"product_tag":[106,105],"class_list":{"0":"post-906","1":"product","2":"type-product","3":"status-publish","4":"has-post-thumbnail","6":"product_cat-trampa-de-pegamento-para-moscas","7":"product_tag-tabla-de-pegamento-para-moscas","8":"product_tag-trampa-de-pegamento-para-moscas","10":"first","11":"instock","12":"shipping-taxable","13":"product-type-simple"},"_links":{"self":[{"href":"https:\/\/www.mousegluetraps.top\/es\/wp-json\/wp\/v2\/product\/906","targetHints":{"allow":["GET"]}}],"collection":[{"href":"https:\/\/www.mousegluetraps.top\/es\/wp-json\/wp\/v2\/product"}],"about":[{"href":"https:\/\/www.mousegluetraps.top\/es\/wp-json\/wp\/v2\/types\/product"}],"wp:featuredmedia":[{"embeddable":true,"href":"https:\/\/www.mousegluetraps.top\/es\/wp-json\/wp\/v2\/media\/701"}],"wp:attachment":[{"href":"https:\/\/www.mousegluetraps.top\/es\/wp-json\/wp\/v2\/media?parent=906"}],"wp:term":[{"taxonomy":"product_brand","embeddable":true,"href":"https:\/\/www.mousegluetraps.top\/es\/wp-json\/wp\/v2\/product_brand?post=906"},{"taxonomy":"product_cat","embeddable":true,"href":"https:\/\/www.mousegluetraps.top\/es\/wp-json\/wp\/v2\/product_cat?post=906"},{"taxonomy":"product_tag","embeddable":true,"href":"https:\/\/www.mousegluetraps.top\/es\/wp-json\/wp\/v2\/product_tag?post=906"}],"curies":[{"name":"wp","href":"https:\/\/api.w.org\/{rel}","templated":true}]}}