{"id":903,"date":"2022-10-19T03:14:25","date_gmt":"2022-10-19T03:14:25","guid":{"rendered":"https:\/\/www.mousegluetraps.top\/shop\/yiwu-jingong-dle-3004-edge-leaf-fly-glue-board-trampas-de-pegamento-de-papel-verde\/"},"modified":"2023-07-21T03:24:27","modified_gmt":"2023-07-21T03:24:27","slug":"yiwu-jingong-dle-3004-edge-leaf-fly-glue-board-green-paper-pegamento-trampas","status":"publish","type":"product","link":"https:\/\/www.mousegluetraps.top\/es\/shop\/yiwu-jingong-dle-3004-edge-leaf-fly-glue-board-green-paper-pegamento-trampas\/","title":{"rendered":"Yiwu Jingong DLE-3004 Edge Leaf Fly Glue Board Trampas de pegamento de papel verde"},"content":{"rendered":"<p>Yiwu Jingong DLE-3004 Edge Leaf Fly Glue Board Green Paper Glue Traps es otro modelo que se vende muy bien. Est\u00e1 dise\u00f1ado por nuestra f\u00e1brica con muy buen efecto para atraer y atrapar insectos voladores, incluidas moscas, mosquitos, polillas, etc. Ponemos pegamento muy fuerte en el papel verde y el atrayente se mezcla en el pegamento. Es ecol\u00f3gico, inofensivo para los humanos. La trampa de tablero de pegamento para moscas es f\u00e1cil de usar. Simplemente abra la trampa de papel y exti\u00e9ndala sobre una mesa o cualquier lugar donde aparezcan insectos voladores.<\/p>\n<table style=\"border-collapse: collapse; width: 1008px; height: 380px;\" border=\"0\" width=\"543\" cellspacing=\"0\" cellpadding=\"0\">\n<tbody>\n<tr style=\"height: 20.00pt;\">\n<td style=\"height: 20.00pt; width: 129.75pt;\" width=\"173\" height=\"26\">N \u00ba de Modelo.<\/td>\n<td style=\"width: 277.50pt;\" width=\"370\">DLE 3004<\/td>\n<\/tr>\n<tr style=\"height: 24.00pt;\">\n<td class=\"et2\" style=\"height: 24.00pt;\" height=\"32\">tama\u00f1o plegado<\/td>\n<td class=\"et2\">18.5*12.5cm<\/td>\n<\/tr>\n<tr style=\"height: 27.00pt;\">\n<td class=\"et3\" style=\"height: 105.00pt; width: 129.75pt;\" rowspan=\"5\" width=\"173\" height=\"140\">Especificaci\u00f3n<\/td>\n<td class=\"et3\" style=\"width: 277.50pt;\" width=\"370\">Material: respetuoso del medio ambiente<\/td>\n<\/tr>\n<tr style=\"height: 21.00pt;\">\n<td class=\"et3\" style=\"width: 277.50pt;\" width=\"370\">Pegamento muy pegajoso<\/td>\n<\/tr>\n<tr style=\"height: 15.00pt;\">\n<td class=\"et3\" style=\"width: 277.50pt;\" width=\"370\">Pegamento peso neto 2g<\/td>\n<\/tr>\n<tr style=\"height: 15.00pt;\">\n<td class=\"et3\" style=\"width: 277.50pt;\" width=\"370\">1000 piezas\/cart\u00f3n<\/td>\n<\/tr>\n<tr style=\"height: 27.00pt;\">\n<td class=\"et3\" style=\"width: 277.50pt;\" width=\"370\">Tama\u00f1o del cart\u00f3n: 40*30*20 cm<\/td>\n<\/tr>\n<tr style=\"height: 35.00pt;\">\n<td class=\"et3\" style=\"height: 35.00pt; width: 129.75pt;\" width=\"173\" height=\"46\">Plagas objetivo<\/td>\n<td class=\"et3\" style=\"width: 277.50pt;\" width=\"370\">Los insectos voladores incluyen moscas, mosquitos, polillas, etc.<\/td>\n<\/tr>\n<tr style=\"height: 38.00pt;\">\n<td class=\"et3\" style=\"height: 38.00pt; width: 129.75pt;\" width=\"173\" height=\"50\">\u00c1mbito de aplicaci\u00f3n<\/td>\n<td class=\"et3\" style=\"width: 277.50pt;\" width=\"370\">Plantas de alimentos, cocinas, restaurantes, plantas de procesamiento de alimentos, hospitales, ba\u00f1os, etc.<\/td>\n<\/tr>\n<\/tbody>\n<\/table>\n<p>&nbsp;<\/p>\n<p>Informaci\u00f3n b\u00e1sica:<\/p>\n<p>pegamento adhesivo;<br \/>\natrapar moscas;<br \/>\n10 piezas\/bolsa opp;<br \/>\n1000 piezas\/cart\u00f3n;<\/p>\n<p>FAQ:<\/p>\n<p>P1: \u00bfCu\u00e1ndo puedo obtener la cotizaci\u00f3n?<br \/>\nA1: Por lo general, cotizamos dentro de las 24 horas posteriores a la recepci\u00f3n de su consulta.<br \/>\nQ2: \u00bfCu\u00e1l es su MOQ? \u00bfPodemos mezclar el contenedor de 20 pies?<br \/>\nA2: S\u00ed, se puede mezclar. Nuestro MOQ se decide los diferentes tipos de art\u00edculos.<br \/>\nP3: \u00bfCu\u00e1l es el tiempo de entrega?<br \/>\nA3: Depende de la cantidad del pedido y de la temporada en la que realice el pedido. el tiempo de entrega<br \/>\nDe es alrededor de 15-20 d\u00edas despu\u00e9s de recibir el dep\u00f3sito.<br \/>\nP4: \u00bfC\u00f3mo puedo obtener una muestra para verificar su calidad?<br \/>\nA4: despu\u00e9s de la confirmaci\u00f3n del precio, puede solicitar muestras para verificar nuestra calidad. Si necesitas el<br \/>\nmuestras, pagar\u00e1 el flete de env\u00edo a\u00e9reo por adelantado. Pero puede ser reembolsable despu\u00e9s de que se confirme el pedido.<br \/>\nP5: \u00bfPodemos usar nuestro propio logotipo o hacer OEM?<br \/>\nA5: S\u00ed, OEM es aceptable. Env\u00edenos un correo electr\u00f3nico para obtener m\u00e1s detalles.<br \/>\nP6: \u00bfCu\u00e1les son sus condiciones de entrega?<br \/>\nA6: Aceptamos EXW, FOB, CIF, etc. Puedes elegir el que sea adecuado para ti.<br \/>\nP7: \u00bfCu\u00e1l es el plazo de pago?<br \/>\nA7: solo T\/T.<br \/>\nQ8: \u00bfTiene alguna certificaci\u00f3n? \u00bfPuedes pasar el est\u00e1ndar europeo?<br \/>\nA8: S\u00ed, tenemos certificaci\u00f3n Reach,EMC,SGS,TUV.<\/p>\n","protected":false},"excerpt":{"rendered":"<p><a href=\"https:\/\/api.whatsapp.com\/send?phone=008613976116176\" rel=\"nofollow\"><img loading=\"lazy\" decoding=\"async\" class=\"aligncenter size-full wp-image-318\" src=\"https:\/\/www.mousegluetraps.top\/wp-content\/uploads\/2022\/05\/whatsapp-tous-300x93.png\" alt=\"Directamente en contacto con nosotros por Whatsapp\" width=\"300\" height=\"93\"><\/a><br \/>[ninja_form id=1]<\/p>\n","protected":false},"featured_media":705,"template":"","meta":{"_seopress_robots_primary_cat":"","_seopress_titles_title":"","_seopress_titles_desc":"","_seopress_robots_index":""},"product_brand":[],"product_cat":[63],"product_tag":[106,105],"class_list":{"0":"post-903","1":"product","2":"type-product","3":"status-publish","4":"has-post-thumbnail","6":"product_cat-trampa-de-pegamento-para-moscas","7":"product_tag-tabla-de-pegamento-para-moscas","8":"product_tag-trampa-de-pegamento-para-moscas","10":"first","11":"instock","12":"shipping-taxable","13":"product-type-simple"},"_links":{"self":[{"href":"https:\/\/www.mousegluetraps.top\/es\/wp-json\/wp\/v2\/product\/903","targetHints":{"allow":["GET"]}}],"collection":[{"href":"https:\/\/www.mousegluetraps.top\/es\/wp-json\/wp\/v2\/product"}],"about":[{"href":"https:\/\/www.mousegluetraps.top\/es\/wp-json\/wp\/v2\/types\/product"}],"wp:featuredmedia":[{"embeddable":true,"href":"https:\/\/www.mousegluetraps.top\/es\/wp-json\/wp\/v2\/media\/705"}],"wp:attachment":[{"href":"https:\/\/www.mousegluetraps.top\/es\/wp-json\/wp\/v2\/media?parent=903"}],"wp:term":[{"taxonomy":"product_brand","embeddable":true,"href":"https:\/\/www.mousegluetraps.top\/es\/wp-json\/wp\/v2\/product_brand?post=903"},{"taxonomy":"product_cat","embeddable":true,"href":"https:\/\/www.mousegluetraps.top\/es\/wp-json\/wp\/v2\/product_cat?post=903"},{"taxonomy":"product_tag","embeddable":true,"href":"https:\/\/www.mousegluetraps.top\/es\/wp-json\/wp\/v2\/product_tag?post=903"}],"curies":[{"name":"wp","href":"https:\/\/api.w.org\/{rel}","templated":true}]}}