{"id":899,"date":"2023-03-27T06:57:42","date_gmt":"2023-03-27T06:57:42","guid":{"rendered":"https:\/\/www.mousegluetraps.top\/shop\/china-power-all-purpose-cyanoacrylate-super-glue-fabrica-de-yiwu\/"},"modified":"2023-07-21T03:21:08","modified_gmt":"2023-07-21T03:21:08","slug":"china-power-all-purpose-cyanoacrylate-super-glue-yiwu-factory","status":"publish","type":"product","link":"https:\/\/www.mousegluetraps.top\/es\/shop\/china-power-all-purpose-cyanoacrylate-super-glue-yiwu-factory\/","title":{"rendered":"China Power All Purpose Cyanoacrylate Super Glue F\u00e1brica de Yiwu"},"content":{"rendered":"<p>Super pegamento de cianoacrilato multiuso 100 % de fabricaci\u00f3n china con f\u00f3rmula especial para un adhesivo que no ensucia, contiene cianoacrilato de etilo, sin disolventes, calidad est\u00e1ndar de la UE, certificado Reach, es ideal para unir una amplia variedad de materiales en el hogar, incluidos caucho, metales, cer\u00e1mica, cuero, madera, la mayor\u00eda de los pl\u00e1sticos y mucho m\u00e1s, es ideal para bricolaje y fabricaci\u00f3n de modelos.<\/p>\n<p>Nuestras ventajas:<\/p>\n<p>1. Trabajadores experimentados<br \/>\n2. Pegamento crudo importado<br \/>\n3. Gran capacidad de producci\u00f3n<br \/>\n4. Precio favorable<br \/>\n5. Calidad de grado superior<br \/>\n6. Servicio satisfactorio<\/p>\n<table style=\"height: 361px;\" width=\"770\">\n<tbody>\n<tr>\n<td width=\"159\">Tipo de tarjeta:<\/td>\n<td width=\"338\">Peque\u00f1o<\/td>\n<\/tr>\n<tr>\n<td>Envase:<\/td>\n<td>tubo de aluminio<\/td>\n<\/tr>\n<tr>\n<td>Nombre:<\/td>\n<td>Superpegamento de cianoacrilato<\/td>\n<\/tr>\n<tr>\n<td>Solicitud:<\/td>\n<td>Metal\/Pl\u00e1stico\/Cuero\/Cer\u00e1mica\/Goma\/Madera<\/td>\n<\/tr>\n<tr>\n<td>Viscosidad:<\/td>\n<td>3-5 cps<\/td>\n<\/tr>\n<tr>\n<td>Curing time:<\/td>\n<td>3-10 seconds<\/td>\n<\/tr>\n<tr>\n<td>CAS No.:<\/td>\n<td>7085-85-0<\/td>\n<\/tr>\n<tr>\n<td>EINECS No.:<\/td>\n<td>230-391-5<\/td>\n<\/tr>\n<tr>\n<td>Shelf Life:<\/td>\n<td>2 years<\/td>\n<\/tr>\n<\/tbody>\n<\/table>\n<p>Advertencia:<\/p>\n<p>100% Power All Purpose Cyanoacrylate Super Glue es peligroso para los ni\u00f1os.<br \/>\n1. Este superpegamento irrita los ojos, el sistema respiratorio y la piel.<br \/>\n2. No respire los humos\/vapores de los productos adhesivos. Tenga cuidado de evitar el contacto con la piel y los ojos. En caso de contacto con los ojos, l\u00e1vense inmediata y abundantemente con agua y ac\u00fadase a un m\u00e9dico.<br \/>\n3. Use guantes adecuados. Usar s\u00f3lo en \u00e1reas bien ventiladas. Si se adhiere a la piel, despegue con agua tibia y jab\u00f3n. Guarde las botellas en posici\u00f3n vertical en un lugar fresco y seco. Deseche los paquetes usados de forma segura.<br \/>\n4. Mant\u00e9ngase fuera del alcance de los ni\u00f1os y las mascotas. Es f\u00e1cil unir la piel y los ojos en segundos.<\/p>\n<p>\u00bfC\u00f3mo usar Super Glue?<\/p>\n<p>1. Aseg\u00farese de que la superficie est\u00e9 ajustada, limpia, seca y libre de grasa o polvo.<br \/>\n2. Humedezca a la vista superficies porosas como cer\u00e1mica o madera.<br \/>\n3. Apuntando las botellas lejos de su cuerpo, desenrosque el conjunto de la tapa y la boquilla, luego perfore la membrana con el extremo de la tapa. Vuelva a enroscar la tapa y la boquilla firmemente en el tubo. Desenrosca la tapa y el pegamento est\u00e1 listo para usar.<br \/>\n4.Utilice una gota de superpegamento por pulgada cuadrada y apl\u00edquelo a una superficie.<br \/>\n5.Presione firmemente las superficies a unir y sost\u00e9ngalas hasta que est\u00e9n completamente unidas.<br \/>\n6. Evite derrames ya que el superpegamento es dif\u00edcil de quitar.<br \/>\n7. Vuelva a colocar siempre la tapa inmediatamente despu\u00e9s de su uso, vuelva a colocar el tubo en el bl\u00edster y cons\u00e9rvelo para referencia futura.<\/p>\n","protected":false},"excerpt":{"rendered":"<p><a href=\"https:\/\/api.whatsapp.com\/send?phone=008613976116176\" rel=\"nofollow\"><img loading=\"lazy\" decoding=\"async\" class=\"aligncenter size-full wp-image-318\" src=\"https:\/\/www.mousegluetraps.top\/wp-content\/uploads\/2022\/05\/whatsapp-tous-300x93.png\" alt=\"Directamente en contacto con nosotros por Whatsapp\" width=\"300\" height=\"93\"><\/a><br \/>[ninja_form id=1]<\/p>\n","protected":false},"featured_media":751,"template":"","meta":{"_seopress_robots_primary_cat":"","_seopress_titles_title":"","_seopress_titles_desc":"","_seopress_robots_index":""},"product_brand":[],"product_cat":[61],"product_tag":[100,62],"class_list":{"0":"post-899","1":"product","2":"type-product","3":"status-publish","4":"has-post-thumbnail","6":"product_cat-super-pegamento","7":"product_tag-pegamento-de-madera","8":"product_tag-super-pegamento","10":"first","11":"instock","12":"shipping-taxable","13":"product-type-simple"},"_links":{"self":[{"href":"https:\/\/www.mousegluetraps.top\/es\/wp-json\/wp\/v2\/product\/899","targetHints":{"allow":["GET"]}}],"collection":[{"href":"https:\/\/www.mousegluetraps.top\/es\/wp-json\/wp\/v2\/product"}],"about":[{"href":"https:\/\/www.mousegluetraps.top\/es\/wp-json\/wp\/v2\/types\/product"}],"wp:featuredmedia":[{"embeddable":true,"href":"https:\/\/www.mousegluetraps.top\/es\/wp-json\/wp\/v2\/media\/751"}],"wp:attachment":[{"href":"https:\/\/www.mousegluetraps.top\/es\/wp-json\/wp\/v2\/media?parent=899"}],"wp:term":[{"taxonomy":"product_brand","embeddable":true,"href":"https:\/\/www.mousegluetraps.top\/es\/wp-json\/wp\/v2\/product_brand?post=899"},{"taxonomy":"product_cat","embeddable":true,"href":"https:\/\/www.mousegluetraps.top\/es\/wp-json\/wp\/v2\/product_cat?post=899"},{"taxonomy":"product_tag","embeddable":true,"href":"https:\/\/www.mousegluetraps.top\/es\/wp-json\/wp\/v2\/product_tag?post=899"}],"curies":[{"name":"wp","href":"https:\/\/api.w.org\/{rel}","templated":true}]}}