{"id":898,"date":"2023-03-27T07:06:16","date_gmt":"2023-03-27T07:06:16","guid":{"rendered":"https:\/\/www.mousegluetraps.top\/shop\/classic-black-card-super-glue-colle-pegamento-para-asia-medio-oriente-africa\/"},"modified":"2023-07-21T03:20:04","modified_gmt":"2023-07-21T03:20:04","slug":"clasico-tarjeta-negra-super-pegamento-colle-pegamento-para-asia-oriente-medio-africa","status":"publish","type":"product","link":"https:\/\/www.mousegluetraps.top\/es\/shop\/clasico-tarjeta-negra-super-pegamento-colle-pegamento-para-asia-oriente-medio-africa\/","title":{"rendered":"Classic Black Card Super Glue Colle Pegamento para Asia Medio Oriente \u00c1frica"},"content":{"rendered":"<p>Classic Black Card Super Glue Colle Pegamento para Asia Medio Oriente \u00c1frica es un adhesivo de uni\u00f3n muy r\u00e1pida, s\u00faper fuerte, de secado r\u00e1pido con f\u00f3rmulas y aplicadores especiales para unir varios materiales. Este Super Glue de cianoacrilato es de uso general, ideal para uniones peque\u00f1as que est\u00e1n sujetas al uso diario y a condiciones adversas ocasionales. Estos Super Glue est\u00e1n dise\u00f1ados para la uni\u00f3n instant\u00e1nea y estructural de caucho, metales, cer\u00e1mica, cuero y una variedad de pl\u00e1sticos.<\/p>\n<p>Caracter\u00edsticas:<br \/>\nFuerte fuerza de uni\u00f3n<br \/>\nInoloroso e Inocuo<br \/>\nSecado r\u00e1pido<br \/>\nOperaci\u00f3n f\u00e1cil<br \/>\nAgua\/aceite\/resistencia t\u00e9rmica<\/p>\n<p>&nbsp;<\/p>\n<table style=\"height: 342px;\" width=\"781\">\n<tbody>\n<tr>\n<td width=\"159\">Tipo de tarjeta:<\/td>\n<td width=\"338\">Tarjeta negra<\/td>\n<\/tr>\n<tr>\n<td>Envase:<\/td>\n<td>tubo de aluminio<\/td>\n<\/tr>\n<tr>\n<td>Nombre:<\/td>\n<td>Superpegamento de cianoacrilato<\/td>\n<\/tr>\n<tr>\n<td>Solicitud:<\/td>\n<td>Prop\u00f3sito general<\/td>\n<\/tr>\n<tr>\n<td>Viscosidad:<\/td>\n<td>3-5 cps<\/td>\n<\/tr>\n<tr>\n<td>Curing time:<\/td>\n<td>3-10 seconds<\/td>\n<\/tr>\n<tr>\n<td>CAS No.:<\/td>\n<td>7085-85-0<\/td>\n<\/tr>\n<tr>\n<td>EINECS No.:<\/td>\n<td>230-391-5<\/td>\n<\/tr>\n<tr>\n<td>Shelf Life:<\/td>\n<td>2 years<\/td>\n<\/tr>\n<\/tbody>\n<\/table>\n<p>&nbsp;<\/p>\n<p>Nuestras ventajas:<\/p>\n<p>Pegamento crudo importado<br \/>\nGran capacidad de producci\u00f3n<br \/>\nPrecio favorable<br \/>\nCalidad de grado superior<br \/>\nServicio satisfactorio<\/p>\n<p>Advertencia:<\/p>\n<p>1. Este superpegamento irrita los ojos, el sistema respiratorio y la piel.<br \/>\n2. No respire los humos\/vapores de los productos adhesivos. Tenga cuidado de evitar el contacto con la piel y los ojos. En caso de contacto con los ojos, l\u00e1vense inmediata y abundantemente con agua y ac\u00fadase a un m\u00e9dico.<br \/>\n3. Use guantes adecuados. Usar s\u00f3lo en \u00e1reas bien ventiladas. Si se adhiere a la piel, despegue con agua tibia y jab\u00f3n. Guarde las botellas en posici\u00f3n vertical en un lugar fresco y seco. Deseche los paquetes usados de forma segura.<br \/>\n4. Mant\u00e9ngase fuera del alcance de los ni\u00f1os y las mascotas. Es f\u00e1cil unir la piel y los ojos en segundos.<\/p>\n<p>C\u00f3mo usar s\u00faper pegamento:<\/p>\n<p>1. Los productos Super Glue vienen en muchas marcas y variedades, pero hay poca variaci\u00f3n entre los diferentes tipos. La mayor\u00eda vienen en un tubo peque\u00f1o con una tapa de rosca.<br \/>\n2. Prepara tu espacio de trabajo. Cubra la superficie en la que est\u00e1 trabajando y el \u00e1rea circundante con papel peri\u00f3dico o toallas de papel. Es mejor ponerse guantes antes de usar superpegamento. De esta manera, no pegar\u00e1s los dedos.<br \/>\n3. Desenrosque la tapa del tubo, apunt\u00e1ndolo lejos de su cara.<br \/>\n4. Aplique el pegamento al objeto que est\u00e1 pegando. El superpegamento tiene una capacidad de uni\u00f3n tan fuerte que debe usarse con moderaci\u00f3n.<br \/>\n5. Presionar ligeramente las juntas encoladas durante unos diez segundos. Libere la presi\u00f3n para ver si la articulaci\u00f3n aguantar\u00e1. Si es as\u00ed, d\u00e9jalo a un lado para esperar a que el pegamento se seque por completo. Si no parece secarse r\u00e1pidamente, contin\u00fae aplicando presi\u00f3n hasta que el pegamento se seque.<br \/>\n6. Limpie el pegamento con acetona si desea eliminarlo. La acetona es un ingrediente en la mayor\u00eda de los quitaesmaltes.<\/p>\n","protected":false},"excerpt":{"rendered":"<p><a href=\"https:\/\/api.whatsapp.com\/send?phone=008613976116176\" rel=\"nofollow\"><img loading=\"lazy\" decoding=\"async\" class=\"aligncenter size-full wp-image-318\" src=\"https:\/\/www.mousegluetraps.top\/wp-content\/uploads\/2022\/05\/whatsapp-tous-300x93.png\" alt=\"Directamente en contacto con nosotros por Whatsapp\" width=\"300\" height=\"93\"><\/a><br \/>[ninja_form id=1]<\/p>\n","protected":false},"featured_media":755,"template":"","meta":{"_seopress_robots_primary_cat":"","_seopress_titles_title":"","_seopress_titles_desc":"","_seopress_robots_index":""},"product_brand":[],"product_cat":[61],"product_tag":[62],"class_list":{"0":"post-898","1":"product","2":"type-product","3":"status-publish","4":"has-post-thumbnail","6":"product_cat-super-pegamento","7":"product_tag-super-pegamento","9":"first","10":"instock","11":"shipping-taxable","12":"product-type-simple"},"_links":{"self":[{"href":"https:\/\/www.mousegluetraps.top\/es\/wp-json\/wp\/v2\/product\/898","targetHints":{"allow":["GET"]}}],"collection":[{"href":"https:\/\/www.mousegluetraps.top\/es\/wp-json\/wp\/v2\/product"}],"about":[{"href":"https:\/\/www.mousegluetraps.top\/es\/wp-json\/wp\/v2\/types\/product"}],"wp:featuredmedia":[{"embeddable":true,"href":"https:\/\/www.mousegluetraps.top\/es\/wp-json\/wp\/v2\/media\/755"}],"wp:attachment":[{"href":"https:\/\/www.mousegluetraps.top\/es\/wp-json\/wp\/v2\/media?parent=898"}],"wp:term":[{"taxonomy":"product_brand","embeddable":true,"href":"https:\/\/www.mousegluetraps.top\/es\/wp-json\/wp\/v2\/product_brand?post=898"},{"taxonomy":"product_cat","embeddable":true,"href":"https:\/\/www.mousegluetraps.top\/es\/wp-json\/wp\/v2\/product_cat?post=898"},{"taxonomy":"product_tag","embeddable":true,"href":"https:\/\/www.mousegluetraps.top\/es\/wp-json\/wp\/v2\/product_tag?post=898"}],"curies":[{"name":"wp","href":"https:\/\/api.w.org\/{rel}","templated":true}]}}