{"id":876,"date":"2021-04-11T09:31:24","date_gmt":"2021-04-11T09:31:24","guid":{"rendered":"https:\/\/www.mousegluetraps.top\/shop\/30g-ready-baited-mickey-cats-brand-big-rat-80aaa-trampas-de-pegamento-para-ratones\/"},"modified":"2021-04-11T09:31:24","modified_gmt":"2021-04-11T09:31:24","slug":"30g-ready-baited-mickey-cats-brand-big-rat-80aaa-raton-pegamento-trampas","status":"publish","type":"product","link":"https:\/\/www.mousegluetraps.top\/es\/shop\/30g-ready-baited-mickey-cats-brand-big-rat-80aaa-raton-pegamento-trampas\/","title":{"rendered":"30g Ready Baited Mickey Cats Brand Big Rat 80AAA Trampas de pegamento para ratones"},"content":{"rendered":"<div id=\"module_product_packaging_and_quick_detail\">\n<div class=\"widget-detail-overview\">\n<div class=\"do-content\">\n<div class=\"do-overview\">\n<div class=\"do-entry do-entry-separate\" data-e2e-name=\"quickDetail\">\n<div class=\"do-entry-list\">\n<p><strong>30g Ready Baited Mickey Cats Brand Big Rat 80AAA Mouse Glue Traps est\u00e1 compuesto de un compuesto macromolecular importado con un rendimiento perfecto de alta capacidad adhesiva, con un olor agradable, alto rendimiento con s\u00faper atrayente, muy seguro, no t\u00f3xico, se puede repetir el uso, antienvejecimiento, antiendurecimiento.<\/strong> Este modelo es un producto ecol\u00f3gico de nueva generaci\u00f3n. Muy adecuado para lugares donde se necesita una estricta protecci\u00f3n del medio ambiente. Este tipo de trampa de pegamento para ratones podr\u00eda usarse ampliamente en los lugares donde aparecen los ratones, como la casa, el hotel, el mercado, el patio de ganado y est\u00e1 disponible para operar tanto en exteriores como en interiores.<\/p>\n<dl class=\"do-entry-item\">\n<dt class=\"do-entry-item\"><span class=\"attr-name J-attr-name\" title=\"Lugar de origen\">Lugar de origen: Zhejiang, China Marca: Mickey Cats u OEM<\/span><\/dt>\n<\/dl>\n<dl class=\"do-entry-item\">\n<dt class=\"do-entry-item\"><span class=\"attr-name J-attr-name\" title=\"N\u00famero de modelo\">N\u00famero de modelo: 80AAA Tipo de control de plagas: Trampas<\/span><\/dt>\n<\/dl>\n<dl class=\"do-entry-item\">\n<dt class=\"do-entry-item\"><span class=\"attr-name J-attr-name\" title=\"color del tablero\">color del tablero: verde tama\u00f1o del tablero: grande<\/span><\/dt>\n<\/dl>\n<dl class=\"do-entry-item\">\n<dt class=\"do-entry-item\"><span class=\"attr-name J-attr-name\" title=\"Apariencia\">Appearance: <\/span>transparent glue <span class=\"attr-name J-attr-name\" title=\"Embalaje\">Packing: <\/span>100 pcs\/carton<\/dt>\n<\/dl>\n<dl class=\"do-entry-item\">\n<dt class=\"do-entry-item\"><span class=\"attr-name J-attr-name\" title=\"Material\">Material: pegamento de rat\u00f3n Uso: atrapar rata de rat\u00f3n<\/span><\/dt>\n<\/dl>\n<dl class=\"do-entry-item\">\n<dt class=\"do-entry-item\"><span class=\"attr-name J-attr-name\" title=\"Certificado\">Certificado: MSDS<\/span><\/dt>\n<\/dl>\n<\/div>\n<\/div>\n<div class=\"do-entry do-entry-full\" data-e2e-name=\"supplyAbility\">\n<div class=\"do-entry-title\">Capacidad de suministro: 500000 Unidad\/Unidades por mes<\/div>\n<div><\/div>\n<\/div>\n<div class=\"do-entry do-entry-full\" data-e2e-name=\"productPackaging\">\n<div class=\"do-entry-title\">Empaquetado y entrega<\/div>\n<div class=\"do-entry-list\">\n<dl class=\"do-entry-item\">\n<dt class=\"do-entry-item-key\" title=\"detalles del empaque\">detalles del empaque<\/dt>\n<dd class=\"do-entry-item-val\">embalaje de cart\u00f3n;<br \/>\n100 tarjetas\/cart\u00f3n;<br \/>\nuna tarjeta\/bolso del opp;<\/dd>\n<\/dl>\n<dl class=\"do-entry-item\">\n<dt class=\"do-entry-item-key\" title=\"Puerto\">Puerto: Ningb\u00f3<\/dt>\n<\/dl>\n<\/div>\n<\/div>\n<\/div>\n<\/div>\n<\/div>\n<\/div>\n<div id=\"module_product_specification\">\n<div id=\"J-rich-text-description\" class=\"richtext richtext-detail rich-text-description\">\n<p>Informaci\u00f3n b\u00e1sica:<\/p>\n<p>N.\u00ba de modelo: 80AAA Marca: Mickey Cats<\/p>\n<p>Estado: Tablero de gel transparente Tama\u00f1o: 21.5 * 17 * 1 cm<\/p>\n<p>Peso neto del pegamento: 30 gramos Componente principal: caucho natural, poliisobutileno<\/p>\n<p>Embalaje: 100 piezas\/cart\u00f3n;<\/p>\n<p>Tama\u00f1o del cart\u00f3n: 51*35*23cm<\/p>\n<p>&nbsp;<\/p>\n<table style=\"height: 273px;\" width=\"875\" cellspacing=\"1\" cellpadding=\"0\">\n<tbody>\n<tr>\n<td>Modelo:<\/td>\n<td>Trampa de pegamento para ratones 80AAA<\/td>\n<\/tr>\n<tr>\n<td>Tipo de roedor:<\/td>\n<td>Rat\u00f3n y ratas<\/td>\n<\/tr>\n<tr>\n<td>Tipo de tarjeta:<\/td>\n<td>Cart\u00f3n grueso\/duro<\/td>\n<\/tr>\n<tr>\n<td>Seguridad:<\/td>\n<td>Inofensivo para los humanos<\/td>\n<\/tr>\n<tr>\n<td>Mercado:<\/td>\n<td>Mundial<\/td>\n<\/tr>\n<tr>\n<td rowspan=\"5\">Caracter\u00edsticas:<\/td>\n<td>Resistente a altas temperaturas (hasta +70 \u2103)<\/td>\n<\/tr>\n<tr>\n<td>Resistente a bajas temperaturas (hasta -20 \u2103)<\/td>\n<\/tr>\n<tr>\n<td>Pegamento y cartulina resistentes al agua<\/td>\n<\/tr>\n<tr>\n<td>Alta eficiencia en la captura de ratones\/ratas<\/td>\n<\/tr>\n<tr>\n<td>Vida \u00fatil m\u00e1s de 5 a\u00f1os<\/td>\n<\/tr>\n<\/tbody>\n<\/table>\n<p>&nbsp;<\/p>\n<p>M\u00e9todo de uso:<\/p>\n<p>1. Abra la trampa de pegamento del rat\u00f3n con cuidado del sello.<\/p>\n<p>2. Col\u00f3quelo donde siempre aparecen las ratas. Una vez que el rat\u00f3n est\u00e9 atrapado, t\u00edralo. La trampa se puede utilizar de nuevo.<\/p>\n<p>3. Fije la placa adhesiva del rat\u00f3n al suelo, si es necesario.<\/p>\n<p>4. La trampa de pegamento est\u00e1 preparada, no es necesario poner nada m\u00e1s en la trampa.<\/p>\n<p>&nbsp;<\/p>\n<p>Advertencia:<\/p>\n<p>1. Mantenga a los ni\u00f1os y las mascotas alejados de la trampa de pegamento para ratones, ya que es una trampa de pegamento de alta viscosidad.<\/p>\n<p>2. Use algod\u00f3n absorbente humedecido con queroseno o aceite comestible si toca las manos u otras personas, luego, l\u00e1vese con agua jabonosa.<\/p>\n<p>3. Coloque la placa adhesiva en el lugar adecuado para evitar que el hombre o la mascota la pisen durante la noche.<\/p>\n<p>4. Fije la placa de pegamento en el suelo con adhesivo de doble cara para evitar que el mouse se mueva durante<\/p>\n<p data-spm-anchor-id=\"a2700.details.0.i18.1de521feobxNYL\">5. Mant\u00e9ngase alejado del lugar donde est\u00e1 h\u00famedo para evitar la disminuci\u00f3n de la capacidad adhesiva.<\/p>\n<\/div>\n<\/div>\n","protected":false},"excerpt":{"rendered":"<p><a href=\"https:\/\/api.whatsapp.com\/send?phone=008613976116176\" rel=\"nofollow\"><img loading=\"lazy\" decoding=\"async\" class=\"aligncenter size-full wp-image-318\" src=\"https:\/\/www.mousegluetraps.top\/wp-content\/uploads\/2022\/05\/whatsapp-tous-300x93.png\" alt=\"Directamente en contacto con nosotros por Whatsapp\" width=\"300\" height=\"93\"><\/a><br \/>[ninja_form id=1]<\/p>\n","protected":false},"featured_media":545,"template":"","meta":{"_seopress_robots_primary_cat":"","_seopress_titles_title":"","_seopress_titles_desc":"","_seopress_robots_index":""},"product_brand":[],"product_cat":[64],"product_tag":[92,88],"class_list":{"0":"post-876","1":"product","2":"type-product","3":"status-publish","4":"has-post-thumbnail","6":"product_cat-trampa-de-pegamento-para-ratones","7":"product_tag-80aaa-es","8":"product_tag-trampa-de-pegamento-para-ratones","10":"first","11":"instock","12":"shipping-taxable","13":"product-type-simple"},"_links":{"self":[{"href":"https:\/\/www.mousegluetraps.top\/es\/wp-json\/wp\/v2\/product\/876","targetHints":{"allow":["GET"]}}],"collection":[{"href":"https:\/\/www.mousegluetraps.top\/es\/wp-json\/wp\/v2\/product"}],"about":[{"href":"https:\/\/www.mousegluetraps.top\/es\/wp-json\/wp\/v2\/types\/product"}],"wp:featuredmedia":[{"embeddable":true,"href":"https:\/\/www.mousegluetraps.top\/es\/wp-json\/wp\/v2\/media\/545"}],"wp:attachment":[{"href":"https:\/\/www.mousegluetraps.top\/es\/wp-json\/wp\/v2\/media?parent=876"}],"wp:term":[{"taxonomy":"product_brand","embeddable":true,"href":"https:\/\/www.mousegluetraps.top\/es\/wp-json\/wp\/v2\/product_brand?post=876"},{"taxonomy":"product_cat","embeddable":true,"href":"https:\/\/www.mousegluetraps.top\/es\/wp-json\/wp\/v2\/product_cat?post=876"},{"taxonomy":"product_tag","embeddable":true,"href":"https:\/\/www.mousegluetraps.top\/es\/wp-json\/wp\/v2\/product_tag?post=876"}],"curies":[{"name":"wp","href":"https:\/\/api.w.org\/{rel}","templated":true}]}}