{"id":875,"date":"2021-04-11T14:11:02","date_gmt":"2021-04-11T14:11:02","guid":{"rendered":"https:\/\/www.mousegluetraps.top\/shop\/65g-edge-leaf-jh17-tablero-de-trampa-de-pegamento-para-ratones-de-tamano-pequeno-verde\/"},"modified":"2021-04-11T14:11:02","modified_gmt":"2021-04-11T14:11:02","slug":"65g-borde-hoja-jh17-verde-pequeno-tablero-trampa-pegamento-para-raton","status":"publish","type":"product","link":"https:\/\/www.mousegluetraps.top\/es\/shop\/65g-borde-hoja-jh17-verde-pequeno-tablero-trampa-pegamento-para-raton\/","title":{"rendered":"65g Edge Leaf JH17 Tablero de trampa de pegamento para ratones de tama\u00f1o peque\u00f1o verde"},"content":{"rendered":"<div id=\"module_product_packaging_and_quick_detail\">\n<div class=\"widget-detail-overview\">\n<div class=\"do-content\">\n<div class=\"do-overview\">\n<div class=\"do-entry do-entry-separate\" data-e2e-name=\"quickDetail\">\n<div data-spm-anchor-id=\"a2700.details.0.i14.632f11ee7EwVnw\">Edge Leaf JH17 La trampa de pegamento para ratones verde de tama\u00f1o peque\u00f1o es segura y no t\u00f3xica, sin da\u00f1ar a los humanos. Esta trampa de pegamento para ratones es de buena calidad y atrapa ratones y ratas con eficacia. Esta trampa de pegamento para ratones se aplica con gel transparente s\u00faper fuerte, lista para usar, segura e higi\u00e9nica. Es una trampa de pegamento para ratones ideal para capturar ratones de manera efectiva.<\/div>\n<div data-spm-anchor-id=\"a2700.details.0.i14.632f11ee7EwVnw\"><\/div>\n<div class=\"do-entry-title\" data-spm-anchor-id=\"a2700.details.0.i14.632f11ee7EwVnw\"><span class=\"attr-name J-attr-name\" title=\"Capacidad\">Capacidad: 50 Dise\u00f1o: Animal \u00c1rea aplicable: 300-400 \u33a1<\/span><\/div>\n<div class=\"do-entry-list\" data-spm-anchor-id=\"a2700.details.0.i13.632f11ee7EwVnw\">\n<dl class=\"do-entry-item\">\n<dt class=\"do-entry-item\"><span class=\"attr-name J-attr-name\" title=\"Tiempo utilizado\">Time Used: <\/span><span style=\"font-family: inherit; font-size: inherit; font-style: inherit; font-variant-ligatures: inherit; font-variant-caps: inherit; font-weight: inherit; white-space: nowrap;\">&gt;480 Hours<\/span>Product: TRAPS Use: animal control<\/dt>\n<\/dl>\n<dl class=\"do-entry-item\">\n<dt class=\"do-entry-item\"><span class=\"attr-name J-attr-name\" title=\"Fuente de alimentaci\u00f3n\">Fuente de alimentaci\u00f3n: Ninguno Especificaci\u00f3n: Ninguno Cargador: No aplicable<\/span><\/dt>\n<\/dl>\n<dl class=\"do-entry-item\">\n<dt class=\"do-entry-item\"><span class=\"attr-name J-attr-name\" title=\"Tama\u00f1o de hoja\">Tama\u00f1o de hoja: 17*12*1cm Estado: S\u00f3lido Peso neto: \u22640.5Kg<\/span><\/dt>\n<\/dl>\n<dl class=\"do-entry-item\">\n<dt class=\"do-entry-item\"><span class=\"attr-name J-attr-name\" title=\"Comprador comercial\">Comprador comercial:<\/span><\/dt>\n<dd class=\"do-entry-item-val\">\n<div class=\"text-ellipsis\" title=\"Restaurantes, comida r\u00e1pida y servicios de comida para llevar, tiendas de alimentos y bebidas, fabricaci\u00f3n de alimentos y bebidas, tiendas de televisi\u00f3n, grandes almacenes, t\u00e9 de burbujas, bares de jugos y batidos, tiendas especializadas, supermercados, hoteles, tiendas de conveniencia, fabricaci\u00f3n de especias y extractos, farmacia Tiendas, caf\u00e9s y cafeter\u00edas, soluciones institucionales B2B, tiendas de descuento, catering y cantinas, tiendas de comercio electr\u00f3nico, tiendas de regalos, cerveza, vino, licorer\u00edas, tiendas de souvenirs\">Restaurantes, comida r\u00e1pida y servicios de comida para llevar, tiendas de alimentos y bebidas, fabricaci\u00f3n de alimentos y bebidas, tiendas de televisi\u00f3n, grandes almacenes, t\u00e9 de burbujas, bares de jugos y batidos, tiendas especializadas, supermercados, hoteles, tiendas de conveniencia, fabricaci\u00f3n de especias y extractos, farmacia Tiendas, caf\u00e9s y cafeter\u00edas, soluciones institucionales B2B, tiendas de descuento, catering y cantinas, tiendas de comercio electr\u00f3nico, tiendas de regalos, cerveza, vino, licorer\u00edas, tiendas de souvenirs<\/div>\n<\/dd>\n<\/dl>\n<dl class=\"do-entry-item\">\n<dt class=\"do-entry-item\"><span class=\"attr-name J-attr-name\" title=\"Estaci\u00f3n\">Temporada: Todo el a\u00f1o Tipo de plaga: Ratones Caracter\u00edstica: Desechable, Sostenible, Abastecido<\/span><\/dt>\n<\/dl>\n<dl class=\"do-entry-item\">\n<dt class=\"do-entry-item\"><span class=\"attr-name J-attr-name\" title=\"Lugar de origen\">Lugar de origen: Zhejiang, China Marca: Mickey Cats N\u00famero de modelo: JH-17<\/span><\/dt>\n<\/dl>\n<dl class=\"do-entry-item\">\n<dt class=\"do-entry-item\"><span class=\"attr-name J-attr-name\" title=\"Embalaje\">Embalaje: 100 piezas\/cart\u00f3n, 100 piezas\/cart\u00f3n<\/span><\/dt>\n<\/dl>\n<dl class=\"do-entry-item\">\n<dt class=\"do-entry-item\"><span class=\"attr-name J-attr-name\" title=\"Tipo de control de plagas\">Tipo de control de plagas: Trampas<\/span><\/dt>\n<\/dl>\n<dl class=\"do-entry-item\">\n<dt class=\"do-entry-item\"><span class=\"attr-name J-attr-name\" title=\"Nombre del producto\">Nombre del producto: trampa de pegamento para rat\u00f3n.<\/span><\/dt>\n<\/dl>\n<dl class=\"do-entry-item\">\n<dt class=\"do-entry-item\"><span class=\"attr-name J-attr-name\" title=\"palabras clave\">palabras clave: tablero de pegamento de rat\u00f3n<\/span><\/dt>\n<\/dl>\n<dl class=\"do-entry-item\">\n<dt class=\"do-entry-item\"><span class=\"attr-name J-attr-name\" title=\"tama\u00f1o del tablero\">tama\u00f1o del tablero: mediano<\/span><\/dt>\n<\/dl>\n<dl class=\"do-entry-item\">\n<dt class=\"do-entry-item\"><span class=\"attr-name J-attr-name\" title=\"color del tablero\">color del tablero: verde<\/span><\/dt>\n<\/dl>\n<dl class=\"do-entry-item\">\n<dt class=\"do-entry-item\"><span class=\"attr-name J-attr-name\" title=\"Apariencia\">Apariencia: gel transparente<\/span><\/dt>\n<\/dl>\n<dl class=\"do-entry-item\">\n<dt class=\"do-entry-item\"><span class=\"attr-name J-attr-name\" title=\"Material\">Material: pegamento para rat\u00f3n.<\/span><\/dt>\n<\/dl>\n<dl class=\"do-entry-item\">\n<dt class=\"do-entry-item\"><span class=\"attr-name J-attr-name\" title=\"Solicitud\">Aplicaci\u00f3n: atrapar ratas<\/span><\/dt>\n<\/dl>\n<dl class=\"do-entry-item\">\n<dt class=\"do-entry-item\"><span class=\"attr-name J-attr-name\" title=\"duraci\u00f3n\">vida \u00fatil: 5 a\u00f1os<\/span><\/dt>\n<\/dl>\n<\/div>\n<\/div>\n<div class=\"do-entry do-entry-full\" data-e2e-name=\"supplyAbility\">\n<div class=\"do-entry-title\">Capacidad de suministro 500000 Unidad\/Unidades por semana<\/div>\n<div><\/div>\n<\/div>\n<div class=\"do-entry do-entry-full\" data-e2e-name=\"productPackaging\">\n<div class=\"do-entry-title\">Empaquetado y entrega<\/div>\n<div class=\"do-entry-list\">\n<dl class=\"do-entry-item\">\n<dt class=\"do-entry-item-key\" title=\"detalles del empaque\">detalles del empaque<\/dt>\n<dt class=\"do-entry-item-key\" title=\"detalles del empaque\">embalaje de cart\u00f3n;<br \/>\n100 piezas\/cart\u00f3n;<br \/>\nuna bolsa de pc\/opp;<\/dt>\n<\/dl>\n<dl class=\"do-entry-item\">\n<dt class=\"do-entry-item-key\" title=\"Puerto\">puerto ningbo<\/dt>\n<\/dl>\n<dl class=\"do-entry-item product-package-image\">\n<dt title=\"Ejemplo de imagen: \"><\/dt>\n<dd class=\"do-entry-item-val\">\n<div class=\"package-img-container\" aria-haspopup=\"true\" aria-expanded=\"false\"><\/div>\n<\/dd>\n<\/dl>\n<dl class=\"leadtime-table\"><\/dl>\n<\/div>\n<\/div>\n<\/div>\n<\/div>\n<\/div>\n<\/div>\n<div id=\"module_product_specification\">\n<div id=\"J-rich-text-description\" class=\"richtext richtext-detail rich-text-description\">\n<p>\u00c1mbito de aplicaci\u00f3n:<\/p>\n<p>La trampa de pegamento para ratones JH17 de Green Ode commodities Limited es ampliamente utilizada. Especialmente indicado para viviendas, f\u00e1bricas de alimentos, restaurantes, almac\u00e9n de alimentos, etc. Es un maravilloso sustituto del veneno para ratones.<\/p>\n<p>Direcci\u00f3n para uso:<\/p>\n<p>1. Abra la trampa de pegamento del rat\u00f3n con cuidado del sello.<br \/>\n2. Col\u00f3quelo donde siempre aparecen las ratas. Una vez que el rat\u00f3n est\u00e9 atrapado, t\u00edralo. La trampa se puede utilizar de nuevo.<br \/>\n3. Fije la placa adhesiva del rat\u00f3n al suelo, si es necesario.<br \/>\n4. La trampa est\u00e1 cebada.<\/p>\n<p>advierte:<br \/>\n1. Si la trampa de pegamento para ratones se moja, s\u00e9quela antes de usarla.<br \/>\n2. Use gasolina y luego un agente de limpieza para quitar el pegamento de la ropa u otros art\u00edculos en caso de que entren en contacto con el adhesivo.<br \/>\n3. Evite el contacto de sus mascotas con la trampa de pegamento para ratones.<br \/>\n4. No entre en contacto con sus ojos.<\/p>\n<\/div>\n<\/div>\n","protected":false},"excerpt":{"rendered":"<p><a href=\"https:\/\/api.whatsapp.com\/send?phone=008613976116176\" rel=\"nofollow\"><img loading=\"lazy\" decoding=\"async\" class=\"aligncenter size-full wp-image-318\" src=\"https:\/\/www.mousegluetraps.top\/wp-content\/uploads\/2022\/05\/whatsapp-tous-300x93.png\" alt=\"Directamente en contacto con nosotros por Whatsapp\" width=\"300\" height=\"93\"><\/a><br \/>[ninja_form id=1]<\/p>\n","protected":false},"featured_media":549,"template":"","meta":{"_seopress_robots_primary_cat":"","_seopress_titles_title":"","_seopress_titles_desc":"","_seopress_robots_index":""},"product_brand":[],"product_cat":[64],"product_tag":[88],"class_list":{"0":"post-875","1":"product","2":"type-product","3":"status-publish","4":"has-post-thumbnail","6":"product_cat-trampa-de-pegamento-para-ratones","7":"product_tag-trampa-de-pegamento-para-ratones","9":"first","10":"instock","11":"shipping-taxable","12":"product-type-simple"},"_links":{"self":[{"href":"https:\/\/www.mousegluetraps.top\/es\/wp-json\/wp\/v2\/product\/875","targetHints":{"allow":["GET"]}}],"collection":[{"href":"https:\/\/www.mousegluetraps.top\/es\/wp-json\/wp\/v2\/product"}],"about":[{"href":"https:\/\/www.mousegluetraps.top\/es\/wp-json\/wp\/v2\/types\/product"}],"wp:featuredmedia":[{"embeddable":true,"href":"https:\/\/www.mousegluetraps.top\/es\/wp-json\/wp\/v2\/media\/549"}],"wp:attachment":[{"href":"https:\/\/www.mousegluetraps.top\/es\/wp-json\/wp\/v2\/media?parent=875"}],"wp:term":[{"taxonomy":"product_brand","embeddable":true,"href":"https:\/\/www.mousegluetraps.top\/es\/wp-json\/wp\/v2\/product_brand?post=875"},{"taxonomy":"product_cat","embeddable":true,"href":"https:\/\/www.mousegluetraps.top\/es\/wp-json\/wp\/v2\/product_cat?post=875"},{"taxonomy":"product_tag","embeddable":true,"href":"https:\/\/www.mousegluetraps.top\/es\/wp-json\/wp\/v2\/product_tag?post=875"}],"curies":[{"name":"wp","href":"https:\/\/api.w.org\/{rel}","templated":true}]}}