{"id":863,"date":"2021-04-12T12:09:37","date_gmt":"2021-04-12T12:09:37","guid":{"rendered":"https:\/\/www.mousegluetraps.top\/shop\/pegamento-pegajoso-super-fuerte-para-raton-trampas-jh-18-pegamento-para-captura-de-ratas-roedor\/"},"modified":"2021-04-12T12:09:37","modified_gmt":"2021-04-12T12:09:37","slug":"super-strong-sticky-mouse-pegamento-trampas-jh-18-roedor-rata-captura-pegamento","status":"publish","type":"product","link":"https:\/\/www.mousegluetraps.top\/es\/shop\/super-strong-sticky-mouse-pegamento-trampas-jh-18-roedor-rata-captura-pegamento\/","title":{"rendered":"Pegamento pegajoso s\u00faper fuerte para rat\u00f3n Trampas JH-18 Pegamento para captura de ratas Roedor"},"content":{"rendered":"<div id=\"module_product_packaging_and_quick_detail\">\n<div class=\"widget-detail-overview\">\n<div class=\"do-content\">\n<div class=\"do-overview\">\n<div class=\"do-entry do-entry-separate\" data-e2e-name=\"quickDetail\">\n<div data-spm-anchor-id=\"a2700.details.0.i14.632f11ee7EwVnw\">Edge Leaf JH-18-1 color verde tama\u00f1o peque\u00f1o Mouse Glue Trap es una gran venta. Esta trampa de pegamento para ratones es de buena calidad y atrapa ratones y ratas con eficacia. Esta trampa de pegamento para ratones se aplica con gel transparente s\u00faper fuerte, lista para usar, segura e higi\u00e9nica. Es una trampa de pegamento para ratones ideal para capturar ratones de manera efectiva.<\/div>\n<div data-spm-anchor-id=\"a2700.details.0.i14.632f11ee7EwVnw\"><\/div>\n<div class=\"do-entry-title\" data-spm-anchor-id=\"a2700.details.0.i14.632f11ee7EwVnw\"><span class=\"attr-name J-attr-name\" title=\"Capacidad\">Capacidad: 50 Dise\u00f1o: Animal \u00c1rea aplicable: 300-400 \u33a1<\/span><\/div>\n<div class=\"do-entry-title\" data-spm-anchor-id=\"a2700.details.0.i14.632f11ee7EwVnw\"><span class=\"attr-name J-attr-name\" title=\"Tiempo utilizado\">Time Used: <\/span>&gt;480 Hours Product: TRAPS Use: animal control<\/div>\n<div class=\"do-entry-title\" data-spm-anchor-id=\"a2700.details.0.i14.632f11ee7EwVnw\">Fuerza: Fuerte Cart\u00f3n de papel: 65 gramos Cargador: No aplicable<\/div>\n<div class=\"do-entry-title\" data-spm-anchor-id=\"a2700.details.0.i14.632f11ee7EwVnw\"><span class=\"attr-name J-attr-name\" title=\"Tama\u00f1o de hoja\">Tama\u00f1o de la hoja: 17 * 12 cm * 1 cm Estado: Pegamento de gel transparente Peso neto: 13 gramos<\/span><\/div>\n<div class=\"do-entry-list\" data-spm-anchor-id=\"a2700.details.0.i13.632f11ee7EwVnw\">\n<dl class=\"do-entry-item\">\n<dt>\n<div><\/div>\n<div id=\"module_product_specification\">\n<div id=\"J-rich-text-description\" class=\"richtext richtext-detail rich-text-description\">\n<table style=\"height: 331px;\" width=\"829\" cellspacing=\"1\" cellpadding=\"0\">\n<tbody>\n<tr>\n<td>Modelo.:<\/td>\n<td>Trampa de pegamento para ratones JH-18-1<\/td>\n<\/tr>\n<tr>\n<td>Tipo de roedor:<\/td>\n<td>Rat\u00f3n y ratas<\/td>\n<\/tr>\n<tr>\n<td>Tipo de tarjeta:<\/td>\n<td>Cart\u00f3n Grueso<\/td>\n<\/tr>\n<tr>\n<td>Seguridad:<\/td>\n<td>Inofensivo para los humanos<\/td>\n<\/tr>\n<tr>\n<td>Mercado:<\/td>\n<td>Mundial<\/td>\n<\/tr>\n<tr>\n<td rowspan=\"5\">Caracter\u00edsticas:<\/td>\n<td>Resistente a altas temperaturas (hasta +70 \u2103)<\/td>\n<\/tr>\n<tr>\n<td>Resistente a bajas temperaturas (hasta -20 \u2103)<\/td>\n<\/tr>\n<tr>\n<td>Pegamento y cartulina resistentes al agua<\/td>\n<\/tr>\n<tr>\n<td>Alta eficiencia en la captura de ratones\/ratas<\/td>\n<\/tr>\n<tr>\n<td>Vida \u00fatil m\u00e1s de 5 a\u00f1os<\/td>\n<\/tr>\n<tr>\n<td rowspan=\"2\">Embalaje:<\/td>\n<td>100 piezas\/cart\u00f3n<\/td>\n<\/tr>\n<tr>\n<td>Tama\u00f1o del cart\u00f3n: 50*26*18cm<\/td>\n<\/tr>\n<\/tbody>\n<\/table>\n<p><span style=\"color: #333333;\">Comprador comercial:<\/span><\/p>\n<\/div>\n<\/div>\n<\/dt>\n<dd class=\"do-entry-item-val\">\n<div class=\"text-ellipsis\" title=\"Restaurantes, comida r\u00e1pida y servicios de comida para llevar, tiendas de alimentos y bebidas, fabricaci\u00f3n de alimentos y bebidas, tiendas de televisi\u00f3n, grandes almacenes, t\u00e9 de burbujas, bares de jugos y batidos, tiendas especializadas, supermercados, hoteles, tiendas de conveniencia, fabricaci\u00f3n de especias y extractos, farmacia Tiendas, caf\u00e9s y cafeter\u00edas, soluciones institucionales B2B, tiendas de descuento, catering y cantinas, tiendas de comercio electr\u00f3nico, tiendas de regalos, cerveza, vino, licorer\u00edas, tiendas de souvenirs\">Restaurantes, comida r\u00e1pida y servicios de comida para llevar, tiendas de alimentos y bebidas, fabricaci\u00f3n de alimentos y bebidas, tiendas de televisi\u00f3n, grandes almacenes, t\u00e9 de burbujas, bares de jugos y batidos, tiendas especializadas, supermercados, hoteles, tiendas de conveniencia, fabricaci\u00f3n de especias y extractos, farmacia Tiendas, caf\u00e9s y cafeter\u00edas, soluciones institucionales B2B, tiendas de descuento, catering y cantinas, tiendas de comercio electr\u00f3nico, tiendas de regalos, cerveza, vino, licorer\u00edas, tiendas de souvenirs<\/div>\n<\/dd>\n<\/dl>\n<dl class=\"do-entry-item\">\n<dt class=\"do-entry-item\"><span class=\"attr-name J-attr-name\" title=\"Estaci\u00f3n\">Temporada: Todo el a\u00f1o Tipo de plaga: Ratones Caracter\u00edstica: Desechable, Sostenible, Abastecido<\/span><\/dt>\n<dt class=\"do-entry-item\"><span class=\"attr-name J-attr-name\" title=\"Lugar de origen\">Lugar de origen: Zhejiang, China Marca: Mickey Cats N\u00famero de modelo: JH-18-1<\/span><\/dt>\n<dt class=\"do-entry-item\"><span class=\"attr-name J-attr-name\" title=\"Embalaje\">Embalaje: 100 piezas\/cart\u00f3n, 100 piezas\/cart\u00f3n<\/span><\/dt>\n<\/dl>\n<dl class=\"do-entry-item\">\n<dt class=\"do-entry-item\"><span class=\"attr-name J-attr-name\" title=\"Tipo de control de plagas\">Tipo de control de plagas: Trampas<\/span><\/dt>\n<dt class=\"do-entry-item\"><span class=\"attr-name J-attr-name\" title=\"Nombre del producto\">Nombre del producto: trampa de pegamento para rat\u00f3n.<\/span><\/dt>\n<dt class=\"do-entry-item\"><span class=\"attr-name J-attr-name\" title=\"palabras clave\">palabras clave: tablero de pegamento de rat\u00f3n<\/span><\/dt>\n<dt class=\"do-entry-item\"><span class=\"attr-name J-attr-name\" title=\"tama\u00f1o del tablero\">tama\u00f1o del tablero: mediano<\/span><\/dt>\n<dt class=\"do-entry-item\"><span class=\"attr-name J-attr-name\" title=\"color del tablero\">color del tablero: verde<\/span><\/dt>\n<dt class=\"do-entry-item\"><span class=\"attr-name J-attr-name\" title=\"Apariencia\">Apariencia: gel transparente<\/span><\/dt>\n<dt class=\"do-entry-item\"><span class=\"attr-name J-attr-name\" title=\"Material\">Material: pegamento para rat\u00f3n.<\/span><\/dt>\n<dt class=\"do-entry-item\"><span class=\"attr-name J-attr-name\" title=\"Solicitud\">Aplicaci\u00f3n: atrapar ratas<\/span><\/dt>\n<dt class=\"do-entry-item\"><span class=\"attr-name J-attr-name\" title=\"duraci\u00f3n\">vida \u00fatil: 5 a\u00f1os<\/span><\/dt>\n<dt class=\"do-entry-item\">Capacidad de suministro 500000 Unidad\/Unidades por semana<\/dt>\n<\/dl>\n<\/div>\n<\/div>\n<div class=\"do-entry do-entry-full\" data-e2e-name=\"productPackaging\">\n<div class=\"do-entry-title\">Empaquetado y entrega<\/div>\n<div class=\"do-entry-title\">embalaje de cart\u00f3n;<\/div>\n<div class=\"do-entry-title\">100 piezas\/cart\u00f3n;<\/div>\n<div class=\"do-entry-title\">una bolsa de pc\/opp;<\/div>\n<div class=\"do-entry-title\">puerto ningbo<\/div>\n<div class=\"do-entry-list\">\n<dl class=\"do-entry-item product-package-image\">\n<dt title=\"Ejemplo de imagen: \"><\/dt>\n<dd class=\"do-entry-item-val\">\n<div class=\"package-img-container\" aria-haspopup=\"true\" aria-expanded=\"false\"><\/div>\n<\/dd>\n<\/dl>\n<dl class=\"leadtime-table\"><\/dl>\n<\/div>\n<\/div>\n<\/div>\n<\/div>\n<\/div>\n<\/div>\n<div id=\"module_product_specification\">\n<div id=\"J-rich-text-description\" class=\"richtext richtext-detail rich-text-description\">\n<p>\u00c1mbito de aplicaci\u00f3n:<\/p>\n<p>La trampa de pegamento para ratones JH-18-1 de Green Ode commodities Limited es ampliamente utilizada. Especialmente indicado para viviendas, f\u00e1bricas de alimentos, restaurantes, almac\u00e9n de alimentos, etc. Es un maravilloso sustituto del veneno para ratones.<\/p>\n<p>C\u00f3mo utilizar:<\/p>\n<p>1. Abra la placa adhesiva del pegamento del mouse como un libro.<br \/>\n2. Retire dos botones rojos del lado adhesivo (los botones internos est\u00e1n dise\u00f1ados para evitar que el cart\u00f3n se pegue)<br \/>\n3. Dobla el cart\u00f3n en el medio con fuerza, para que los dos lados adhesivos est\u00e9n firmemente pegados; luego vuelva a abrirlo (esto puede ayudar a mejorar la adherencia).<br \/>\n4. Se puede colocar man\u00ed, mantequilla, pescado frito o un poco de galleta sobre la superficie adhesiva para mejorar el efecto atractivo.<br \/>\n5. Se sugieren de 5 a 8 piezas de tableros de mouse adhesivos para un \u00e1rea de 60 metros cuadrados (alrededor de 11 pies cuadrados).<\/p>\n<p>advierte:<br \/>\n1. Si la trampa de pegamento para ratones se moja, s\u00e9quela antes de usarla.<br \/>\n2. Use gasolina y luego un agente de limpieza para quitar el pegamento de la ropa o<br \/>\notros art\u00edculos en caso de su contacto con el adhesivo.<br \/>\n3. Evite el contacto de sus mascotas con la trampa de pegamento para ratones.<br \/>\n4. No entre en contacto con sus ojos.<\/p>\n<\/div>\n<\/div>\n","protected":false},"excerpt":{"rendered":"<p><a href=\"https:\/\/api.whatsapp.com\/send?phone=008613976116176\" rel=\"nofollow\"><img loading=\"lazy\" decoding=\"async\" class=\"aligncenter size-full wp-image-318\" src=\"https:\/\/www.mousegluetraps.top\/wp-content\/uploads\/2022\/05\/whatsapp-tous-300x93.png\" alt=\"Directamente en contacto con nosotros por Whatsapp\" width=\"300\" height=\"93\"><\/a><br \/>[ninja_form id=1]<\/p>\n","protected":false},"featured_media":569,"template":"","meta":{"_seopress_robots_primary_cat":"","_seopress_titles_title":"","_seopress_titles_desc":"","_seopress_robots_index":""},"product_brand":[],"product_cat":[64],"product_tag":[88],"class_list":{"0":"post-863","1":"product","2":"type-product","3":"status-publish","4":"has-post-thumbnail","6":"product_cat-trampa-de-pegamento-para-ratones","7":"product_tag-trampa-de-pegamento-para-ratones","9":"first","10":"instock","11":"shipping-taxable","12":"product-type-simple"},"_links":{"self":[{"href":"https:\/\/www.mousegluetraps.top\/es\/wp-json\/wp\/v2\/product\/863","targetHints":{"allow":["GET"]}}],"collection":[{"href":"https:\/\/www.mousegluetraps.top\/es\/wp-json\/wp\/v2\/product"}],"about":[{"href":"https:\/\/www.mousegluetraps.top\/es\/wp-json\/wp\/v2\/types\/product"}],"wp:featuredmedia":[{"embeddable":true,"href":"https:\/\/www.mousegluetraps.top\/es\/wp-json\/wp\/v2\/media\/569"}],"wp:attachment":[{"href":"https:\/\/www.mousegluetraps.top\/es\/wp-json\/wp\/v2\/media?parent=863"}],"wp:term":[{"taxonomy":"product_brand","embeddable":true,"href":"https:\/\/www.mousegluetraps.top\/es\/wp-json\/wp\/v2\/product_brand?post=863"},{"taxonomy":"product_cat","embeddable":true,"href":"https:\/\/www.mousegluetraps.top\/es\/wp-json\/wp\/v2\/product_cat?post=863"},{"taxonomy":"product_tag","embeddable":true,"href":"https:\/\/www.mousegluetraps.top\/es\/wp-json\/wp\/v2\/product_tag?post=863"}],"curies":[{"name":"wp","href":"https:\/\/api.w.org\/{rel}","templated":true}]}}