{"id":859,"date":"2021-04-12T12:21:44","date_gmt":"2021-04-12T12:21:44","guid":{"rendered":"https:\/\/www.mousegluetraps.top\/shop\/tableros-de-ratas-al-por-mayor-b03-trampas-de-pegamento-para-ratones-de-gran-tamano\/"},"modified":"2021-04-12T12:21:44","modified_gmt":"2021-04-12T12:21:44","slug":"mayorista-rat-boards-b03-gran-tamano-raton-pegamento-trampas","status":"publish","type":"product","link":"https:\/\/www.mousegluetraps.top\/es\/shop\/mayorista-rat-boards-b03-gran-tamano-raton-pegamento-trampas\/","title":{"rendered":"Tableros de ratas al por mayor B03 Trampas de pegamento para ratones de gran tama\u00f1o"},"content":{"rendered":"<div id=\"module_product_packaging_and_quick_detail\">\n<div class=\"widget-detail-overview\">\n<div class=\"do-content\">\n<div class=\"do-overview\">\n<div class=\"do-entry do-entry-separate\" data-e2e-name=\"quickDetail\">\n<div data-spm-anchor-id=\"a2700.details.0.i14.632f11ee7EwVnw\">B03 La trampa de pegamento para ratones de gran tama\u00f1o es una gran oferta a un precio asequible. Esta trampa de pegamento para ratones es de buena calidad pero tiene un precio econ\u00f3mico al por mayor. B03 se aplica con adhesivo fuertemente transparente, listo para usar, seguro e higi\u00e9nico. Es una trampa de pegamento para ratones ideal para interiores y exteriores. No tiene efectos secundarios para el medio ambiente con caracter\u00edsticas de inocuidad, seguridad, saneamiento y f\u00e1cil operaci\u00f3n.<\/div>\n<div data-spm-anchor-id=\"a2700.details.0.i14.632f11ee7EwVnw\"><\/div>\n<div class=\"do-entry-title\" data-spm-anchor-id=\"a2700.details.0.i14.632f11ee7EwVnw\"><span class=\"attr-name J-attr-name\" title=\"Capacidad\">Capacidad: 50 Dise\u00f1o: Animal \u00c1rea aplicable: 300-400 \u33a1<\/span><\/div>\n<div class=\"do-entry-title\" data-spm-anchor-id=\"a2700.details.0.i14.632f11ee7EwVnw\"><span class=\"attr-name J-attr-name\" title=\"Tiempo utilizado\">Time Used: <\/span>&gt;480 Hours Product: TRAPS Use: animal control<\/div>\n<div class=\"do-entry-title\" data-spm-anchor-id=\"a2700.details.0.i14.632f11ee7EwVnw\">Fuerza: Fuerte Cart\u00f3n de papel: 108 gramos Cargador: No aplicable<\/div>\n<div class=\"do-entry-title\" data-spm-anchor-id=\"a2700.details.0.i14.632f11ee7EwVnw\"><span class=\"attr-name J-attr-name\" title=\"Tama\u00f1o de hoja\">Tama\u00f1o de la hoja: 22*16*1cm Estado: Pegamento de gel transparente Peso neto: 20 gramos<\/span><\/div>\n<div class=\"do-entry-list\" data-spm-anchor-id=\"a2700.details.0.i13.632f11ee7EwVnw\">\n<dl class=\"do-entry-item\">\n<dt>\n<div><\/div>\n<div id=\"module_product_specification\">\n<div id=\"J-rich-text-description\" class=\"richtext richtext-detail rich-text-description\">\n<table style=\"height: 331px;\" width=\"829\" cellspacing=\"1\" cellpadding=\"0\">\n<tbody>\n<tr>\n<td>Modelo.:<\/td>\n<td>B03 Trampa de pegamento para ratones<\/td>\n<\/tr>\n<tr>\n<td>Tipo de roedor:<\/td>\n<td>Rat\u00f3n y ratas<\/td>\n<\/tr>\n<tr>\n<td>Tipo de tarjeta:<\/td>\n<td>Cart\u00f3n Grueso<\/td>\n<\/tr>\n<tr>\n<td>Seguridad:<\/td>\n<td>Inofensivo para los humanos<\/td>\n<\/tr>\n<tr>\n<td>Mercado:<\/td>\n<td>Mundial<\/td>\n<\/tr>\n<tr>\n<td rowspan=\"5\">Caracter\u00edsticas:<\/td>\n<td>Resistente a altas temperaturas (hasta +70 \u2103)<\/td>\n<\/tr>\n<tr>\n<td>Resistente a bajas temperaturas (hasta -20 \u2103)<\/td>\n<\/tr>\n<tr>\n<td>Pegamento y cartulina resistentes al agua<\/td>\n<\/tr>\n<tr>\n<td>Alta eficiencia en la captura de ratones\/ratas<\/td>\n<\/tr>\n<tr>\n<td>Vida \u00fatil m\u00e1s de 5 a\u00f1os<\/td>\n<\/tr>\n<tr>\n<td rowspan=\"2\">Embalaje:<\/td>\n<td>100 piezas\/cart\u00f3n<\/td>\n<\/tr>\n<tr>\n<td>Tama\u00f1o del cart\u00f3n: 50*33*23cm<\/td>\n<\/tr>\n<\/tbody>\n<\/table>\n<p><span style=\"color: #333333;\">Comprador comercial:<\/span><\/p>\n<\/div>\n<\/div>\n<\/dt>\n<dd class=\"do-entry-item-val\">\n<div class=\"text-ellipsis\" title=\"Restaurantes, comida r\u00e1pida y servicios de comida para llevar, tiendas de alimentos y bebidas, fabricaci\u00f3n de alimentos y bebidas, tiendas de televisi\u00f3n, grandes almacenes, t\u00e9 de burbujas, bares de jugos y batidos, tiendas especializadas, supermercados, hoteles, tiendas de conveniencia, fabricaci\u00f3n de especias y extractos, farmacia Tiendas, caf\u00e9s y cafeter\u00edas, soluciones institucionales B2B, tiendas de descuento, catering y cantinas, tiendas de comercio electr\u00f3nico, tiendas de regalos, cerveza, vino, licorer\u00edas, tiendas de souvenirs\">Restaurantes, comida r\u00e1pida y servicios de comida para llevar, tiendas de alimentos y bebidas, fabricaci\u00f3n de alimentos y bebidas, tiendas de televisi\u00f3n, grandes almacenes, t\u00e9 de burbujas, bares de jugos y batidos, tiendas especializadas, supermercados, hoteles, tiendas de conveniencia, fabricaci\u00f3n de especias y extractos, farmacia Tiendas, caf\u00e9s y cafeter\u00edas, soluciones institucionales B2B, tiendas de descuento, catering y cantinas, tiendas de comercio electr\u00f3nico, tiendas de regalos, cerveza, vino, licorer\u00edas, tiendas de souvenirs<\/div>\n<\/dd>\n<\/dl>\n<dl class=\"do-entry-item\">\n<dt class=\"do-entry-item\"><span class=\"attr-name J-attr-name\" title=\"Estaci\u00f3n\">Temporada: Todo el a\u00f1o Tipo de plaga: Ratones Caracter\u00edstica: Desechable, Sostenible, Abastecido<\/span><\/dt>\n<dt class=\"do-entry-item\"><span class=\"attr-name J-attr-name\" title=\"Lugar de origen\">Lugar de origen: Zhejiang, China Marca: Mickey Cats N\u00famero de modelo: B03<\/span><\/dt>\n<dt class=\"do-entry-item\"><span class=\"attr-name J-attr-name\" title=\"Embalaje\">Embalaje: 100 piezas\/cart\u00f3n, 100 piezas\/cart\u00f3n<\/span><\/dt>\n<\/dl>\n<dl class=\"do-entry-item\">\n<dt class=\"do-entry-item\"><span class=\"attr-name J-attr-name\" title=\"Tipo de control de plagas\">Tipo de control de plagas: Trampas<\/span><\/dt>\n<dt class=\"do-entry-item\"><span class=\"attr-name J-attr-name\" title=\"Nombre del producto\">Nombre del producto: trampa de pegamento para rat\u00f3n.<\/span><\/dt>\n<dt class=\"do-entry-item\"><span class=\"attr-name J-attr-name\" title=\"palabras clave\">palabras clave: tablero de pegamento de rat\u00f3n<\/span><\/dt>\n<dt class=\"do-entry-item\"><span class=\"attr-name J-attr-name\" title=\"tama\u00f1o del tablero\">tama\u00f1o del tablero: mediano<\/span><\/dt>\n<dt class=\"do-entry-item\"><span class=\"attr-name J-attr-name\" title=\"color del tablero\">color del tablero: verde<\/span><\/dt>\n<dt class=\"do-entry-item\"><span class=\"attr-name J-attr-name\" title=\"Apariencia\">Apariencia: gel transparente<\/span><\/dt>\n<dt class=\"do-entry-item\"><span class=\"attr-name J-attr-name\" title=\"Material\">Material: pegamento para rat\u00f3n.<\/span><\/dt>\n<dt class=\"do-entry-item\"><span class=\"attr-name J-attr-name\" title=\"Solicitud\">Aplicaci\u00f3n: atrapar ratas<\/span><\/dt>\n<dt class=\"do-entry-item\"><span class=\"attr-name J-attr-name\" title=\"duraci\u00f3n\">vida \u00fatil: 5 a\u00f1os<\/span><\/dt>\n<dt class=\"do-entry-item\">Capacidad de suministro 500000 Unidad\/Unidades por semana<\/dt>\n<\/dl>\n<\/div>\n<\/div>\n<div class=\"do-entry do-entry-full\" data-e2e-name=\"productPackaging\">\n<div class=\"do-entry-title\">Empaquetado y entrega<\/div>\n<div class=\"do-entry-title\">embalaje de cart\u00f3n;<\/div>\n<div class=\"do-entry-title\">100 piezas\/cart\u00f3n;<\/div>\n<div class=\"do-entry-title\">una bolsa de pc\/opp;<\/div>\n<div class=\"do-entry-title\">puerto ningbo<\/div>\n<div class=\"do-entry-list\">\n<dl class=\"do-entry-item product-package-image\">\n<dt title=\"Ejemplo de imagen: \"><\/dt>\n<dd class=\"do-entry-item-val\">\n<div class=\"package-img-container\" aria-haspopup=\"true\" aria-expanded=\"false\"><\/div>\n<\/dd>\n<\/dl>\n<dl class=\"leadtime-table\"><\/dl>\n<\/div>\n<\/div>\n<\/div>\n<\/div>\n<\/div>\n<\/div>\n<div id=\"module_product_specification\">\n<div id=\"J-rich-text-description\" class=\"richtext richtext-detail rich-text-description\">\n<p>\u00c1mbito de aplicaci\u00f3n:<\/p>\n<p>La trampa de pegamento para ratones Edge Leaf B03 es ampliamente utilizada en los lugares donde el rat\u00f3n<br \/>\nAparece, como casa, hotel, mercado, patio de ganado y disponible para<br \/>\noperando tanto en exteriores como en interiores.<\/p>\n<p>Direcci\u00f3n para uso<\/p>\n<p>1. Abra primero la placa adhesiva.<br \/>\n2. Coloque la placa trampa de pegamento para ratones a lo largo de los caminos de los ratones o donde se vean con frecuencia los ratones.<br \/>\n3. La trampa se puede reutilizar despu\u00e9s de retirar el rat\u00f3n atrapado. Una trampa se puede utilizar varias veces.<br \/>\n4. El tablero puede desecharse junto con el rat\u00f3n atrapado.<br \/>\n5. El pegamento pegado en las manos o la ropa se puede limpiar con gasolina o<br \/>\nqueroseno<\/p>\n<p>Advertencia:<br \/>\n1. Mantenga alejados a sus hijos y mascotas, ya que el pegamento es muy pegajoso.<br \/>\n2. Use algod\u00f3n absorbente humedecido con queroseno o aceite comestible si toca las manos u otras personas, luego, l\u00e1vese con agua jabonosa.<br \/>\n3. Coloque la trampa de pegamento en el lugar adecuado para evitar que el hombre o la mascota la pisen durante la noche.<br \/>\n4. Aunque nuestra trampa de pegamento huele bien, NO LO COMA.<br \/>\n5. No entre en contacto con su cabello con el pegamento.<\/p>\n<\/div>\n<\/div>\n","protected":false},"excerpt":{"rendered":"<p><a href=\"https:\/\/api.whatsapp.com\/send?phone=008613976116176\" rel=\"nofollow\"><img loading=\"lazy\" decoding=\"async\" class=\"aligncenter size-full wp-image-318\" src=\"https:\/\/www.mousegluetraps.top\/wp-content\/uploads\/2022\/05\/whatsapp-tous-300x93.png\" alt=\"Directamente en contacto con nosotros por Whatsapp\" width=\"300\" height=\"93\"><\/a><br \/>[ninja_form id=1]<\/p>\n","protected":false},"featured_media":573,"template":"","meta":{"_seopress_robots_primary_cat":"","_seopress_titles_title":"","_seopress_titles_desc":"","_seopress_robots_index":""},"product_brand":[],"product_cat":[64],"product_tag":[88],"class_list":{"0":"post-859","1":"product","2":"type-product","3":"status-publish","4":"has-post-thumbnail","6":"product_cat-trampa-de-pegamento-para-ratones","7":"product_tag-trampa-de-pegamento-para-ratones","9":"first","10":"instock","11":"shipping-taxable","12":"product-type-simple"},"_links":{"self":[{"href":"https:\/\/www.mousegluetraps.top\/es\/wp-json\/wp\/v2\/product\/859","targetHints":{"allow":["GET"]}}],"collection":[{"href":"https:\/\/www.mousegluetraps.top\/es\/wp-json\/wp\/v2\/product"}],"about":[{"href":"https:\/\/www.mousegluetraps.top\/es\/wp-json\/wp\/v2\/types\/product"}],"wp:featuredmedia":[{"embeddable":true,"href":"https:\/\/www.mousegluetraps.top\/es\/wp-json\/wp\/v2\/media\/573"}],"wp:attachment":[{"href":"https:\/\/www.mousegluetraps.top\/es\/wp-json\/wp\/v2\/media?parent=859"}],"wp:term":[{"taxonomy":"product_brand","embeddable":true,"href":"https:\/\/www.mousegluetraps.top\/es\/wp-json\/wp\/v2\/product_brand?post=859"},{"taxonomy":"product_cat","embeddable":true,"href":"https:\/\/www.mousegluetraps.top\/es\/wp-json\/wp\/v2\/product_cat?post=859"},{"taxonomy":"product_tag","embeddable":true,"href":"https:\/\/www.mousegluetraps.top\/es\/wp-json\/wp\/v2\/product_tag?post=859"}],"curies":[{"name":"wp","href":"https:\/\/api.w.org\/{rel}","templated":true}]}}