{"id":851,"date":"2021-04-12T13:11:51","date_gmt":"2021-04-12T13:11:51","guid":{"rendered":"https:\/\/www.mousegluetraps.top\/shop\/super-tableros-adhesivos-para-roedores-trampa-de-pegamento-para-ratones-de-tamano-mediano-jh-15\/"},"modified":"2021-04-12T13:11:51","modified_gmt":"2021-04-12T13:11:51","slug":"super-roedor-sticky-boards-mediano-raton-pegamento-trampa-jh-15","status":"publish","type":"product","link":"https:\/\/www.mousegluetraps.top\/es\/shop\/super-roedor-sticky-boards-mediano-raton-pegamento-trampa-jh-15\/","title":{"rendered":"S\u00faper tableros adhesivos para roedores Trampa de pegamento para ratones de tama\u00f1o mediano JH 15"},"content":{"rendered":"<div id=\"module_product_packaging_and_quick_detail\">\n<div class=\"widget-detail-overview\">\n<div class=\"do-content\">\n<div class=\"do-overview\">\n<div class=\"do-entry do-entry-separate\" data-e2e-name=\"quickDetail\">\n<div data-spm-anchor-id=\"a2700.details.0.i14.632f11ee7EwVnw\">La trampa de pegamento para ratones de tama\u00f1o mediano JH15 no se ve afectada por la temperatura, incluso en climas bastante fr\u00edos, la adherencia sigue siendo la misma; Esta trampa de pegamento para ratones tambi\u00e9n es excelente para capturar cucarachas, ara\u00f1as, grillos y otros insectos dom\u00e9sticos. utilizamos una f\u00f3rmula de pegamento de alta viscosidad no venenosa que se ha probado con frecuencia en muchos lugares para garantizar el m\u00e1ximo poder de retenci\u00f3n para la mayor\u00eda de los tama\u00f1os de ratones. No tiene efectos secundarios para el medio ambiente con caracter\u00edsticas de inocuidad, seguridad, saneamiento y f\u00e1cil operaci\u00f3n.<\/div>\n<div data-spm-anchor-id=\"a2700.details.0.i14.632f11ee7EwVnw\"><\/div>\n<div class=\"do-entry-title\" data-spm-anchor-id=\"a2700.details.0.i14.632f11ee7EwVnw\">Dise\u00f1o: Animal \u00c1rea aplicable: 300-400 \u33a1<\/div>\n<div class=\"do-entry-title\" data-spm-anchor-id=\"a2700.details.0.i14.632f11ee7EwVnw\"><span class=\"attr-name J-attr-name\" title=\"Tiempo utilizado\">Time Used: <\/span>&gt;480 Hours Product: TRAPS Use: animal control<\/div>\n<div class=\"do-entry-title\" data-spm-anchor-id=\"a2700.details.0.i14.632f11ee7EwVnw\">Resistencia: Fuerte Tipo: Control de plagas Cargador: No aplicable<\/div>\n<div class=\"do-entry-title\" data-spm-anchor-id=\"a2700.details.0.i14.632f11ee7EwVnw\"><span class=\"attr-name J-attr-name\" title=\"Tama\u00f1o de hoja\">Tama\u00f1o de la hoja: 19*13*1cm Estado: Pegamento de gel transparente Peso neto: 16 gramos<\/span><\/div>\n<div class=\"do-entry-list\" data-spm-anchor-id=\"a2700.details.0.i13.632f11ee7EwVnw\">\n<dl class=\"do-entry-item\">\n<dt>\n<div><\/div>\n<div id=\"module_product_specification\">\n<div id=\"J-rich-text-description\" class=\"richtext richtext-detail rich-text-description\">\n<table style=\"height: 331px;\" width=\"829\" cellspacing=\"1\" cellpadding=\"0\">\n<tbody>\n<tr>\n<td>Modelo.:<\/td>\n<td>Trampa de pegamento para ratones JH 15<\/td>\n<\/tr>\n<tr>\n<td>Tipo de roedor:<\/td>\n<td>Rat\u00f3n y ratas<\/td>\n<\/tr>\n<tr>\n<td>Tipo de tarjeta:<\/td>\n<td>Cart\u00f3n Grueso<\/td>\n<\/tr>\n<tr>\n<td>Seguridad:<\/td>\n<td>Inofensivo para los humanos<\/td>\n<\/tr>\n<tr>\n<td>Mercado:<\/td>\n<td>Mundial<\/td>\n<\/tr>\n<tr>\n<td rowspan=\"5\">Caracter\u00edsticas:<\/td>\n<td>Resistente a altas temperaturas (hasta +70 \u2103)<\/td>\n<\/tr>\n<tr>\n<td>Resistente a bajas temperaturas (hasta -20 \u2103)<\/td>\n<\/tr>\n<tr>\n<td>Pegamento y cartulina resistentes al agua<\/td>\n<\/tr>\n<tr>\n<td>Alta eficiencia en la captura de ratones\/ratas<\/td>\n<\/tr>\n<tr>\n<td>Vida \u00fatil m\u00e1s de 5 a\u00f1os<\/td>\n<\/tr>\n<tr>\n<td rowspan=\"2\">Embalaje:<\/td>\n<td>100 piezas\/cart\u00f3n<\/td>\n<\/tr>\n<tr>\n<td>Tama\u00f1o del cart\u00f3n: 52*27*21cm<\/td>\n<\/tr>\n<\/tbody>\n<\/table>\n<p><span style=\"color: #333333;\">Comprador comercial:<\/span><\/p>\n<\/div>\n<\/div>\n<\/dt>\n<dd class=\"do-entry-item-val\">\n<div class=\"text-ellipsis\" title=\"Restaurantes, comida r\u00e1pida y servicios de comida para llevar, tiendas de alimentos y bebidas, fabricaci\u00f3n de alimentos y bebidas, tiendas de televisi\u00f3n, grandes almacenes, t\u00e9 de burbujas, bares de jugos y batidos, tiendas especializadas, supermercados, hoteles, tiendas de conveniencia, fabricaci\u00f3n de especias y extractos, farmacia Tiendas, caf\u00e9s y cafeter\u00edas, soluciones institucionales B2B, tiendas de descuento, catering y cantinas, tiendas de comercio electr\u00f3nico, tiendas de regalos, cerveza, vino, licorer\u00edas, tiendas de souvenirs\">Restaurantes, comida r\u00e1pida y servicios de comida para llevar, tiendas de alimentos y bebidas, fabricaci\u00f3n de alimentos y bebidas, tiendas de televisi\u00f3n, grandes almacenes, t\u00e9 de burbujas, bares de jugos y batidos, tiendas especializadas, supermercados, hoteles, tiendas de conveniencia, fabricaci\u00f3n de especias y extractos, farmacia Tiendas, caf\u00e9s y cafeter\u00edas, soluciones institucionales B2B, tiendas de descuento, catering y cantinas, tiendas de comercio electr\u00f3nico, tiendas de regalos, cerveza, vino, licorer\u00edas, tiendas de souvenirs<\/div>\n<\/dd>\n<\/dl>\n<dl class=\"do-entry-item\">\n<dt class=\"do-entry-item\"><span class=\"attr-name J-attr-name\" title=\"Estaci\u00f3n\">Temporada: Todo el a\u00f1o Tipo de plaga: Ratones Caracter\u00edstica: Desechable, Sostenible, Abastecido<\/span><\/dt>\n<dt class=\"do-entry-item\"><span class=\"attr-name J-attr-name\" title=\"Lugar de origen\">Lugar de origen: Zhejiang, China Marca: Mickey Cats N\u00famero de modelo: JH 15<\/span><\/dt>\n<dt class=\"do-entry-item\"><span class=\"attr-name J-attr-name\" title=\"Embalaje\">Embalaje: 100 piezas\/cart\u00f3n, 100 piezas\/cart\u00f3n<\/span><\/dt>\n<\/dl>\n<dl class=\"do-entry-item\">\n<dt class=\"do-entry-item\"><span class=\"attr-name J-attr-name\" title=\"Tipo de control de plagas\">Tipo de control de plagas: Trampas<\/span><\/dt>\n<dt class=\"do-entry-item\"><span class=\"attr-name J-attr-name\" title=\"Nombre del producto\">Nombre del producto: trampa de pegamento para rat\u00f3n.<\/span><\/dt>\n<dt class=\"do-entry-item\"><span class=\"attr-name J-attr-name\" title=\"palabras clave\">palabras clave: tablero de pegamento de rat\u00f3n<\/span><\/dt>\n<dt class=\"do-entry-item\"><span class=\"attr-name J-attr-name\" title=\"tama\u00f1o del tablero\">tama\u00f1o del tablero: mediano<\/span><\/dt>\n<dt class=\"do-entry-item\"><span class=\"attr-name J-attr-name\" title=\"color del tablero\">color del tablero: verde<\/span><\/dt>\n<dt class=\"do-entry-item\"><span class=\"attr-name J-attr-name\" title=\"Apariencia\">Apariencia: gel transparente<\/span><\/dt>\n<dt class=\"do-entry-item\"><span class=\"attr-name J-attr-name\" title=\"Material\">Material: pegamento para rat\u00f3n.<\/span><\/dt>\n<dt class=\"do-entry-item\"><span class=\"attr-name J-attr-name\" title=\"Solicitud\">Aplicaci\u00f3n: atrapar ratas<\/span><\/dt>\n<dt class=\"do-entry-item\"><span class=\"attr-name J-attr-name\" title=\"duraci\u00f3n\">vida \u00fatil: 5 a\u00f1os<\/span><\/dt>\n<dt class=\"do-entry-item\">Capacidad de suministro 500000 Unidad\/Unidades por semana<\/dt>\n<\/dl>\n<\/div>\n<\/div>\n<div class=\"do-entry do-entry-full\" data-e2e-name=\"productPackaging\">\n<div class=\"do-entry-title\">Empaquetado y entrega<\/div>\n<div class=\"do-entry-title\">embalaje de cart\u00f3n;<\/div>\n<div class=\"do-entry-title\">100 piezas\/cart\u00f3n;<\/div>\n<div class=\"do-entry-title\">una bolsa de pc\/opp;<\/div>\n<div class=\"do-entry-title\">puerto ningbo<\/div>\n<div class=\"do-entry-list\">\n<dl class=\"do-entry-item product-package-image\">\n<dt title=\"Ejemplo de imagen: \"><\/dt>\n<dd class=\"do-entry-item-val\">\n<div class=\"package-img-container\" aria-haspopup=\"true\" aria-expanded=\"false\"><\/div>\n<\/dd>\n<\/dl>\n<dl class=\"leadtime-table\"><\/dl>\n<\/div>\n<\/div>\n<\/div>\n<\/div>\n<\/div>\n<\/div>\n<div id=\"module_product_specification\">\n<div id=\"J-rich-text-description\" class=\"richtext richtext-detail rich-text-description\">\n<p>Solicitud:<\/p>\n<p>La trampa de pegamento para ratones JH 15 se usa ampliamente en los lugares donde aparecen los ratones, como casas, hoteles, mercados, corrales de ganado y est\u00e1 disponible para operar tanto en exteriores como en interiores.<\/p>\n<p>C\u00f3mo utilizar:<\/p>\n<p>1. Abra la placa adhesiva del pegamento del mouse como un libro.<br \/>\n2. Retire dos botones rojos del lado adhesivo (los botones internos est\u00e1n dise\u00f1ados para evitar que el cart\u00f3n se pegue)<br \/>\n3. Dobla el cart\u00f3n en el medio con fuerza, para que los dos lados adhesivos est\u00e9n firmemente pegados; luego vuelva a abrirlo (esto puede ayudar a mejorar la adherencia).<br \/>\n4. Se puede colocar man\u00ed, mantequilla, pescado frito o un poco de galleta sobre la superficie adhesiva para mejorar el efecto atractivo.<br \/>\n5. Se sugieren de 5 a 8 piezas de tableros de mouse adhesivos para un \u00e1rea de 60 metros cuadrados (alrededor de 11 pies cuadrados).<\/p>\n<p>Advertencia:<br \/>\n1. Mantenga alejados a sus hijos y mascotas, ya que el pegamento es muy pegajoso.<br \/>\n2. Use algod\u00f3n absorbente humedecido con queroseno o aceite comestible si toca las manos u otras personas, luego, l\u00e1vese con agua jabonosa.<br \/>\n3. Coloque la trampa de pegamento en el lugar adecuado para evitar que el hombre o la mascota la pisen durante la noche.<br \/>\n4. Aunque nuestra trampa de pegamento huele bien, NO LO COMA.<br \/>\n5. Evita el contacto de tu cabello con el pegamento.<\/p>\n<\/div>\n<\/div>\n","protected":false},"excerpt":{"rendered":"<p><a href=\"https:\/\/api.whatsapp.com\/send?phone=008613976116176\" rel=\"nofollow\"><img loading=\"lazy\" decoding=\"async\" class=\"aligncenter size-full wp-image-318\" src=\"https:\/\/www.mousegluetraps.top\/wp-content\/uploads\/2022\/05\/whatsapp-tous-300x93.png\" alt=\"Directamente en contacto con nosotros por Whatsapp\" width=\"300\" height=\"93\"><\/a><br \/>[ninja_form id=1]<\/p>\n","protected":false},"featured_media":587,"template":"","meta":{"_seopress_robots_primary_cat":"","_seopress_titles_title":"","_seopress_titles_desc":"","_seopress_robots_index":"","_seopress_analysis_target_kw":""},"product_brand":[],"product_cat":[64],"product_tag":[88],"class_list":{"0":"post-851","1":"product","2":"type-product","3":"status-publish","4":"has-post-thumbnail","6":"product_cat-trampa-de-pegamento-para-ratones","7":"product_tag-trampa-de-pegamento-para-ratones","9":"first","10":"instock","11":"shipping-taxable","12":"product-type-simple"},"_links":{"self":[{"href":"https:\/\/www.mousegluetraps.top\/es\/wp-json\/wp\/v2\/product\/851","targetHints":{"allow":["GET"]}}],"collection":[{"href":"https:\/\/www.mousegluetraps.top\/es\/wp-json\/wp\/v2\/product"}],"about":[{"href":"https:\/\/www.mousegluetraps.top\/es\/wp-json\/wp\/v2\/types\/product"}],"wp:featuredmedia":[{"embeddable":true,"href":"https:\/\/www.mousegluetraps.top\/es\/wp-json\/wp\/v2\/media\/587"}],"wp:attachment":[{"href":"https:\/\/www.mousegluetraps.top\/es\/wp-json\/wp\/v2\/media?parent=851"}],"wp:term":[{"taxonomy":"product_brand","embeddable":true,"href":"https:\/\/www.mousegluetraps.top\/es\/wp-json\/wp\/v2\/product_brand?post=851"},{"taxonomy":"product_cat","embeddable":true,"href":"https:\/\/www.mousegluetraps.top\/es\/wp-json\/wp\/v2\/product_cat?post=851"},{"taxonomy":"product_tag","embeddable":true,"href":"https:\/\/www.mousegluetraps.top\/es\/wp-json\/wp\/v2\/product_tag?post=851"}],"curies":[{"name":"wp","href":"https:\/\/api.w.org\/{rel}","templated":true}]}}