{"id":835,"date":"2021-06-14T03:47:15","date_gmt":"2021-06-14T03:47:15","guid":{"rendered":"https:\/\/www.mousegluetraps.top\/shop\/tablero-de-papel-de-tamano-pequeno-g-03-red-rat-mouse-glue-pitfall\/"},"modified":"2021-06-14T03:47:15","modified_gmt":"2021-06-14T03:47:15","slug":"g-03-rojo-rata-raton-pegamento-escollo-pequeno-carton-de-papel","status":"publish","type":"product","link":"https:\/\/www.mousegluetraps.top\/es\/shop\/g-03-rojo-rata-raton-pegamento-escollo-pequeno-carton-de-papel\/","title":{"rendered":"Tablero de papel de tama\u00f1o peque\u00f1o G-03 Red Rat Mouse Glue Pitfall"},"content":{"rendered":"<p>El proveedor de China GO-03 trampas para ratones trampa de pegamento para ratas contiene un fuerte atrayente. El rat\u00f3n viene por el sentido del olfato. El art\u00edculo es muy vendido en todo el mundo con precios muy competitivos y muy buena calidad. Se puede personalizar para muestrear y dise\u00f1ar modelos de acuerdo con los requisitos de los clientes. Acerca de esta trampa del pegamento para ratas, prometemos 100% buena calidad directamente de f\u00e1brica.<\/p>\n<p>Informaci\u00f3n del Producto:<\/p>\n<p>Trampa del pegamento del rat\u00f3n;<br \/>\nViscosidad fuerte;<br \/>\nAlto rendimiento;<\/p>\n<p>Descripci\u00f3n del Producto:<\/p>\n<table width=\"543\">\n<tbody>\n<tr>\n<td width=\"173\">Nombre del producto:<\/td>\n<td width=\"370\">La trampa del pegamento de la rata del rat\u00f3n<\/td>\n<\/tr>\n<tr>\n<td rowspan=\"3\" width=\"173\">Especificaci\u00f3n<\/td>\n<td width=\"370\">Material: pegamento de alta calidad<\/td>\n<\/tr>\n<tr>\n<td width=\"370\">Tama\u00f1o del producto: 22*14,5 cm;<\/td>\n<\/tr>\n<tr>\n<td width=\"370\">Tama\u00f1o del cart\u00f3n: 41*30*23 cm 200 piezas\/cart\u00f3n<\/td>\n<\/tr>\n<tr>\n<td width=\"173\">Plagas objetivo<\/td>\n<td width=\"370\">Ratones, cucarachas, ara\u00f1as y otras plagas caseras que se arrastran<\/td>\n<\/tr>\n<tr>\n<td rowspan=\"2\" width=\"173\">\u00c1mbito de aplicaci\u00f3n<\/td>\n<td width=\"370\">Plantas de alimentos, cocinas, restaurantes, plantas de procesamiento de alimentos, hospitales,<\/td>\n<\/tr>\n<tr>\n<td width=\"370\">residencias, zool\u00f3gicos y otras \u00e1reas sensibles donde el uso de veneno est\u00e1 prohibido o desaconsejado.<\/td>\n<\/tr>\n<\/tbody>\n<\/table>\n<p>Instrucciones de uso:<\/p>\n<p>1. Abra la trampa de pegamento para ratas lentamente con las manos, col\u00f3quela en \u00e1reas donde normalmente se ven ratones y ratas.<br \/>\n2, coloque debajo del fregadero, la parte posterior de los electrodom\u00e9sticos, las \u00e1reas de basura.<br \/>\n3, para obtener los mejores resultados, coloque un poco de pan rallado, queso, pescado frito, etc. en el centro para atraer ratones y ratas.<br \/>\n4, en caso de que alguna parte del cuerpo o superficie se adhiera al pegamento, l\u00edmpielo o l\u00e1velo con alcohol.<br \/>\n5, desechar despu\u00e9s de cada uso.<\/p>\n<p>Notas:<\/p>\n<p>1, no permita que los ni\u00f1os toquen el tablero de trampa de pegamento para ratas.<br \/>\n2, no use una placa de mouse adhesiva en lugares donde otros animales sean f\u00e1ciles de contactar.<br \/>\n3, en caso de que el mouse arrastre la trampa de pegamento y contamine el piso o la pared, puede pegarlo al suelo o colocar un papel m\u00e1s grande debajo.<br \/>\n4, evite la exposici\u00f3n directa a la luz solar y el polvo.<br \/>\n5, si la trampa del pegamento para ratas est\u00e1 un poco h\u00fameda, puede verter el agua y secar a la sombra, y no afectar\u00e1 el uso.<br \/>\n6, si el pegamento se pega a las manos, la ropa u otros art\u00edculos en el piso, use un exfoliante diesel y luego limpie con detergente.<\/p>\n","protected":false},"excerpt":{"rendered":"<p><a href=\"https:\/\/api.whatsapp.com\/send?phone=008613976116176\" rel=\"nofollow\"><img loading=\"lazy\" decoding=\"async\" class=\"aligncenter size-full wp-image-318\" src=\"https:\/\/www.mousegluetraps.top\/wp-content\/uploads\/2022\/05\/whatsapp-tous-300x93.png\" alt=\"Directamente en contacto con nosotros por Whatsapp\" width=\"300\" height=\"93\"><\/a><br \/>[ninja_form id=1]<\/p>\n","protected":false},"featured_media":627,"template":"","meta":{"_seopress_robots_primary_cat":"","_seopress_titles_title":"","_seopress_titles_desc":"","_seopress_robots_index":"","_seopress_analysis_target_kw":""},"product_brand":[],"product_cat":[64],"product_tag":[69,88],"class_list":{"0":"post-835","1":"product","2":"type-product","3":"status-publish","4":"has-post-thumbnail","6":"product_cat-trampa-de-pegamento-para-ratones","7":"product_tag-control-de-ratas-es","8":"product_tag-trampa-de-pegamento-para-ratones","10":"first","11":"instock","12":"shipping-taxable","13":"product-type-simple"},"_links":{"self":[{"href":"https:\/\/www.mousegluetraps.top\/es\/wp-json\/wp\/v2\/product\/835","targetHints":{"allow":["GET"]}}],"collection":[{"href":"https:\/\/www.mousegluetraps.top\/es\/wp-json\/wp\/v2\/product"}],"about":[{"href":"https:\/\/www.mousegluetraps.top\/es\/wp-json\/wp\/v2\/types\/product"}],"wp:featuredmedia":[{"embeddable":true,"href":"https:\/\/www.mousegluetraps.top\/es\/wp-json\/wp\/v2\/media\/627"}],"wp:attachment":[{"href":"https:\/\/www.mousegluetraps.top\/es\/wp-json\/wp\/v2\/media?parent=835"}],"wp:term":[{"taxonomy":"product_brand","embeddable":true,"href":"https:\/\/www.mousegluetraps.top\/es\/wp-json\/wp\/v2\/product_brand?post=835"},{"taxonomy":"product_cat","embeddable":true,"href":"https:\/\/www.mousegluetraps.top\/es\/wp-json\/wp\/v2\/product_cat?post=835"},{"taxonomy":"product_tag","embeddable":true,"href":"https:\/\/www.mousegluetraps.top\/es\/wp-json\/wp\/v2\/product_tag?post=835"}],"curies":[{"name":"wp","href":"https:\/\/api.w.org\/{rel}","templated":true}]}}