{"id":832,"date":"2021-06-14T04:18:25","date_gmt":"2021-06-14T04:18:25","guid":{"rendered":"https:\/\/www.mousegluetraps.top\/shop\/trampa-para-ratones-go-05-tablero-de-tamano-l-con-pegamento-para-matar-ratas\/"},"modified":"2021-06-14T04:18:25","modified_gmt":"2021-06-14T04:18:25","slug":"mouse-trap-go-05-rat-killing-pegamento-pitfall-l-size-board","status":"publish","type":"product","link":"https:\/\/www.mousegluetraps.top\/es\/shop\/mouse-trap-go-05-rat-killing-pegamento-pitfall-l-size-board\/","title":{"rendered":"Trampa para ratones GO-05 Tablero de tama\u00f1o L con pegamento para matar ratas"},"content":{"rendered":"<p>Venta al por mayor Mouse Control GO-05 Rat Killing Glue Pitfall L Size Board es una trampa muy viscosa que contiene un fuerte atrayente. Los ratones y las ratas no pueden rechazar el olor del atrayente y finalmente no hay forma de escapar. El art\u00edculo es muy vendido en todo el mundo con precios muy competitivos y muy buena calidad. Aceptamos OEM o ODM seg\u00fan los requisitos de los clientes. Prometemos 100% buena calidad y venta directa de f\u00e1brica.<\/p>\n<p>Impresi\u00f3n del producto:<\/p>\n<p>La trampa del pegamento para ratas;<br \/>\nViscosidad fuerte;<br \/>\nAlto rendimiento;<\/p>\n<p>Descripci\u00f3n del Producto:<\/p>\n<table width=\"543\">\n<tbody>\n<tr>\n<td width=\"173\">Nombre del producto:<\/td>\n<td width=\"370\">GO-05 Trampa del pegamento del rat\u00f3n<\/td>\n<\/tr>\n<tr>\n<td rowspan=\"3\" width=\"173\">Especificaci\u00f3n<\/td>\n<td width=\"370\">Material: pegamento de buena calidad.<\/td>\n<\/tr>\n<tr>\n<td width=\"370\">Tama\u00f1o del producto: 28,5*14 cm<\/td>\n<\/tr>\n<tr>\n<td width=\"370\">Tama\u00f1o del cart\u00f3n: 50*30*30cm 144 piezas\/cart\u00f3n<\/td>\n<\/tr>\n<tr>\n<td width=\"173\">Plagas objetivo<\/td>\n<td width=\"370\">Ratones, ratas, cucarachas, ara\u00f1as y otras plagas dom\u00e9sticas que se arrastran<\/td>\n<\/tr>\n<tr>\n<td rowspan=\"2\" width=\"173\">\u00c1mbito de aplicaci\u00f3n<\/td>\n<td width=\"370\">Plantas de alimentos, cocinas, restaurantes, plantas de procesamiento de alimentos, hospitales,<\/td>\n<\/tr>\n<tr>\n<td width=\"370\">residencias, zool\u00f3gicos y otras \u00e1reas sensibles donde el uso de veneno est\u00e1 prohibido o desaconsejado.<\/td>\n<\/tr>\n<\/tbody>\n<\/table>\n<p>Instrucciones de uso:<\/p>\n<p>1, abra la trampa para ratas lentamente, col\u00f3quela en \u00e1reas donde normalmente se ven ratones y ratas, plagas.<br \/>\n2, coloque debajo del fregadero, la parte posterior de los electrodom\u00e9sticos, las \u00e1reas de basura.<br \/>\n3, para obtener los mejores resultados, col\u00f3quelo en la tabla con un poco de pan rallado, queso, pescado frito, etc.<br \/>\n4, en caso de que alguna parte del cuerpo o superficie se adhiera al pegamento, l\u00edmpielo o l\u00e1velo con alcohol.<br \/>\n5, desechar despu\u00e9s de cada uso.<\/p>\n<p>Notas:<\/p>\n<p>1, no dejes que los ni\u00f1os toquen el tablero de ratas.<br \/>\n2, no use una placa de mouse adhesiva en lugares donde otros animales sean f\u00e1ciles de contactar.<br \/>\n3, en caso de que el mouse arrastre la trampa de pegamento y contamine el piso o la pared, puede pegarlo al suelo o colocar un papel m\u00e1s grande debajo.<br \/>\n4, evite la exposici\u00f3n directa a la luz solar y el polvo.<br \/>\n5, si la tabla de pegamento para ratas est\u00e1 un poco h\u00fameda, puede verter el agua y secar a la sombra, y no afectar\u00e1 el uso.<br \/>\n6, si el pegamento se pega a las manos, la ropa u otros art\u00edculos en el piso, use un exfoliante diesel y luego limpie con detergente.<\/p>\n","protected":false},"excerpt":{"rendered":"<p><a href=\"https:\/\/api.whatsapp.com\/send?phone=008613976116176\" rel=\"nofollow\"><img loading=\"lazy\" decoding=\"async\" class=\"aligncenter size-full wp-image-318\" src=\"https:\/\/www.mousegluetraps.top\/wp-content\/uploads\/2022\/05\/whatsapp-tous-300x93.png\" alt=\"Directamente en contacto con nosotros por Whatsapp\" width=\"300\" height=\"93\"><\/a><br \/>[ninja_form id=1]<\/p>\n","protected":false},"featured_media":633,"template":"","meta":{"_seopress_robots_primary_cat":"","_seopress_titles_title":"","_seopress_titles_desc":"","_seopress_robots_index":"","_seopress_analysis_target_kw":""},"product_brand":[],"product_cat":[64],"product_tag":[69,88],"class_list":{"0":"post-832","1":"product","2":"type-product","3":"status-publish","4":"has-post-thumbnail","6":"product_cat-trampa-de-pegamento-para-ratones","7":"product_tag-control-de-ratas-es","8":"product_tag-trampa-de-pegamento-para-ratones","10":"first","11":"instock","12":"shipping-taxable","13":"product-type-simple"},"_links":{"self":[{"href":"https:\/\/www.mousegluetraps.top\/es\/wp-json\/wp\/v2\/product\/832","targetHints":{"allow":["GET"]}}],"collection":[{"href":"https:\/\/www.mousegluetraps.top\/es\/wp-json\/wp\/v2\/product"}],"about":[{"href":"https:\/\/www.mousegluetraps.top\/es\/wp-json\/wp\/v2\/types\/product"}],"wp:featuredmedia":[{"embeddable":true,"href":"https:\/\/www.mousegluetraps.top\/es\/wp-json\/wp\/v2\/media\/633"}],"wp:attachment":[{"href":"https:\/\/www.mousegluetraps.top\/es\/wp-json\/wp\/v2\/media?parent=832"}],"wp:term":[{"taxonomy":"product_brand","embeddable":true,"href":"https:\/\/www.mousegluetraps.top\/es\/wp-json\/wp\/v2\/product_brand?post=832"},{"taxonomy":"product_cat","embeddable":true,"href":"https:\/\/www.mousegluetraps.top\/es\/wp-json\/wp\/v2\/product_cat?post=832"},{"taxonomy":"product_tag","embeddable":true,"href":"https:\/\/www.mousegluetraps.top\/es\/wp-json\/wp\/v2\/product_tag?post=832"}],"curies":[{"name":"wp","href":"https:\/\/api.w.org\/{rel}","templated":true}]}}