{"id":820,"date":"2021-09-11T01:54:56","date_gmt":"2021-09-11T01:54:56","guid":{"rendered":"https:\/\/www.mousegluetraps.top\/shop\/30g-cebo-mickey-cats-big-rat-80aaa-trampas-de-pegamento-para-ratones\/"},"modified":"2021-09-11T01:54:56","modified_gmt":"2021-09-11T01:54:56","slug":"30g-cebo-mickey-cats-big-rat-80aaa-trampas-de-pegamento-para-ratones-es","status":"publish","type":"product","link":"https:\/\/www.mousegluetraps.top\/es\/shop\/30g-cebo-mickey-cats-big-rat-80aaa-trampas-de-pegamento-para-ratones-es\/","title":{"rendered":"30g Cebo Mickey Cats Big Rat 80AAA Trampas de pegamento para ratones"},"content":{"rendered":"<p>Las trampas de pegamento para ratones Big Rat 80AAA con cebo de control de ratones de 30 g de marca Mickey Cats est\u00e1n compuestas de un compuesto macromolecular importado con un rendimiento perfecto de alta capacidad adhesiva, con un olor agradable, alto rendimiento con super atrayente, muy seguro, no t\u00f3xico, se puede repetir, antienvejecimiento , anti-endurecimiento. Este modelo es un producto verde de nueva generaci\u00f3n, adecuado para lugares donde se necesita una protecci\u00f3n estricta del medio ambiente. Este tipo de trampa de pegamento para ratones podr\u00eda usarse ampliamente en los lugares donde aparecen los ratones, como casas, hoteles, mercados, corrales de ganado y disponibles para operar tanto en exteriores como en interiores.<\/p>\n<p>Lugar de origen: Zhejiang, China Marca: Mickey Cats u OEM<br \/>\nN\u00famero de modelo: 80AAA Tipo de control de plagas: Trampas<br \/>\ncolor del tablero: verde tama\u00f1o del tablero: grande<br \/>\nAspecto: pegamento transparente Embalaje: 100 piezas \/ caja<br \/>\nMaterial: pegamento de rat\u00f3n Uso: atrapar rata de rat\u00f3n<br \/>\nCertificado: MSDS<br \/>\nCapacidad de suministro: 500000 unidades \/ unidades por mes<\/p>\n<p>Empaquetado y entrega<br \/>\ndetalles del empaque<br \/>\nEmbalaje de cart\u00f3n;<br \/>\n100 tarjetas \/ caja de cart\u00f3n;<br \/>\nuna tarjeta \/ bolso de opp;<br \/>\nPuerto: Ningbo<\/p>\n<p>Informaci\u00f3n b\u00e1sica:<\/p>\n<p>Modelo NO.: 80AAA Marca: Mickey Cats<br \/>\nEstado: Tablero de gel transparente Tama\u00f1o: 21,5 * 17 * 1 cm<br \/>\nPeso neto del pegamento: 30 gramos Componente principal: caucho natural, poliisobutileno<\/p>\n<p>Embalaje: 100 piezas \/ caja;<br \/>\nTama\u00f1o del cart\u00f3n: 51 * 35 * 23 cm<\/p>\n<p>Modelo: trampa de pegamento para rat\u00f3n 80AAA<br \/>\nTipo de roedor: Rat\u00f3n y ratas<br \/>\nTipo de tarjeta: Cart\u00f3n grueso \/ duro<br \/>\nSeguridad: inofensivo para los humanos<br \/>\nMercado: mundial<br \/>\nCaracter\u00edsticas: Resistente a altas temperaturas (hasta + 70 \u2103)<br \/>\nResistente a bajas temperaturas (hasta -20 \u2103)<br \/>\nPegamento y cartulina resistentes al agua<br \/>\nAlta eficiencia en la captura de ratones \/ ratas.<br \/>\nVida \u00fatil m\u00e1s de 5 a\u00f1os.<\/p>\n<p>M\u00e9todo de uso:<br \/>\n1. Abra la trampa de pegamento del rat\u00f3n con cuidado desde el sello.<br \/>\n2. Col\u00f3quelo donde siempre aparezcan las ratas. Una vez que el rat\u00f3n est\u00e9 atrapado, des\u00e9chelo. La trampa se puede volver a utilizar.<br \/>\n3. Fije la tabla de pegamento del rat\u00f3n al suelo, si es necesario.<br \/>\n4. La trampa de pegamento est\u00e1 preparada con cebo, no es necesario colocar nada m\u00e1s en la trampa.<\/p>\n<p>Advertencia:<br \/>\n1. Mantenga a los ni\u00f1os y las mascotas alejados de la trampa de pegamento para ratones, ya que es una trampa de pegamento de alta viscosidad.<br \/>\n2. Use algod\u00f3n absorbente humedecido con queroseno o aceite comestible si se toca las manos u otras personas, luego l\u00e1vese con agua y jab\u00f3n.<br \/>\n3. Coloque la placa de pegamento en el lugar adecuado para evitar que un hombre o una mascota la pise durante la noche.<br \/>\n4. Fije la placa de pegamento en el suelo con adhesivo de doble cara para evitar que el mouse se mueva durante<br \/>\n5. Mant\u00e9ngase alejado del lugar donde est\u00e9 h\u00famedo para evitar la disminuci\u00f3n de la capacidad adhesiva.<\/p>\n","protected":false},"excerpt":{"rendered":"<p><a href=\"https:\/\/api.whatsapp.com\/send?phone=008613976116176\" rel=\"nofollow\"><img loading=\"lazy\" decoding=\"async\" class=\"aligncenter size-full wp-image-318\" src=\"https:\/\/www.mousegluetraps.top\/wp-content\/uploads\/2022\/05\/whatsapp-tous-300x93.png\" alt=\"Directamente en contacto con nosotros por Whatsapp\" width=\"300\" height=\"93\"><\/a><br \/>[ninja_form id=1]<\/p>\n","protected":false},"featured_media":661,"template":"","meta":{"_seopress_robots_primary_cat":"","_seopress_titles_title":"","_seopress_titles_desc":"","_seopress_robots_index":"","_seopress_analysis_target_kw":""},"product_brand":[],"product_cat":[64],"product_tag":[84,83,82],"class_list":{"0":"post-820","1":"product","2":"type-product","3":"status-publish","4":"has-post-thumbnail","6":"product_cat-trampa-de-pegamento-para-ratones","7":"product_tag-control-de-ratones-es","8":"product_tag-trampa-de-pegamento-para-ratas-es","9":"product_tag-trampas-de-pegamento-para-ratones-es","11":"first","12":"instock","13":"shipping-taxable","14":"product-type-simple"},"_links":{"self":[{"href":"https:\/\/www.mousegluetraps.top\/es\/wp-json\/wp\/v2\/product\/820","targetHints":{"allow":["GET"]}}],"collection":[{"href":"https:\/\/www.mousegluetraps.top\/es\/wp-json\/wp\/v2\/product"}],"about":[{"href":"https:\/\/www.mousegluetraps.top\/es\/wp-json\/wp\/v2\/types\/product"}],"wp:featuredmedia":[{"embeddable":true,"href":"https:\/\/www.mousegluetraps.top\/es\/wp-json\/wp\/v2\/media\/661"}],"wp:attachment":[{"href":"https:\/\/www.mousegluetraps.top\/es\/wp-json\/wp\/v2\/media?parent=820"}],"wp:term":[{"taxonomy":"product_brand","embeddable":true,"href":"https:\/\/www.mousegluetraps.top\/es\/wp-json\/wp\/v2\/product_brand?post=820"},{"taxonomy":"product_cat","embeddable":true,"href":"https:\/\/www.mousegluetraps.top\/es\/wp-json\/wp\/v2\/product_cat?post=820"},{"taxonomy":"product_tag","embeddable":true,"href":"https:\/\/www.mousegluetraps.top\/es\/wp-json\/wp\/v2\/product_tag?post=820"}],"curies":[{"name":"wp","href":"https:\/\/api.w.org\/{rel}","templated":true}]}}