{"id":768,"date":"2023-03-27T07:19:27","date_gmt":"2023-03-27T07:19:27","guid":{"rendered":"https:\/\/www.mousegluetraps.top\/shop\/venta-caliente-botella-de-plastico-cianoacrilato-502-super-glue-pegamento-colle\/"},"modified":"2023-07-20T03:36:57","modified_gmt":"2023-07-20T03:36:57","slug":"hot-sale-plastic-bottle-cyanoacrylate-502-super-glue-pegamento-colle","status":"publish","type":"product","link":"https:\/\/www.mousegluetraps.top\/es\/shop\/hot-sale-plastic-bottle-cyanoacrylate-502-super-glue-pegamento-colle\/","title":{"rendered":"Venta caliente botella de pl\u00e1stico cianoacrilato 502 Super Glue Pegamento Colle"},"content":{"rendered":"<p>Botella de pl\u00e1stico de venta caliente Cianoacrilato 502 Super Glue Pegamento Colle contiene m\u00e1s pegamento que el del tubo de aluminio. Puede pegar varios materiales como metal, caucho, pl\u00e1stico duro, cer\u00e1mica y vidrio r\u00e1pidamente a temperatura normal. Pueden ser ampliamente utilizados para la producci\u00f3n y reparaci\u00f3n en diversas industrias, como equipos el\u00e9ctricos, instrumentos, m\u00e1quinas y autom\u00f3viles, especialmente para la operaci\u00f3n optimizada industrializada.<\/p>\n<p>PRECAUCI\u00d3N AL UTILIZAR SUPER GLUE:<br \/>\n1: MANTENER FUERA DEL ALCANCE DE LOS NI\u00d1OS.<br \/>\n2: ADHESIVA A LA PIEL AL INSTANTE.<br \/>\n3: IRRITANTE PARA LOS OJOS Y LA PIEL.<\/p>\n<table style=\"height: 355px;\" width=\"667\">\n<tbody>\n<tr>\n<td width=\"159\">Tipo de tarjeta:<\/td>\n<td width=\"338\">Tarjeta gruesa<\/td>\n<\/tr>\n<tr>\n<td>Envase:<\/td>\n<td>Botella de pl\u00e1stico<\/td>\n<\/tr>\n<tr>\n<td>Nombre:<\/td>\n<td>Superpegamento de cianoacrilato<\/td>\n<\/tr>\n<tr>\n<td>Solicitud:<\/td>\n<td>De uso m\u00faltiple<\/td>\n<\/tr>\n<tr>\n<td>Viscosidad:<\/td>\n<td>3-5 cps<\/td>\n<\/tr>\n<tr>\n<td>Curing time:<\/td>\n<td>3-10 seconds<\/td>\n<\/tr>\n<tr>\n<td>CAS No.:<\/td>\n<td>7085-85-0<\/td>\n<\/tr>\n<tr>\n<td>EINECS No.:<\/td>\n<td>230-391-5<\/td>\n<\/tr>\n<tr>\n<td>Shelf Life:<\/td>\n<td>2 years<\/td>\n<\/tr>\n<\/tbody>\n<\/table>\n<p>TRATAMIENTO DE PRIMEROS AUXILIOS SUPER GLUE:<br \/>\n1: Contiene cianoacrilato.<br \/>\n2: Cualquier contacto con los ojos o los p\u00e1rpados, enjuague con agua durante 15 minutos, consulte a un m\u00e9dico<br \/>\ninmediatamente.<br \/>\n3: Uni\u00f3n de la piel: sumerja la piel en acetona o agua jabonosa tibia y sep\u00e1rela suavemente.<br \/>\n4: No fuerce la separaci\u00f3n.<br \/>\n5: No sumerja los p\u00e1rpados en acetona.<br \/>\n6: Si se ingiere, no provoque el v\u00f3mito y llame a un centro de control de envenenamiento o a un m\u00e9dico<br \/>\ninmediatamente.<\/p>\n","protected":false},"excerpt":{"rendered":"<p><a href=\"https:\/\/api.whatsapp.com\/send?phone=008613976116176\" rel=\"nofollow\"><img loading=\"lazy\" decoding=\"async\" class=\"aligncenter size-full wp-image-318\" src=\"https:\/\/www.mousegluetraps.top\/wp-content\/uploads\/2022\/05\/whatsapp-tous-300x93.png\" alt=\"Directamente en contacto con nosotros por Whatsapp\" width=\"300\" height=\"93\" \/><\/a>[ninja_form id=1]<\/p>\n","protected":false},"featured_media":759,"template":"","meta":{"_seopress_robots_primary_cat":"","_seopress_titles_title":"","_seopress_titles_desc":"","_seopress_robots_index":""},"product_brand":[],"product_cat":[61],"product_tag":[62],"class_list":{"0":"post-768","1":"product","2":"type-product","3":"status-publish","4":"has-post-thumbnail","6":"product_cat-super-pegamento","7":"product_tag-super-pegamento","9":"first","10":"instock","11":"shipping-taxable","12":"product-type-simple"},"_links":{"self":[{"href":"https:\/\/www.mousegluetraps.top\/es\/wp-json\/wp\/v2\/product\/768","targetHints":{"allow":["GET"]}}],"collection":[{"href":"https:\/\/www.mousegluetraps.top\/es\/wp-json\/wp\/v2\/product"}],"about":[{"href":"https:\/\/www.mousegluetraps.top\/es\/wp-json\/wp\/v2\/types\/product"}],"wp:featuredmedia":[{"embeddable":true,"href":"https:\/\/www.mousegluetraps.top\/es\/wp-json\/wp\/v2\/media\/759"}],"wp:attachment":[{"href":"https:\/\/www.mousegluetraps.top\/es\/wp-json\/wp\/v2\/media?parent=768"}],"wp:term":[{"taxonomy":"product_brand","embeddable":true,"href":"https:\/\/www.mousegluetraps.top\/es\/wp-json\/wp\/v2\/product_brand?post=768"},{"taxonomy":"product_cat","embeddable":true,"href":"https:\/\/www.mousegluetraps.top\/es\/wp-json\/wp\/v2\/product_cat?post=768"},{"taxonomy":"product_tag","embeddable":true,"href":"https:\/\/www.mousegluetraps.top\/es\/wp-json\/wp\/v2\/product_tag?post=768"}],"curies":[{"name":"wp","href":"https:\/\/api.w.org\/{rel}","templated":true}]}}