{"id":1073,"date":"2025-12-02T08:36:29","date_gmt":"2025-12-02T08:36:29","guid":{"rendered":"https:\/\/www.mousegluetraps.top\/shop\/lampara-led-repelente-de-succion-voladora-trampa-silenciosa-para-plagas-mini-matamosquitos\/"},"modified":"2025-12-02T08:36:29","modified_gmt":"2025-12-02T08:36:29","slug":"lampara-led-voladora-con-succion-repelente-trampa-silenciosa-para-plagas-y-mini-matamosquitos","status":"publish","type":"product","link":"https:\/\/www.mousegluetraps.top\/es\/shop\/lampara-led-voladora-con-succion-repelente-trampa-silenciosa-para-plagas-y-mini-matamosquitos\/","title":{"rendered":"L\u00e1mpara LED repelente de succi\u00f3n voladora, trampa silenciosa para plagas, mini matamosquitos"},"content":{"rendered":"<p><strong>L\u00e1mpara el\u00e9ctrica mata mosquitos al por mayor, trampa para mosquitos para interiores, l\u00e1mpara LED recargable, repelente de mosquitos.<\/strong><\/p>\n<p>Producto: L\u00e1mpara antimosquitos<br \/>\n\u00c1rea de aplicaci\u00f3n: 20 metros cuadrados<br \/>\nCaracter\u00edstica: Ecol\u00f3gica<br \/>\nFuente de alimentaci\u00f3n: El\u00e9ctrica<br \/>\nMaterial: ABS<br \/>\nPeso neto: 0,5 kg<br \/>\nUso: Control de insectos, granjas, hogares y per\u00edmetros<br \/>\nTiempo de uso: 120 horas<br \/>\nCargador: Recargable<br \/>\nTemporada: Todo el a\u00f1o<br \/>\nVentajas: Natural y ecol\u00f3gica<br \/>\nAlimentaci\u00f3n: 110-220 V <\/p>\n<p>1. La trampa para moscas antimosquitos con succi\u00f3n fuerte y silenciosa, luz solar LED ultravioleta, repelente de mosquitos, l\u00e1mpara gris para matar mosquitos es una soluci\u00f3n vers\u00e1til y ecol\u00f3gica para el control de mosquitos.<\/p>\n<p>2. Este producto para todas las estaciones y de alta calidad cuenta con una potente fuente de alimentaci\u00f3n el\u00e9ctrica de 110-220 V, capaz de matar mosquitos de manera silenciosa y eficiente en espacios cerrados de hasta 20 metros cuadrados de tama\u00f1o.<\/p>\n<p>3. La alta calidad es sin\u00f3nimo de durabilidad y resultados confiables en diversos entornos, incluidos hogares, granjas y per\u00edmetros, con una vida \u00fatil de 120 horas.<\/p>\n<p>4. Una ventaja de esta l\u00e1mpara antimosquitos es su estado s\u00f3lido, lo que la convierte en una opci\u00f3n duradera y confiable para juegos de 36 a 60 piezas sin necesidad de recargarse.<\/p>\n<p>5. Al utilizar una potente succi\u00f3n y m\u00e9todos naturales y ecol\u00f3gicos, este producto tiene una gran demanda y es una excelente opci\u00f3n para quienes buscan soluciones efectivas de control de plagas con electricidad para combatir mosquitos y otros insectos.<\/p>\n","protected":false},"excerpt":{"rendered":"<p>          <a href=\"https:\/\/api.whatsapp.com\/send?phone=008613976116176\" rel=\"nofollow\"><br \/>\n            <img loading=\"lazy\" decoding=\"async\" class=\"aligncenter size-full wp-image-318\" src=\"https:\/\/www.mousegluetraps.top\/wp-content\/uploads\/2022\/05\/whatsapp-tous-300x93.png\" alt=\"Directamente en contacto con nosotros por Whatsapp\" width=\"300\" height=\"93\"><br \/>\n          <\/a><\/p>\n[ninja_form id=\"1\"]\n","protected":false},"featured_media":1066,"template":"","meta":{"_seopress_robots_primary_cat":"none","_seopress_titles_title":"","_seopress_titles_desc":"","_seopress_robots_index":""},"product_brand":[],"product_cat":[127],"product_tag":[141],"class_list":{"0":"post-1073","1":"product","2":"type-product","3":"status-publish","4":"has-post-thumbnail","6":"product_cat-control-de-plagas","7":"product_tag-asesino-de-mosquitos","9":"first","10":"instock","11":"shipping-taxable","12":"product-type-simple"},"_links":{"self":[{"href":"https:\/\/www.mousegluetraps.top\/es\/wp-json\/wp\/v2\/product\/1073","targetHints":{"allow":["GET"]}}],"collection":[{"href":"https:\/\/www.mousegluetraps.top\/es\/wp-json\/wp\/v2\/product"}],"about":[{"href":"https:\/\/www.mousegluetraps.top\/es\/wp-json\/wp\/v2\/types\/product"}],"wp:featuredmedia":[{"embeddable":true,"href":"https:\/\/www.mousegluetraps.top\/es\/wp-json\/wp\/v2\/media\/1066"}],"wp:attachment":[{"href":"https:\/\/www.mousegluetraps.top\/es\/wp-json\/wp\/v2\/media?parent=1073"}],"wp:term":[{"taxonomy":"product_brand","embeddable":true,"href":"https:\/\/www.mousegluetraps.top\/es\/wp-json\/wp\/v2\/product_brand?post=1073"},{"taxonomy":"product_cat","embeddable":true,"href":"https:\/\/www.mousegluetraps.top\/es\/wp-json\/wp\/v2\/product_cat?post=1073"},{"taxonomy":"product_tag","embeddable":true,"href":"https:\/\/www.mousegluetraps.top\/es\/wp-json\/wp\/v2\/product_tag?post=1073"}],"curies":[{"name":"wp","href":"https:\/\/api.w.org\/{rel}","templated":true}]}}