{"id":1041,"date":"2025-12-02T02:15:01","date_gmt":"2025-12-02T02:15:01","guid":{"rendered":"https:\/\/www.mousegluetraps.top\/shop\/pegamento-fuerte-sin-clavos-silicona-vidrio-ms-pegamento-polimero-adhesivo-sellador\/"},"modified":"2025-12-02T02:15:01","modified_gmt":"2025-12-02T02:15:01","slug":"pegamento-fuerte-sin-clavos-silicona-vidrio-pegamento-ms-polimero-adhesivo-y-sellador","status":"publish","type":"product","link":"https:\/\/www.mousegluetraps.top\/es\/shop\/pegamento-fuerte-sin-clavos-silicona-vidrio-pegamento-ms-polimero-adhesivo-y-sellador\/","title":{"rendered":"Pegamento fuerte sin clavos Silicona Vidrio MS Pegamento Pol\u00edmero Adhesivo Sellador"},"content":{"rendered":"<p>Personalice 6 ml 12 ml 50 ml 120 ml Pegamento fuerte sin clavos Silicona Vidrio MS Pegamento Pol\u00edmero Adhesivo Sellador contiene m\u00e1s pegamento que el del tubo de aluminio. Puede pegar varios materiales como metal, caucho, pl\u00e1stico duro, cer\u00e1mica y vidrio r\u00e1pidamente a temperatura normal. Pueden ser ampliamente utilizados para la producci\u00f3n y reparaci\u00f3n en diversas industrias, como equipos el\u00e9ctricos, instrumentos, m\u00e1quinas y autom\u00f3viles, especialmente para la operaci\u00f3n optimizada industrializada.<\/p>\n<table class=\"has-title all magic-10\">\n<tbody>\n<tr>\n<td colspan=\"1\" rowspan=\"1\">\n<div class=\"magic-11\">Modelo n.\u00ba<\/div>\n<\/td>\n<td colspan=\"1\" rowspan=\"1\">\n<div class=\"magic-12\">Pegamento sin clavos<\/div>\n<\/td>\n<\/tr>\n<tr>\n<td colspan=\"1\" rowspan=\"1\">\n<div class=\"magic-11\">Contenido s\u00f3lido<\/div>\n<\/td>\n<td colspan=\"1\" rowspan=\"1\">\n<div class=\"magic-12\">65%<\/div>\n<\/td>\n<\/tr>\n<tr>\n<td colspan=\"1\" rowspan=\"1\">\n<div class=\"magic-11\">Despu\u00e9s del curado dureza<\/div>\n<\/td>\n<td colspan=\"1\" rowspan=\"1\">\n<div class=\"magic-12\">70-85B<\/div>\n<\/td>\n<\/tr>\n<tr>\n<td colspan=\"1\" rowspan=\"1\">\n<div class=\"magic-11\">concentraci\u00f3n\/viscosidad<\/div>\n<\/td>\n<td colspan=\"1\" rowspan=\"1\">\n<div class=\"magic-12\">4800mpa.s<\/div>\n<\/td>\n<\/tr>\n<tr>\n<td colspan=\"1\" rowspan=\"1\">\n<div class=\"magic-11\">Color<\/div>\n<\/td>\n<td colspan=\"1\" rowspan=\"1\">\n<div class=\"magic-12\">Pegamento blanco lechoso<\/div>\n<\/td>\n<\/tr>\n<tr>\n<td colspan=\"1\" rowspan=\"1\">\n<div class=\"magic-11\">Tiempo de secado de la superficie<\/div>\n<\/td>\n<td colspan=\"1\" rowspan=\"1\">\n<div class=\"magic-12\">2-5 minutos aproximadamente<\/div>\n<\/td>\n<\/tr>\n<tr>\n<td colspan=\"1\" rowspan=\"1\">\n<div class=\"magic-11\">Tiempo de curado completo<\/div>\n<\/td>\n<td colspan=\"1\" rowspan=\"1\">\n<div class=\"magic-12\">24 horas<\/div>\n<\/td>\n<\/tr>\n<tr>\n<td colspan=\"1\" rowspan=\"1\">\n<div class=\"magic-11\">Glial<\/div>\n<\/td>\n<td colspan=\"1\" rowspan=\"1\">\n<div class=\"magic-12\">Todo transparente, pegamento suave, resistencia media y alta.<\/div>\n<\/td>\n<\/tr>\n<tr>\n<td colspan=\"1\" rowspan=\"1\">\n<div class=\"magic-11\">Caracter\u00edsticas<\/div>\n<\/td>\n<td colspan=\"1\" rowspan=\"1\">\n<div class=\"magic-12\" data-spm-anchor-id=\"a2700.details-description.0.i2.27c9ac3Uac3UdW\">No amarillea, baja succi\u00f3n, poco olor. Nuevo tubo de cubierta, f\u00e1cil de usar. <\/div>\n<\/td>\n<\/tr>\n<\/tbody>\n<\/table>\n<h3 class=\"magic-6\"><span data-spm-anchor-id=\"a2700.details-description.0.i1.27c9ac3Uac3UdW\">Anillo de luz para selfies con tr\u00edpode<\/span><\/h3>\n<div class=\"magic-7\">\n<div class=\"magic-8\">\n<div class=\"magic-9\">\n<p>Nuestros productos tienen las siguientes ventajas:<\/p>\n<p>Pegamento sin clavos de 1,6 ml\/12 ml\/50 ml\/120 ml<\/p>\n<div>2. Buena viscosidad y durabilidad, impermeable y f\u00e1cil de usar.<\/div>\n<p>3. Adecuado para diversos materiales: exteriores e interiores, paredes, cer\u00e1mica, metal y madera. Por ejemplo, para cocinas, ba\u00f1os, accesorios de pared y para marcos de objetos. Sustituye la perforaci\u00f3n de tornillos.  <\/p>\n<\/div>\n<div class=\"magic-9\">\n<p>4. Caracter\u00edsticas: No amarillea, baja succi\u00f3n, bajo olor. Nuevo tubo de cubierta, f\u00e1cil de usar. <\/p>\n<div>Uso y precauciones 1. Lea las instrucciones antes de usar. Solo se puede usar en un ambiente bien ventilado. La superficie a unir debe estar limpia, seca y libre de polvo. Lije la superficie antes de usar para asegurar la resistencia de la uni\u00f3n. Puede usarse entre 10 \u00b0C y 32 \u00b0C. Es recomendable usarla entre 21 \u00b0C y 29 \u00b0C. Despu\u00e9s del curado, el rango de temperatura que soporta el pegamento es de -40 \u00b0C a 66 \u00b0C. Realice una prueba en una peque\u00f1a \u00e1rea antes de su uso oficial.      <\/div>\n<div><\/div>\n<div>2. Apl\u00edquelo directamente sobre la superficie a unir y presione firmemente. Despu\u00e9s de unos dos minutos, comenzar\u00e1 a espesar y se solidificar\u00e1 despu\u00e9s de 2 a 5 minutos. Para lograr una mayor resistencia, deje secar las piezas unidas durante 24 horas. A baja temperatura, el tiempo de curado se prolongar\u00e1, y a alta, se acortar\u00e1. Puede usar un secador de pelo el\u00e9ctrico de mano para acelerar el curado.    <\/div>\n<div>Puedes usar acetona o trementina para retirar el pegamento h\u00famedo. El material curado se puede cortar o raspar con una herramienta. <\/div>\n<div data-spm-anchor-id=\"a2700.details-description.0.i3.27c9ac3Uac3UdW\">4 Si se utiliza este adhesivo universal para unir tejidos, no los limpie en seco. 5 No se recomienda este adhesivo universal para unir espuma de poliestireno, poliestireno, polietileno ni pl\u00e1stico de polipropileno.  <b>M\u00e9todo de almacenamiento: Conservar a una temperatura de 10 a 27 Congelaci\u00f3n\/descongelaci\u00f3n: dejar que el producto alcance la temperatura ambiente antes de abrir la tapa.<\/b><\/div>\n<\/div>\n<\/div>\n<\/div>\n","protected":false},"excerpt":{"rendered":"<p><a href=\"https:\/\/api.whatsapp.com\/send?phone=008613976116176\" rel=\"nofollow\"><img loading=\"lazy\" decoding=\"async\" class=\"aligncenter size-full wp-image-318\" src=\"https:\/\/www.mousegluetraps.top\/wp-content\/uploads\/2022\/05\/whatsapp-tous-300x93.png\" alt=\"Directamente en contacto con nosotros por Whatsapp\" width=\"300\" height=\"93\"><\/a><br \/>\n[ninja_form id=\"1\"]<\/p>\n","protected":false},"featured_media":1031,"template":"","meta":{"_seopress_robots_primary_cat":"","_seopress_titles_title":"","_seopress_titles_desc":"","_seopress_robots_index":""},"product_brand":[],"product_cat":[61],"product_tag":[136,137],"class_list":{"0":"post-1041","1":"product","2":"type-product","3":"status-publish","4":"has-post-thumbnail","6":"product_cat-super-pegamento","7":"product_tag-ms-glue-es","8":"product_tag-pegamento-sin-clavos","10":"first","11":"instock","12":"shipping-taxable","13":"product-type-simple"},"_links":{"self":[{"href":"https:\/\/www.mousegluetraps.top\/es\/wp-json\/wp\/v2\/product\/1041","targetHints":{"allow":["GET"]}}],"collection":[{"href":"https:\/\/www.mousegluetraps.top\/es\/wp-json\/wp\/v2\/product"}],"about":[{"href":"https:\/\/www.mousegluetraps.top\/es\/wp-json\/wp\/v2\/types\/product"}],"wp:featuredmedia":[{"embeddable":true,"href":"https:\/\/www.mousegluetraps.top\/es\/wp-json\/wp\/v2\/media\/1031"}],"wp:attachment":[{"href":"https:\/\/www.mousegluetraps.top\/es\/wp-json\/wp\/v2\/media?parent=1041"}],"wp:term":[{"taxonomy":"product_brand","embeddable":true,"href":"https:\/\/www.mousegluetraps.top\/es\/wp-json\/wp\/v2\/product_brand?post=1041"},{"taxonomy":"product_cat","embeddable":true,"href":"https:\/\/www.mousegluetraps.top\/es\/wp-json\/wp\/v2\/product_cat?post=1041"},{"taxonomy":"product_tag","embeddable":true,"href":"https:\/\/www.mousegluetraps.top\/es\/wp-json\/wp\/v2\/product_tag?post=1041"}],"curies":[{"name":"wp","href":"https:\/\/api.w.org\/{rel}","templated":true}]}}